{"id":15,"date":"2025-04-09T10:36:30","date_gmt":"2025-04-09T10:36:30","guid":{"rendered":"https:\/\/lihapk.com\/?page_id=15"},"modified":"2025-04-09T10:36:32","modified_gmt":"2025-04-09T10:36:32","slug":"privacy-policy","status":"publish","type":"page","link":"https:\/\/lihapk.com\/da\/privacy-policy\/","title":{"rendered":"Privatlivspolitik"},"content":{"rendered":"<p>Dit privatliv er vigtigt for os. Det er lihapks politik at respektere dit privatliv i forbindelse med alle oplysninger, vi m\u00e5tte indsamle fra dig p\u00e5 tv\u00e6rs af vores hjemmeside. <a href=\"https:\/\/lihapk.com\/da\/\">lihapk<\/a>og andre websteder, vi ejer og driver.<\/p>\n\n\n\n<p>Vi beder kun om personlige oplysninger, n\u00e5r vi virkelig har brug for dem for at kunne levere en service til dig. Vi indsamler dem p\u00e5 retf\u00e6rdig og lovlig vis med din viden og dit samtykke. Vi informerer dig ogs\u00e5 om, hvorfor vi indsamler dem, og hvordan de vil blive brugt.<\/p>\n\n\n\n<p>Vi opbevarer kun indsamlede oplysninger, s\u00e5 l\u00e6nge det er n\u00f8dvendigt for at levere den service, du har anmodet om. De data, vi opbevarer, beskytter vi inden for kommercielt acceptable midler for at forhindre tab og tyveri samt uautoriseret adgang, videregivelse, kopiering, brug eller \u00e6ndring.<\/p>\n\n\n\n<p>Vi deler ikke personligt identificerbare oplysninger offentligt eller med tredjeparter, undtagen n\u00e5r det er p\u00e5kr\u00e6vet ved lov.<\/p>\n\n\n\n<p>Vores hjemmeside kan linke til eksterne sider, som ikke drives af os. V\u00e6r opm\u00e6rksom p\u00e5, at vi ikke har nogen kontrol over indholdet og praksis p\u00e5 disse sider, og vi kan ikke p\u00e5tage os ansvar for deres respektive privatlivspolitikker.<\/p>\n\n\n\n<p>Du er velkommen til at afvise vores anmodning om dine personlige oplysninger, med den forst\u00e5else, at vi muligvis ikke kan levere nogle af de tjenester, du \u00f8nsker.<\/p>\n\n\n\n<p>Din fortsatte brug af vores hjemmeside vil blive betragtet som accept af vores praksis omkring privatliv og personlige oplysninger. Hvis du har sp\u00f8rgsm\u00e5l om, hvordan vi h\u00e5ndterer brugerdata og personlige oplysninger, er du velkommen til at kontakte os.<\/p>\n\n\n\n<h2 class=\"wp-block-heading\">Cookiepolitik for lihapk<\/h2>\n\n\n\n<p>Dette er cookiepolitikken for lihapk, tilg\u00e6ngelig fra URL&#039;en https:\/\/lihapk.com\/.<\/p>\n\n\n\n<h3 class=\"wp-block-heading\">Hvad er cookies<\/h3>\n\n\n\n<p>Som det er almindelig praksis med n\u00e6sten alle professionelle websteder, bruger dette websted cookies, som er sm\u00e5 filer, der downloades til din computer for at forbedre din oplevelse. Denne side beskriver, hvilke oplysninger de indsamler, hvordan vi bruger dem, og hvorfor vi nogle gange er n\u00f8dt til at gemme disse cookies. Vi vil ogs\u00e5 dele, hvordan du kan forhindre, at disse cookies gemmes, men dette kan nedgradere eller \u00f8del\u00e6gge visse elementer af webstedets funktionalitet.<\/p>\n\n\n\n<h3 class=\"wp-block-heading\">S\u00e5dan bruger vi cookies<\/h3>\n\n\n\n<p>Vi bruger cookies af en r\u00e6kke \u00e5rsager, der er beskrevet nedenfor. Desv\u00e6rre er der i de fleste tilf\u00e6lde ingen branchestandardmuligheder for at deaktivere cookies uden helt at deaktivere den funktionalitet og de funktioner, de tilf\u00f8jer til dette websted. Det anbefales, at du lader alle cookies v\u00e6re aktiveret, hvis du ikke er sikker p\u00e5, om du har brug for dem eller ej, i tilf\u00e6lde af at de bruges til at levere en tjeneste, du bruger.<\/p>\n\n\n\n<h3 class=\"wp-block-heading\">Deaktivering af cookies<\/h3>\n\n\n\n<p>Du kan forhindre brugen af cookies ved at justere indstillingerne i din browser (se din browsers hj\u00e6lp for at f\u00e5 oplysninger om, hvordan du g\u00f8r dette). V\u00e6r opm\u00e6rksom p\u00e5, at deaktivering af cookies vil p\u00e5virke funktionaliteten af dette og mange andre websteder, du bes\u00f8ger. Deaktivering af cookies vil normalt ogs\u00e5 resultere i deaktivering af visse funktioner og funktioner p\u00e5 dette websted. Derfor anbefales det, at du ikke deaktiverer cookies.<\/p>\n\n\n\n<h3 class=\"wp-block-heading\">De cookies, vi s\u00e6tter<\/h3>\n\n\n\n<h3 class=\"wp-block-heading\">Tredjepartscookies<\/h3>\n\n\n\n<p>I nogle s\u00e6rlige tilf\u00e6lde bruger vi ogs\u00e5 cookies leveret af betroede tredjeparter. F\u00f8lgende afsnit beskriver, hvilke tredjepartscookies du kan st\u00f8de p\u00e5 via dette websted.<\/p>\n\n\n\n<ul class=\"wp-block-list\">\n<li>Den Google AdSense-tjeneste, vi bruger til at vise annoncer, bruger en DoubleClick-cookie til at vise mere relevante annoncer p\u00e5 tv\u00e6rs af nettet og begr\u00e6nse antallet af gange, en given annonce vises til dig.<\/li>\n\n\n\n<li>For mere information om Google AdSense, se de officielle ofte stillede sp\u00f8rgsm\u00e5l om privatliv i Google AdSense.<\/li>\n\n\n\n<li>Vi bruger annoncer til at udligne omkostningerne ved at drive dette websted og finansiere videreudvikling. De adf\u00e6rdsbaserede annonceringscookies, der bruges af dette websted, er designet til at sikre, at vi giver dig de mest relevante annoncer, hvor det er muligt, ved anonymt at spore dine interesser og pr\u00e6sentere lignende ting, der kan v\u00e6re af interesse.<\/li>\n\n\n\n<li>Adskillige partnere annoncerer p\u00e5 vores vegne, og affiliate tracking cookies giver os blot mulighed for at se, om vores kunder er kommet til webstedet via en af vores partnersider, s\u00e5 vi kan kreditere dem korrekt og, hvor det er relevant, give vores affiliate partnere mulighed for at give dig enhver bonus, de m\u00e5tte give dig for at foretage et k\u00f8b.<\/li>\n<\/ul>\n\n\n\n<h3 class=\"wp-block-heading\">Brugerens ansvar<\/h3>\n\n\n\n<p>Brugeren p\u00e5tager sig ansvaret for at anvende indholdet og informationerne p\u00e5 webstedet p\u00e5 passende vis med udtalende, men ikke imiterende, adf\u00e6rd:<\/p>\n\n\n\n<ul class=\"wp-block-list\">\n<li>A) Ikke at deltage i aktiviteter, der er ulovlige eller i strid med god tro og offentlig orden;<\/li>\n\n\n\n<li>B) Ikke at sprede propaganda eller indhold af racistisk, fremmedfjendsk eller hasardspilm\u00e6ssig karakter, nogen form for ulovlig pornografi, terroranklagelser eller p\u00e5stande om menneskerettigheder;<\/li>\n\n\n\n<li>C) For\u00e5rsage ikke skade p\u00e5 fysiske systemer (hardware) og uopn\u00e5elige (software) tilh\u00f8rende lihapk, dets leverand\u00f8rer eller tredjeparter, for at introducere eller sprede computervirusser eller andre hardware- eller softwaresystemer, der er i stand til at for\u00e5rsage skade p\u00e5 de tidligere n\u00e6vnte.<\/li>\n<\/ul>\n\n\n\n<h3 class=\"wp-block-heading\">Mere information<\/h3>\n\n\n\n<p>Forh\u00e5bentlig har det afklaret tingene for dig, og som tidligere n\u00e6vnt, hvis der er noget, du ikke er sikker p\u00e5, om du har brug for eller ej, er det normalt sikrere at lade cookies v\u00e6re aktiveret, i tilf\u00e6lde af at de interagerer med en af de funktioner, du bruger p\u00e5 vores hjemmeside.<\/p>\n\n\n\n<p>Denne politik tr\u00e6der i kraft den 9. april 2025 kl. 10:35.<\/p>","protected":false},"excerpt":{"rendered":"<p>Your privacy is important to us. It is lihapk&#8217;s policy to respect your privacy regarding any information we may collect [&hellip;]<\/p>\n","protected":false},"author":1,"featured_media":0,"parent":0,"menu_order":0,"comment_status":"closed","ping_status":"closed","template":"","meta":{"site-sidebar-layout":"default","site-content-layout":"","ast-site-content-layout":"","site-content-style":"default","site-sidebar-style":"default","ast-global-header-display":"","ast-banner-title-visibility":"","ast-main-header-display":"","ast-hfb-above-header-display":"","ast-hfb-below-header-display":"","ast-hfb-mobile-header-display":"","site-post-title":"","ast-breadcrumbs-content":"","ast-featured-img":"","footer-sml-layout":"","theme-transparent-header-meta":"","adv-header-id-meta":"","stick-header-meta":"","header-above-stick-meta":"","header-main-stick-meta":"","header-below-stick-meta":"","astra-migrate-meta-layouts":"default","ast-page-background-enabled":"default","ast-page-background-meta":{"desktop":{"background-color":"var(--ast-global-color-4)","background-image":"","background-repeat":"repeat","background-position":"center center","background-size":"auto","background-attachment":"scroll","background-type":"","background-media":"","overlay-type":"","overlay-color":"","overlay-opacity":"","overlay-gradient":""},"tablet":{"background-color":"","background-image":"","background-repeat":"repeat","background-position":"center center","background-size":"auto","background-attachment":"scroll","background-type":"","background-media":"","overlay-type":"","overlay-color":"","overlay-opacity":"","overlay-gradient":""},"mobile":{"background-color":"","background-image":"","background-repeat":"repeat","background-position":"center center","background-size":"auto","background-attachment":"scroll","background-type":"","background-media":"","overlay-type":"","overlay-color":"","overlay-opacity":"","overlay-gradient":""}},"ast-content-background-meta":{"desktop":{"background-color":"var(--ast-global-color-5)","background-image":"","background-repeat":"repeat","background-position":"center center","background-size":"auto","background-attachment":"scroll","background-type":"","background-media":"","overlay-type":"","overlay-color":"","overlay-opacity":"","overlay-gradient":""},"tablet":{"background-color":"var(--ast-global-color-5)","background-image":"","background-repeat":"repeat","background-position":"center center","background-size":"auto","background-attachment":"scroll","background-type":"","background-media":"","overlay-type":"","overlay-color":"","overlay-opacity":"","overlay-gradient":""},"mobile":{"background-color":"var(--ast-global-color-5)","background-image":"","background-repeat":"repeat","background-position":"center center","background-size":"auto","background-attachment":"scroll","background-type":"","background-media":"","overlay-type":"","overlay-color":"","overlay-opacity":"","overlay-gradient":""}},"footnotes":""},"class_list":["post-15","page","type-page","status-publish","hentry"],"_links":{"self":[{"href":"https:\/\/lihapk.com\/da\/wp-json\/wp\/v2\/pages\/15","targetHints":{"allow":["GET"]}}],"collection":[{"href":"https:\/\/lihapk.com\/da\/wp-json\/wp\/v2\/pages"}],"about":[{"href":"https:\/\/lihapk.com\/da\/wp-json\/wp\/v2\/types\/page"}],"author":[{"embeddable":true,"href":"https:\/\/lihapk.com\/da\/wp-json\/wp\/v2\/users\/1"}],"replies":[{"embeddable":true,"href":"https:\/\/lihapk.com\/da\/wp-json\/wp\/v2\/comments?post=15"}],"version-history":[{"count":1,"href":"https:\/\/lihapk.com\/da\/wp-json\/wp\/v2\/pages\/15\/revisions"}],"predecessor-version":[{"id":16,"href":"https:\/\/lihapk.com\/da\/wp-json\/wp\/v2\/pages\/15\/revisions\/16"}],"wp:attachment":[{"href":"https:\/\/lihapk.com\/da\/wp-json\/wp\/v2\/media?parent=15"}],"curies":[{"name":"wp","href":"https:\/\/api.w.org\/{rel}","templated":true}]}}