{"id":17,"date":"2025-04-09T10:37:14","date_gmt":"2025-04-09T10:37:14","guid":{"rendered":"https:\/\/lihapk.com\/?page_id=17"},"modified":"2025-04-09T10:37:16","modified_gmt":"2025-04-09T10:37:16","slug":"terms-of-service","status":"publish","type":"page","link":"https:\/\/lihapk.com\/da\/terms-of-service\/","title":{"rendered":"Servicevilk\u00e5r"},"content":{"rendered":"<h3 class=\"wp-block-heading\">1. Vilk\u00e5r<\/h3>\n\n\n\n<p>Ved at tilg\u00e5 hjemmesiden p\u00e5 <a href=\"https:\/\/lihapk.com\/da\/\">lihapk<\/a> Du accepterer at v\u00e6re bundet af disse servicevilk\u00e5r, alle g\u00e6ldende love og bestemmelser, og accepterer, at du er ansvarlig for overholdelse af g\u00e6ldende lokale love. Hvis du ikke accepterer nogen af disse vilk\u00e5r, er det forbudt for dig at bruge eller tilg\u00e5 dette websted. Materialerne p\u00e5 dette websted er beskyttet af g\u00e6ldende ophavsrets- og varem\u00e6rkelovgivning.<\/p>\n\n\n\n<h3 class=\"wp-block-heading\">2. Brug licens<\/h3>\n\n\n\n<ol class=\"wp-block-list\">\n<li>Der gives tilladelse til midlertidigt at downloade \u00e9n kopi af materialerne (information eller software) p\u00e5 lihapks hjemmeside til personlig, ikke-kommerciel og midlertidig visning. Dette er tildeling af en licens, ikke en overdragelse af ejendomsret, og under denne licens m\u00e5 du ikke:<\/li>\n\n\n\n<li>\u00e6ndre eller kopiere materialerne;<\/li>\n\n\n\n<li>bruge materialerne til kommercielle form\u00e5l eller til offentlig fremvisning (kommerciel eller ikke-kommerciel);<\/li>\n\n\n\n<li>fors\u00f8ge at dekompilere eller reverse engineere software p\u00e5 lihapk-webstedet;<\/li>\n\n\n\n<li>fjerne enhver ophavsretslig eller anden propriet\u00e6r bem\u00e6rkning fra materialerne; eller<\/li>\n\n\n\n<li>overf\u00f8re materialerne til en anden person eller &#039;spejle&#039; materialerne p\u00e5 en anden server.<\/li>\n\n\n\n<li>Denne licens oph\u00f8rer automatisk, hvis du overtr\u00e6der nogen af disse begr\u00e6nsninger, og kan til enhver tid opsiges af lihapk. N\u00e5r du oph\u00f8rer med at se disse materialer, eller n\u00e5r denne licens oph\u00f8rer, skal du destruere alt downloadet materiale, du er i besiddelse af, uanset om det er i elektronisk eller trykt format.<\/li>\n<\/ol>\n\n\n\n<h3 class=\"wp-block-heading\">3. Ansvarsfraskrivelse<\/h3>\n\n\n\n<ol class=\"wp-block-list\">\n<li>Materialerne p\u00e5 lihapks hjemmeside leveres &quot;som de er&quot;. lihapk giver ingen garantier, hverken udtrykkelige eller underforst\u00e5ede, og fraskriver sig hermed alle andre garantier, herunder, uden begr\u00e6nsning, underforst\u00e5ede garantier eller betingelser for salgbarhed, egnethed til et bestemt form\u00e5l eller ikke-kr\u00e6nkelse af intellektuel ejendomsret eller anden kr\u00e6nkelse af rettigheder.<\/li>\n\n\n\n<li>Derudover garanterer eller frems\u00e6tter lihapk ingen erkl\u00e6ringer vedr\u00f8rende n\u00f8jagtigheden, sandsynlige resultater eller p\u00e5lideligheden af brugen af materialerne p\u00e5 sit websted eller p\u00e5 anden m\u00e5de relateret til s\u00e5danne materialer eller p\u00e5 websteder, der er linket til dette websted.<\/li>\n<\/ol>\n\n\n\n<h3 class=\"wp-block-heading\">4. Begr\u00e6nsninger<\/h3>\n\n\n\n<p>Lihapk eller dets leverand\u00f8rer er under ingen omst\u00e6ndigheder ansvarlige for skader (herunder, uden begr\u00e6nsning, skader for tab af data eller fortjeneste eller p\u00e5 grund af driftsafbrydelse), der opst\u00e5r som f\u00f8lge af brugen eller manglende evne til at bruge materialerne p\u00e5 lihapks hjemmeside, selvom lihapk eller en autoriseret repr\u00e6sentant fra lihapk er blevet underrettet mundtligt eller skriftligt om muligheden for s\u00e5dan skade. Da nogle jurisdiktioner ikke tillader begr\u00e6nsninger af implicitte garantier eller begr\u00e6nsninger af ansvar for f\u00f8lgeskader eller h\u00e6ndelige skader, g\u00e6lder disse begr\u00e6nsninger muligvis ikke for dig.<\/p>\n\n\n\n<h3 class=\"wp-block-heading\">5. Materialernes n\u00f8jagtighed<\/h3>\n\n\n\n<p>Materialerne p\u00e5 lihapks hjemmeside kan indeholde tekniske, typografiske eller fotografiske fejl. lihapk garanterer ikke, at materialerne p\u00e5 hjemmesiden er n\u00f8jagtige, fuldst\u00e6ndige eller aktuelle. lihapk kan til enhver tid foretage \u00e6ndringer i materialerne p\u00e5 hjemmesiden uden varsel. lihapk forpligter sig dog ikke til at opdatere materialerne.<\/p>\n\n\n\n<h3 class=\"wp-block-heading\">6. Links<\/h3>\n\n\n\n<p>lihapk har ikke gennemg\u00e5et alle de websteder, der linkes til, og er ikke ansvarlig for indholdet af s\u00e5danne linkede websteder. Medtagelsen af et link indeb\u00e6rer ikke, at lihapk godkender webstedet. Brug af s\u00e5danne linkede websteder sker p\u00e5 brugerens eget ansvar.<\/p>\n\n\n\n<h3 class=\"wp-block-heading\">7. \u00c6ndringer<\/h3>\n\n\n\n<p>lihapk kan til enhver tid revidere disse servicevilk\u00e5r for sit websted uden varsel. Ved at bruge dette websted accepterer du at v\u00e6re bundet af den til enhver tid g\u00e6ldende version af disse servicevilk\u00e5r.<\/p>\n\n\n\n<h3 class=\"wp-block-heading\">8. G\u00e6ldende lov<\/h3>\n\n\n\n<p>Disse vilk\u00e5r og betingelser er underlagt og fortolkes i overensstemmelse med lovgivningen i Lihapk, og du underkaster dig uigenkaldeligt domstolenes eksklusive jurisdiktion i den p\u00e5g\u00e6ldende stat eller p\u00e5 det p\u00e5g\u00e6ldende sted.<\/p>","protected":false},"excerpt":{"rendered":"<p>1. Terms By accessing the website at lihapk you are agreeing to be bound by these terms of service, all [&hellip;]<\/p>\n","protected":false},"author":1,"featured_media":0,"parent":0,"menu_order":0,"comment_status":"closed","ping_status":"closed","template":"","meta":{"site-sidebar-layout":"default","site-content-layout":"","ast-site-content-layout":"","site-content-style":"default","site-sidebar-style":"default","ast-global-header-display":"","ast-banner-title-visibility":"","ast-main-header-display":"","ast-hfb-above-header-display":"","ast-hfb-below-header-display":"","ast-hfb-mobile-header-display":"","site-post-title":"","ast-breadcrumbs-content":"","ast-featured-img":"","footer-sml-layout":"","theme-transparent-header-meta":"","adv-header-id-meta":"","stick-header-meta":"","header-above-stick-meta":"","header-main-stick-meta":"","header-below-stick-meta":"","astra-migrate-meta-layouts":"default","ast-page-background-enabled":"default","ast-page-background-meta":{"desktop":{"background-color":"var(--ast-global-color-4)","background-image":"","background-repeat":"repeat","background-position":"center center","background-size":"auto","background-attachment":"scroll","background-type":"","background-media":"","overlay-type":"","overlay-color":"","overlay-opacity":"","overlay-gradient":""},"tablet":{"background-color":"","background-image":"","background-repeat":"repeat","background-position":"center center","background-size":"auto","background-attachment":"scroll","background-type":"","background-media":"","overlay-type":"","overlay-color":"","overlay-opacity":"","overlay-gradient":""},"mobile":{"background-color":"","background-image":"","background-repeat":"repeat","background-position":"center center","background-size":"auto","background-attachment":"scroll","background-type":"","background-media":"","overlay-type":"","overlay-color":"","overlay-opacity":"","overlay-gradient":""}},"ast-content-background-meta":{"desktop":{"background-color":"var(--ast-global-color-5)","background-image":"","background-repeat":"repeat","background-position":"center center","background-size":"auto","background-attachment":"scroll","background-type":"","background-media":"","overlay-type":"","overlay-color":"","overlay-opacity":"","overlay-gradient":""},"tablet":{"background-color":"var(--ast-global-color-5)","background-image":"","background-repeat":"repeat","background-position":"center center","background-size":"auto","background-attachment":"scroll","background-type":"","background-media":"","overlay-type":"","overlay-color":"","overlay-opacity":"","overlay-gradient":""},"mobile":{"background-color":"var(--ast-global-color-5)","background-image":"","background-repeat":"repeat","background-position":"center center","background-size":"auto","background-attachment":"scroll","background-type":"","background-media":"","overlay-type":"","overlay-color":"","overlay-opacity":"","overlay-gradient":""}},"footnotes":""},"class_list":["post-17","page","type-page","status-publish","hentry"],"_links":{"self":[{"href":"https:\/\/lihapk.com\/da\/wp-json\/wp\/v2\/pages\/17","targetHints":{"allow":["GET"]}}],"collection":[{"href":"https:\/\/lihapk.com\/da\/wp-json\/wp\/v2\/pages"}],"about":[{"href":"https:\/\/lihapk.com\/da\/wp-json\/wp\/v2\/types\/page"}],"author":[{"embeddable":true,"href":"https:\/\/lihapk.com\/da\/wp-json\/wp\/v2\/users\/1"}],"replies":[{"embeddable":true,"href":"https:\/\/lihapk.com\/da\/wp-json\/wp\/v2\/comments?post=17"}],"version-history":[{"count":1,"href":"https:\/\/lihapk.com\/da\/wp-json\/wp\/v2\/pages\/17\/revisions"}],"predecessor-version":[{"id":18,"href":"https:\/\/lihapk.com\/da\/wp-json\/wp\/v2\/pages\/17\/revisions\/18"}],"wp:attachment":[{"href":"https:\/\/lihapk.com\/da\/wp-json\/wp\/v2\/media?parent=17"}],"curies":[{"name":"wp","href":"https:\/\/api.w.org\/{rel}","templated":true}]}}