{"id":81,"date":"2025-05-26T10:01:23","date_gmt":"2025-05-26T10:01:23","guid":{"rendered":"https:\/\/lihapk.com\/?page_id=81"},"modified":"2025-05-26T10:01:25","modified_gmt":"2025-05-26T10:01:25","slug":"about-us","status":"publish","type":"page","link":"https:\/\/lihapk.com\/da\/about-us\/","title":{"rendered":"Om os"},"content":{"rendered":"<p>Velkommen til <strong>Lihapk.com<\/strong> \u2014 din foretrukne destination for kurateret indhold, trending stories og engagerende indsigter fra hele verden.<\/p>\n\n\n\n<p>P\u00e5 <strong>Lihapk<\/strong>, vi specialiserer os i at levere hurtige, relevante og engagerende indholdsoplevelser p\u00e5 tv\u00e6rs af en bred vifte af kategorier, herunder livsstil, underholdning, sundhed, teknologi og meget mere. Vores m\u00e5l er at forenkle den m\u00e5de, folk f\u00e5r adgang til nyttig information online, samtidig med at vi skaber en problemfri brugeroplevelse, der er optimeret til alle enheder.<\/p>\n\n\n\n<p>Vi samarbejder med et netv\u00e6rk af f\u00f8rsteklasses mediepartnere og reklameplatforme for at sikre, at vores brugere f\u00e5r adgang til artikler af h\u00f8j kvalitet, der underst\u00f8ttes af ikke-p\u00e5tr\u00e6ngende, relevant reklame. Ved at udnytte data, teknologi og publikumsindsigt udvikler vores platform sig konstant for at bringe det rigtige indhold til de rigtige mennesker p\u00e5 det rigtige tidspunkt.<\/p>\n\n\n\n<h3 class=\"wp-block-heading\">Hvad g\u00f8r os anderledes?<\/h3>\n\n\n\n<ul class=\"wp-block-list\">\n<li>\ud83e\udde0 <strong>Smart indholdsstrategi<\/strong>Vi udv\u00e6lger historier baseret p\u00e5 datatendenser og brugerengagement, ikke tilf\u00e6ldige g\u00e6tterier.<\/li>\n\n\n\n<li>\u26a1 <strong>Hurtigt indl\u00e6sende sider<\/strong>Optimeret til hastighed for at reducere afvisningsprocenten og forbedre brugeroplevelsen.<\/li>\n\n\n\n<li>\ud83c\udfaf <strong>Relevant monetisering<\/strong>Vi samarbejder med f\u00f8rende annonceplatforme for at sikre, at indholdsmonetisering respekterer brugernes tillid og l\u00e6sbarhed.<\/li>\n<\/ul>\n\n\n\n<p>Uanset om du er landet her fra et opslag p\u00e5 sociale medier, et nyhedsfeed eller en af vores partnersider \u2013 er vi glade for, at du er her.<\/p>\n\n\n\n<p>Tak for bes\u00f8get <strong>Lihapk.com<\/strong>.<\/p>\n\n\n\n<blockquote class=\"wp-block-quote is-layout-flow wp-block-quote-is-layout-flow\">\n<p>Vil du i kontakt med os? Bes\u00f8g vores <a>Kontaktside<\/a> eller kontakt via e-mail p\u00e5: <strong><a>contact@lihapk.com<\/a><\/strong><\/p>\n<\/blockquote>","protected":false},"excerpt":{"rendered":"<p>Welcome to Lihapk.com \u2014 your go-to destination for curated content, trending stories, and high-engagement insights from around the world. At [&hellip;]<\/p>\n","protected":false},"author":1,"featured_media":0,"parent":0,"menu_order":0,"comment_status":"closed","ping_status":"closed","template":"","meta":{"site-sidebar-layout":"default","site-content-layout":"","ast-site-content-layout":"","site-content-style":"default","site-sidebar-style":"default","ast-global-header-display":"","ast-banner-title-visibility":"","ast-main-header-display":"","ast-hfb-above-header-display":"","ast-hfb-below-header-display":"","ast-hfb-mobile-header-display":"","site-post-title":"","ast-breadcrumbs-content":"","ast-featured-img":"","footer-sml-layout":"","theme-transparent-header-meta":"","adv-header-id-meta":"","stick-header-meta":"","header-above-stick-meta":"","header-main-stick-meta":"","header-below-stick-meta":"","astra-migrate-meta-layouts":"default","ast-page-background-enabled":"default","ast-page-background-meta":{"desktop":{"background-color":"var(--ast-global-color-4)","background-image":"","background-repeat":"repeat","background-position":"center center","background-size":"auto","background-attachment":"scroll","background-type":"","background-media":"","overlay-type":"","overlay-color":"","overlay-opacity":"","overlay-gradient":""},"tablet":{"background-color":"","background-image":"","background-repeat":"repeat","background-position":"center center","background-size":"auto","background-attachment":"scroll","background-type":"","background-media":"","overlay-type":"","overlay-color":"","overlay-opacity":"","overlay-gradient":""},"mobile":{"background-color":"","background-image":"","background-repeat":"repeat","background-position":"center center","background-size":"auto","background-attachment":"scroll","background-type":"","background-media":"","overlay-type":"","overlay-color":"","overlay-opacity":"","overlay-gradient":""}},"ast-content-background-meta":{"desktop":{"background-color":"var(--ast-global-color-5)","background-image":"","background-repeat":"repeat","background-position":"center center","background-size":"auto","background-attachment":"scroll","background-type":"","background-media":"","overlay-type":"","overlay-color":"","overlay-opacity":"","overlay-gradient":""},"tablet":{"background-color":"var(--ast-global-color-5)","background-image":"","background-repeat":"repeat","background-position":"center center","background-size":"auto","background-attachment":"scroll","background-type":"","background-media":"","overlay-type":"","overlay-color":"","overlay-opacity":"","overlay-gradient":""},"mobile":{"background-color":"var(--ast-global-color-5)","background-image":"","background-repeat":"repeat","background-position":"center center","background-size":"auto","background-attachment":"scroll","background-type":"","background-media":"","overlay-type":"","overlay-color":"","overlay-opacity":"","overlay-gradient":""}},"footnotes":""},"class_list":["post-81","page","type-page","status-publish","hentry"],"_links":{"self":[{"href":"https:\/\/lihapk.com\/da\/wp-json\/wp\/v2\/pages\/81","targetHints":{"allow":["GET"]}}],"collection":[{"href":"https:\/\/lihapk.com\/da\/wp-json\/wp\/v2\/pages"}],"about":[{"href":"https:\/\/lihapk.com\/da\/wp-json\/wp\/v2\/types\/page"}],"author":[{"embeddable":true,"href":"https:\/\/lihapk.com\/da\/wp-json\/wp\/v2\/users\/1"}],"replies":[{"embeddable":true,"href":"https:\/\/lihapk.com\/da\/wp-json\/wp\/v2\/comments?post=81"}],"version-history":[{"count":1,"href":"https:\/\/lihapk.com\/da\/wp-json\/wp\/v2\/pages\/81\/revisions"}],"predecessor-version":[{"id":82,"href":"https:\/\/lihapk.com\/da\/wp-json\/wp\/v2\/pages\/81\/revisions\/82"}],"wp:attachment":[{"href":"https:\/\/lihapk.com\/da\/wp-json\/wp\/v2\/media?parent=81"}],"curies":[{"name":"wp","href":"https:\/\/api.w.org\/{rel}","templated":true}]}}