{"id":83,"date":"2025-05-26T10:04:05","date_gmt":"2025-05-26T10:04:05","guid":{"rendered":"https:\/\/lihapk.com\/?page_id=83"},"modified":"2025-05-26T10:04:07","modified_gmt":"2025-05-26T10:04:07","slug":"cookie-policy","status":"publish","type":"page","link":"https:\/\/lihapk.com\/da\/cookie-policy\/","title":{"rendered":"Cookiepolitik"},"content":{"rendered":"<p>Denne cookiepolitik forklarer hvordan <strong>Lihapk.com<\/strong> (&#8220;<strong>vi<\/strong>&#8220;, &#8220;<strong>vores<\/strong>&quot;, eller &quot;<strong>Hjemmesiden<\/strong>\u201c) bruger cookies og lignende sporingsteknologier til at genkende bes\u00f8gende, forst\u00e5 deres pr\u00e6ferencer og forbedre browseroplevelsen p\u00e5 tv\u00e6rs af vores platform.<\/p>\n\n\n\n<p>Denne politik b\u00f8r l\u00e6ses i sammenh\u00e6ng med vores <a>Privatlivspolitik<\/a>.<\/p>\n\n\n\n<hr class=\"wp-block-separator has-alpha-channel-opacity\"\/>\n\n\n\n<h3 class=\"wp-block-heading\"><strong>1. Hvad er cookies?<\/strong><\/h3>\n\n\n\n<p>Cookies er sm\u00e5 tekstfiler, der placeres p\u00e5 din enhed af websteder, du bes\u00f8ger. De bruges i vid udstr\u00e6kning til at sikre, at websteder fungerer korrekt, forbedre effektiviteten, give statistiske oplysninger til webstedsejere og levere personlige oplevelser, herunder reklamer.<\/p>\n\n\n\n<hr class=\"wp-block-separator has-alpha-channel-opacity\"\/>\n\n\n\n<h3 class=\"wp-block-heading\"><strong>2. Typer af cookies vi bruger<\/strong><\/h3>\n\n\n\n<p>Vi bruger f\u00f8lgende kategorier af cookies:<\/p>\n\n\n\n<h4 class=\"wp-block-heading\"><strong>2.1 Strengt n\u00f8dvendige cookies<\/strong><\/h4>\n\n\n\n<p>Disse cookies er afg\u00f8rende for driften af vores hjemmeside. De muligg\u00f8r grundl\u00e6ggende funktioner s\u00e5som sidenavigation, sessionsstyring og sikkerhedsfunktioner.<\/p>\n\n\n\n<h4 class=\"wp-block-heading\"><strong>2.2 Ydelses- og analysecookies<\/strong><\/h4>\n\n\n\n<p>Disse cookies giver os mulighed for at indsamle anonymiserede data om, hvordan bes\u00f8gende interagerer med vores hjemmeside. Vi bruger tjenester som f.eks. <strong>Google Analytics<\/strong> at overv\u00e5ge trafikkilder, afvisningsprocenter, tid p\u00e5 siden og enhedstyper.<\/p>\n\n\n\n<h4 class=\"wp-block-heading\"><strong>2.3 Funktionelle cookies<\/strong><\/h4>\n\n\n\n<p>Disse cookies muligg\u00f8r forbedret funktionalitet og personalisering, s\u00e5som at huske brugerpr\u00e6ferencer eller tidligere bes\u00f8gte sider.<\/p>\n\n\n\n<h4 class=\"wp-block-heading\"><strong>2.4 Reklame- og m\u00e5lretningscookies<\/strong><\/h4>\n\n\n\n<p>Vi samarbejder med tredjeparts reklameplatforme, som f.eks. <strong>Google Annonceadministrator<\/strong>, <strong>AdSense<\/strong>, og <strong>programmatiske udvekslinger<\/strong>, som kan indstille cookies til at levere skr\u00e6ddersyede annoncer, begr\u00e6nse gentagne annoncer og m\u00e5le effektiviteten af kampagner.<\/p>\n\n\n\n<p>Disse cookies kan spore din browseradf\u00e6rd p\u00e5 tv\u00e6rs af websteder.<\/p>\n\n\n\n<hr class=\"wp-block-separator has-alpha-channel-opacity\"\/>\n\n\n\n<h3 class=\"wp-block-heading\"><strong>3. Tredjepartscookies<\/strong><\/h3>\n\n\n\n<p>Tredjepartscookies kan blive indstillet af dom\u00e6ner, der ikke drives af os. Disse omfatter:<\/p>\n\n\n\n<ul class=\"wp-block-list\">\n<li><strong>Google (DoubleClick\/AdSense\/GA4)<\/strong><\/li>\n\n\n\n<li><strong>JoinAds eller tilknyttede SSP&#039;er\/DSP&#039;er<\/strong><\/li>\n\n\n\n<li><strong>Analyseplatforme og v\u00e6rkt\u00f8jer til samtykkeh\u00e5ndtering<\/strong><\/li>\n<\/ul>\n\n\n\n<p>Hver tredjepart er ansvarlig for sine egne cookiepraksisser, som er underlagt deres respektive privatlivspolitikker.<\/p>\n\n\n\n<hr class=\"wp-block-separator has-alpha-channel-opacity\"\/>\n\n\n\n<h3 class=\"wp-block-heading\"><strong>4. Retsgrundlag for behandling (overholdelse af GDPR)<\/strong><\/h3>\n\n\n\n<p>I henhold til den generelle forordning om databeskyttelse (GDPR) behandler vi kun ikke-essentielle cookies efter at have indhentet dit udtrykkelige samtykke via en <strong>cookiebanner eller samtykkeh\u00e5ndteringsplatform (CMP)<\/strong>.<\/p>\n\n\n\n<p>For brugere i EU\/E\u00d8S:<\/p>\n\n\n\n<ul class=\"wp-block-list\">\n<li>N\u00f8dvendige cookies er som standard indstillet.<\/li>\n\n\n\n<li>Ikke-essentielle cookies (reklame, analyse) aktiveres kun efter samtykke.<\/li>\n<\/ul>\n\n\n\n<hr class=\"wp-block-separator has-alpha-channel-opacity\"\/>\n\n\n\n<h3 class=\"wp-block-heading\"><strong>5. Administration af dine cookiepr\u00e6ferencer<\/strong><\/h3>\n\n\n\n<p>Du kan kontrollere og administrere cookies p\u00e5 flere m\u00e5der:<\/p>\n\n\n\n<ul class=\"wp-block-list\">\n<li><strong>Browserindstillinger<\/strong>De fleste browsere giver dig mulighed for at blokere eller slette cookies via indstillinger.<\/li>\n\n\n\n<li><strong>V\u00e6rkt\u00f8jer til framelding<\/strong>:\n<ul class=\"wp-block-list\">\n<li><a class=\"\" href=\"https:\/\/adssettings.google.com\">Google Annonceindstillinger<\/a><\/li>\n\n\n\n<li><a>Netv\u00e6rksannonceringsinitiativ (NAI)<\/a><\/li>\n\n\n\n<li><a>DineAnnoncevalg<\/a><\/li>\n<\/ul>\n<\/li>\n<\/ul>\n\n\n\n<p>Bem\u00e6rk venligst, at deaktivering af cookies kan forringe webstedets funktionalitet.<\/p>\n\n\n\n<hr class=\"wp-block-separator has-alpha-channel-opacity\"\/>\n\n\n\n<h3 class=\"wp-block-heading\"><strong>6. Indbyggere i Californien (CCPA-meddelelse)<\/strong><\/h3>\n\n\n\n<p>Hvis du er bosiddende i Californien, har du ret til at frav\u00e6lge salg af dine personoplysninger, herunder cookies, der bruges til m\u00e5lrettet annoncering. Du kan ud\u00f8ve denne ret ved at klikke p\u00e5 linket &quot;S\u00e6lg ikke mine personlige oplysninger&quot;, der findes i sidefoden p\u00e5 vores hjemmeside, eller ved at kontakte os direkte.<\/p>\n\n\n\n<hr class=\"wp-block-separator has-alpha-channel-opacity\"\/>\n\n\n\n<h3 class=\"wp-block-heading\"><strong>7. Opdateringer af denne cookiepolitik<\/strong><\/h3>\n\n\n\n<p>Vi kan opdatere denne cookiepolitik fra tid til anden for at afspejle \u00e6ndringer i lovgivning, teknologi eller vores praksis. Alle opdateringer vil blive offentliggjort p\u00e5 denne side med en revideret &quot;Sidst opdateret&quot;-dato.<\/p>\n\n\n\n<hr class=\"wp-block-separator has-alpha-channel-opacity\"\/>\n\n\n\n<h3 class=\"wp-block-heading\"><strong>8. Kontaktoplysninger<\/strong><\/h3>\n\n\n\n<p>Hvis du har sp\u00f8rgsm\u00e5l vedr\u00f8rende denne cookiepolitik eller vores databehandlingspraksis, bedes du kontakte os:<\/p>\n\n\n\n<p>\ud83d\udce7 <strong>E-mail<\/strong>: <a>contact@lihapk.com<\/a><br>\ud83c\udf10 <strong>Hjemmeside<\/strong>: <a class=\"\" href=\"https:\/\/lihapk.com\/da\/\">https:\/\/lihapk.com<\/a><\/p>","protected":false},"excerpt":{"rendered":"<p>This Cookie Policy explains how Lihapk.com (&#8220;we&#8220;, &#8220;our&#8220;, or &#8220;the Website&#8220;) uses cookies and similar tracking technologies to recognize visitors, [&hellip;]<\/p>\n","protected":false},"author":1,"featured_media":0,"parent":0,"menu_order":0,"comment_status":"closed","ping_status":"closed","template":"","meta":{"site-sidebar-layout":"default","site-content-layout":"","ast-site-content-layout":"","site-content-style":"default","site-sidebar-style":"default","ast-global-header-display":"","ast-banner-title-visibility":"","ast-main-header-display":"","ast-hfb-above-header-display":"","ast-hfb-below-header-display":"","ast-hfb-mobile-header-display":"","site-post-title":"","ast-breadcrumbs-content":"","ast-featured-img":"","footer-sml-layout":"","theme-transparent-header-meta":"","adv-header-id-meta":"","stick-header-meta":"","header-above-stick-meta":"","header-main-stick-meta":"","header-below-stick-meta":"","astra-migrate-meta-layouts":"default","ast-page-background-enabled":"default","ast-page-background-meta":{"desktop":{"background-color":"var(--ast-global-color-4)","background-image":"","background-repeat":"repeat","background-position":"center center","background-size":"auto","background-attachment":"scroll","background-type":"","background-media":"","overlay-type":"","overlay-color":"","overlay-opacity":"","overlay-gradient":""},"tablet":{"background-color":"","background-image":"","background-repeat":"repeat","background-position":"center center","background-size":"auto","background-attachment":"scroll","background-type":"","background-media":"","overlay-type":"","overlay-color":"","overlay-opacity":"","overlay-gradient":""},"mobile":{"background-color":"","background-image":"","background-repeat":"repeat","background-position":"center center","background-size":"auto","background-attachment":"scroll","background-type":"","background-media":"","overlay-type":"","overlay-color":"","overlay-opacity":"","overlay-gradient":""}},"ast-content-background-meta":{"desktop":{"background-color":"var(--ast-global-color-5)","background-image":"","background-repeat":"repeat","background-position":"center center","background-size":"auto","background-attachment":"scroll","background-type":"","background-media":"","overlay-type":"","overlay-color":"","overlay-opacity":"","overlay-gradient":""},"tablet":{"background-color":"var(--ast-global-color-5)","background-image":"","background-repeat":"repeat","background-position":"center center","background-size":"auto","background-attachment":"scroll","background-type":"","background-media":"","overlay-type":"","overlay-color":"","overlay-opacity":"","overlay-gradient":""},"mobile":{"background-color":"var(--ast-global-color-5)","background-image":"","background-repeat":"repeat","background-position":"center center","background-size":"auto","background-attachment":"scroll","background-type":"","background-media":"","overlay-type":"","overlay-color":"","overlay-opacity":"","overlay-gradient":""}},"footnotes":""},"class_list":["post-83","page","type-page","status-publish","hentry"],"_links":{"self":[{"href":"https:\/\/lihapk.com\/da\/wp-json\/wp\/v2\/pages\/83","targetHints":{"allow":["GET"]}}],"collection":[{"href":"https:\/\/lihapk.com\/da\/wp-json\/wp\/v2\/pages"}],"about":[{"href":"https:\/\/lihapk.com\/da\/wp-json\/wp\/v2\/types\/page"}],"author":[{"embeddable":true,"href":"https:\/\/lihapk.com\/da\/wp-json\/wp\/v2\/users\/1"}],"replies":[{"embeddable":true,"href":"https:\/\/lihapk.com\/da\/wp-json\/wp\/v2\/comments?post=83"}],"version-history":[{"count":1,"href":"https:\/\/lihapk.com\/da\/wp-json\/wp\/v2\/pages\/83\/revisions"}],"predecessor-version":[{"id":84,"href":"https:\/\/lihapk.com\/da\/wp-json\/wp\/v2\/pages\/83\/revisions\/84"}],"wp:attachment":[{"href":"https:\/\/lihapk.com\/da\/wp-json\/wp\/v2\/media?parent=83"}],"curies":[{"name":"wp","href":"https:\/\/api.w.org\/{rel}","templated":true}]}}