{"id":15,"date":"2025-04-09T10:36:30","date_gmt":"2025-04-09T10:36:30","guid":{"rendered":"https:\/\/lihapk.com\/?page_id=15"},"modified":"2025-04-09T10:36:32","modified_gmt":"2025-04-09T10:36:32","slug":"privacy-policy","status":"publish","type":"page","link":"https:\/\/lihapk.com\/de\/privacy-policy\/","title":{"rendered":"Datenschutzrichtlinie"},"content":{"rendered":"<p>Ihre Privatsph\u00e4re ist uns wichtig. Es ist die Politik von lihapk, Ihre Privatsph\u00e4re in Bezug auf alle Informationen zu respektieren, die wir \u00fcber unsere Website von Ihnen sammeln. <a href=\"https:\/\/lihapk.com\/de\/\">lihapk<\/a>, und andere Websites, die wir besitzen und betreiben.<\/p>\n\n\n\n<p>Wir fragen nur dann nach personenbezogenen Daten, wenn wir diese wirklich ben\u00f6tigen, um Ihnen einen Service zu bieten. Wir erheben diese Daten auf faire und rechtm\u00e4\u00dfige Weise, mit Ihrem Wissen und Ihrer Zustimmung. Wir informieren Sie auch dar\u00fcber, warum wir diese Daten erheben und wie wir sie verwenden.<\/p>\n\n\n\n<p>Wir speichern die erhobenen Daten nur so lange, wie es f\u00fcr die Bereitstellung des gew\u00fcnschten Dienstes erforderlich ist. Die von uns gespeicherten Daten sch\u00fctzen wir mit kommerziell vertretbaren Mitteln, um Verlust und Diebstahl sowie unbefugten Zugriff, Weitergabe, Vervielf\u00e4ltigung, Nutzung oder \u00c4nderung zu verhindern.<\/p>\n\n\n\n<p>Wir geben keine personenbezogenen Daten \u00f6ffentlich oder an Dritte weiter, es sei denn, wir sind gesetzlich dazu verpflichtet.<\/p>\n\n\n\n<p>Unsere Website kann Links zu externen Websites enthalten, die nicht von uns betrieben werden. Bitte beachten Sie, dass wir keinen Einfluss auf den Inhalt und die Praktiken dieser Websites haben und keine Verantwortung oder Haftung f\u00fcr deren jeweilige Datenschutzrichtlinien \u00fcbernehmen.<\/p>\n\n\n\n<p>Es steht Ihnen frei, unsere Anfrage nach Ihren pers\u00f6nlichen Daten abzulehnen, wobei wir Ihnen jedoch m\u00f6glicherweise einige der von Ihnen gew\u00fcnschten Dienste nicht zur Verf\u00fcgung stellen k\u00f6nnen.<\/p>\n\n\n\n<p>Ihre fortgesetzte Nutzung unserer Website gilt als Zustimmung zu unseren Datenschutzpraktiken und personenbezogenen Daten. Bei Fragen zum Umgang mit Benutzerdaten und personenbezogenen Daten k\u00f6nnen Sie sich gerne an uns wenden.<\/p>\n\n\n\n<h2 class=\"wp-block-heading\">Cookie-Richtlinie f\u00fcr lihapk<\/h2>\n\n\n\n<p>Dies ist die Cookie-Richtlinie f\u00fcr lihapk, zug\u00e4nglich \u00fcber die URL https:\/\/lihapk.com\/.<\/p>\n\n\n\n<h3 class=\"wp-block-heading\">Was sind Cookies<\/h3>\n\n\n\n<p>Wie bei fast allen professionellen Websites \u00fcblich, verwendet diese Website Cookies. Dabei handelt es sich um kleine Dateien, die auf Ihren Computer heruntergeladen werden, um Ihr Erlebnis zu verbessern. Auf dieser Seite wird beschrieben, welche Informationen sie sammeln, wie wir sie verwenden und warum wir diese Cookies manchmal speichern m\u00fcssen. Wir erkl\u00e4ren Ihnen auch, wie Sie die Speicherung dieser Cookies verhindern k\u00f6nnen. Dies kann jedoch zu einer Beeintr\u00e4chtigung oder gar Nichtverf\u00fcgbarkeit bestimmter Elemente der Website f\u00fchren.<\/p>\n\n\n\n<h3 class=\"wp-block-heading\">Wie wir Cookies verwenden<\/h3>\n\n\n\n<p>Wir verwenden Cookies aus verschiedenen Gr\u00fcnden, die im Folgenden n\u00e4her erl\u00e4utert werden. Leider gibt es in den meisten F\u00e4llen keine branchen\u00fcblichen Optionen zum Deaktivieren von Cookies, ohne die Funktionalit\u00e4t und die Funktionen, die sie dieser Website hinzuf\u00fcgen, vollst\u00e4ndig zu deaktivieren. Es wird empfohlen, alle Cookies aktiviert zu lassen, wenn Sie nicht sicher sind, ob Sie sie ben\u00f6tigen oder nicht, falls sie zur Bereitstellung eines von Ihnen genutzten Dienstes verwendet werden.<\/p>\n\n\n\n<h3 class=\"wp-block-heading\">Cookies deaktivieren<\/h3>\n\n\n\n<p>Sie k\u00f6nnen das Setzen von Cookies verhindern, indem Sie die Einstellungen Ihres Browsers anpassen (Informationen hierzu finden Sie in der Hilfefunktion Ihres Browsers). Beachten Sie, dass die Deaktivierung von Cookies die Funktionalit\u00e4t dieser und vieler anderer von Ihnen besuchter Websites beeintr\u00e4chtigt. Die Deaktivierung von Cookies f\u00fchrt in der Regel auch zur Deaktivierung bestimmter Funktionen und Merkmale dieser Website. Es wird daher empfohlen, Cookies nicht zu deaktivieren.<\/p>\n\n\n\n<h3 class=\"wp-block-heading\">Die von uns gesetzten Cookies<\/h3>\n\n\n\n<h3 class=\"wp-block-heading\">Cookies von Drittanbietern<\/h3>\n\n\n\n<p>In einigen Sonderf\u00e4llen verwenden wir auch Cookies von vertrauensw\u00fcrdigen Drittanbietern. Im folgenden Abschnitt erfahren Sie, welche Drittanbieter-Cookies Ihnen auf dieser Website begegnen k\u00f6nnen.<\/p>\n\n\n\n<ul class=\"wp-block-list\">\n<li>Der von uns zur Schaltung von Werbung verwendete Google AdSense-Dienst verwendet ein DoubleClick-Cookie, um im gesamten Web relevantere Anzeigen zu schalten und die H\u00e4ufigkeit zu begrenzen, mit der Ihnen eine bestimmte Anzeige angezeigt wird.<\/li>\n\n\n\n<li>Weitere Informationen zu Google AdSense finden Sie in den offiziellen Datenschutz-FAQs von Google AdSense.<\/li>\n\n\n\n<li>Wir nutzen Anzeigen, um die Kosten f\u00fcr den Betrieb dieser Website zu decken und die weitere Entwicklung zu finanzieren. Die von dieser Website verwendeten Cookies f\u00fcr verhaltensbasierte Werbung sollen sicherstellen, dass wir Ihnen m\u00f6glichst relevante Anzeigen pr\u00e4sentieren, indem wir Ihre Interessen anonym verfolgen und Ihnen \u00e4hnliche Dinge pr\u00e4sentieren, die f\u00fcr Sie von Interesse sein k\u00f6nnten.<\/li>\n\n\n\n<li>Mehrere Partner werben in unserem Namen und mithilfe von Affiliate-Tracking-Cookies k\u00f6nnen wir einfach feststellen, ob unsere Kunden \u00fcber eine unserer Partner-Sites auf die Site gelangt sind, sodass wir ihnen die entsprechenden Gutschriften zukommen lassen und unseren Affiliate-Partnern gegebenenfalls erm\u00f6glichen k\u00f6nnen, Ihnen einen Bonus zu gew\u00e4hren, den sie Ihnen f\u00fcr einen Kauf gew\u00e4hren.<\/li>\n<\/ul>\n\n\n\n<h3 class=\"wp-block-heading\">Pflichten des Benutzers<\/h3>\n\n\n\n<p>Der Benutzer \u00fcbernimmt die Verantwortung f\u00fcr einen angemessenen Gebrauch der auf der Website angebotenen Inhalte und Informationen durch ein ausdr\u00fcckliches, jedoch nicht nachahmendes Verhalten:<\/p>\n\n\n\n<ul class=\"wp-block-list\">\n<li>A) sich nicht an Aktivit\u00e4ten zu beteiligen, die illegal sind oder gegen Treu und Glauben und die \u00f6ffentliche Ordnung versto\u00dfen;<\/li>\n\n\n\n<li>B) Keine Propaganda oder Inhalte rassistischer, fremdenfeindlicher oder gl\u00fccksspielbezogener Natur, jeglicher Art illegaler Pornografie, terroristischer Behauptungen oder gegen die Menschenrechte zu verbreiten;<\/li>\n\n\n\n<li>C) Verursachen Sie keine Sch\u00e4den an physischen Systemen (Hardware) und unerreichbaren Systemen (Software) von lihapk, seinen Lieferanten oder Dritten, und f\u00fchren Sie keine Computerviren oder andere Hardware- oder Softwaresysteme ein oder verbreiten Sie diese, die in der Lage sind, die oben genannten Sch\u00e4den zu verursachen.<\/li>\n<\/ul>\n\n\n\n<h3 class=\"wp-block-heading\">Weitere Informationen<\/h3>\n\n\n\n<p>Hoffentlich hat dies die Dinge f\u00fcr Sie gekl\u00e4rt. Und wie bereits erw\u00e4hnt, ist es normalerweise sicherer, Cookies aktiviert zu lassen, falls Sie sich nicht sicher sind, ob Sie etwas ben\u00f6tigen oder nicht, f\u00fcr den Fall, dass es mit einer der Funktionen interagiert, die Sie auf unserer Site verwenden.<\/p>\n\n\n\n<p>Diese Richtlinie tritt am 9. April 2025 um 10:35 Uhr in Kraft.<\/p>","protected":false},"excerpt":{"rendered":"<p>Your privacy is important to us. It is lihapk&#8217;s policy to respect your privacy regarding any information we may collect [&hellip;]<\/p>\n","protected":false},"author":1,"featured_media":0,"parent":0,"menu_order":0,"comment_status":"closed","ping_status":"closed","template":"","meta":{"site-sidebar-layout":"default","site-content-layout":"","ast-site-content-layout":"","site-content-style":"default","site-sidebar-style":"default","ast-global-header-display":"","ast-banner-title-visibility":"","ast-main-header-display":"","ast-hfb-above-header-display":"","ast-hfb-below-header-display":"","ast-hfb-mobile-header-display":"","site-post-title":"","ast-breadcrumbs-content":"","ast-featured-img":"","footer-sml-layout":"","theme-transparent-header-meta":"","adv-header-id-meta":"","stick-header-meta":"","header-above-stick-meta":"","header-main-stick-meta":"","header-below-stick-meta":"","astra-migrate-meta-layouts":"default","ast-page-background-enabled":"default","ast-page-background-meta":{"desktop":{"background-color":"var(--ast-global-color-4)","background-image":"","background-repeat":"repeat","background-position":"center center","background-size":"auto","background-attachment":"scroll","background-type":"","background-media":"","overlay-type":"","overlay-color":"","overlay-opacity":"","overlay-gradient":""},"tablet":{"background-color":"","background-image":"","background-repeat":"repeat","background-position":"center center","background-size":"auto","background-attachment":"scroll","background-type":"","background-media":"","overlay-type":"","overlay-color":"","overlay-opacity":"","overlay-gradient":""},"mobile":{"background-color":"","background-image":"","background-repeat":"repeat","background-position":"center center","background-size":"auto","background-attachment":"scroll","background-type":"","background-media":"","overlay-type":"","overlay-color":"","overlay-opacity":"","overlay-gradient":""}},"ast-content-background-meta":{"desktop":{"background-color":"var(--ast-global-color-5)","background-image":"","background-repeat":"repeat","background-position":"center center","background-size":"auto","background-attachment":"scroll","background-type":"","background-media":"","overlay-type":"","overlay-color":"","overlay-opacity":"","overlay-gradient":""},"tablet":{"background-color":"var(--ast-global-color-5)","background-image":"","background-repeat":"repeat","background-position":"center center","background-size":"auto","background-attachment":"scroll","background-type":"","background-media":"","overlay-type":"","overlay-color":"","overlay-opacity":"","overlay-gradient":""},"mobile":{"background-color":"var(--ast-global-color-5)","background-image":"","background-repeat":"repeat","background-position":"center center","background-size":"auto","background-attachment":"scroll","background-type":"","background-media":"","overlay-type":"","overlay-color":"","overlay-opacity":"","overlay-gradient":""}},"footnotes":""},"class_list":["post-15","page","type-page","status-publish","hentry"],"_links":{"self":[{"href":"https:\/\/lihapk.com\/de\/wp-json\/wp\/v2\/pages\/15","targetHints":{"allow":["GET"]}}],"collection":[{"href":"https:\/\/lihapk.com\/de\/wp-json\/wp\/v2\/pages"}],"about":[{"href":"https:\/\/lihapk.com\/de\/wp-json\/wp\/v2\/types\/page"}],"author":[{"embeddable":true,"href":"https:\/\/lihapk.com\/de\/wp-json\/wp\/v2\/users\/1"}],"replies":[{"embeddable":true,"href":"https:\/\/lihapk.com\/de\/wp-json\/wp\/v2\/comments?post=15"}],"version-history":[{"count":1,"href":"https:\/\/lihapk.com\/de\/wp-json\/wp\/v2\/pages\/15\/revisions"}],"predecessor-version":[{"id":16,"href":"https:\/\/lihapk.com\/de\/wp-json\/wp\/v2\/pages\/15\/revisions\/16"}],"wp:attachment":[{"href":"https:\/\/lihapk.com\/de\/wp-json\/wp\/v2\/media?parent=15"}],"curies":[{"name":"wp","href":"https:\/\/api.w.org\/{rel}","templated":true}]}}