{"id":17,"date":"2025-04-09T10:37:14","date_gmt":"2025-04-09T10:37:14","guid":{"rendered":"https:\/\/lihapk.com\/?page_id=17"},"modified":"2025-04-09T10:37:16","modified_gmt":"2025-04-09T10:37:16","slug":"terms-of-service","status":"publish","type":"page","link":"https:\/\/lihapk.com\/de\/terms-of-service\/","title":{"rendered":"Servicebedingungen"},"content":{"rendered":"<h3 class=\"wp-block-heading\">1. Bedingungen<\/h3>\n\n\n\n<p>Durch den Zugriff auf die Website unter <a href=\"https:\/\/lihapk.com\/de\/\">lihapk<\/a> Sie erkl\u00e4ren sich mit diesen Servicebedingungen sowie allen geltenden Gesetzen und Vorschriften einverstanden und sind f\u00fcr die Einhaltung aller geltenden lokalen Gesetze verantwortlich. Sollten Sie mit diesen Bedingungen nicht einverstanden sein, ist Ihnen die Nutzung und der Zugriff auf diese Website untersagt. Die auf dieser Website enthaltenen Materialien sind durch geltendes Urheber- und Markenrecht gesch\u00fctzt.<\/p>\n\n\n\n<h3 class=\"wp-block-heading\">2. Nutzungslizenz<\/h3>\n\n\n\n<ol class=\"wp-block-list\">\n<li>Es wird die Erlaubnis erteilt, vor\u00fcbergehend eine Kopie der Materialien (Informationen oder Software) auf der lihapk-Website herunterzuladen, und zwar ausschlie\u00dflich f\u00fcr den pers\u00f6nlichen, nicht kommerziellen Gebrauch. Es handelt sich um die Erteilung einer Lizenz, nicht um eine \u00dcbertragung des Eigentums. Im Rahmen dieser Lizenz d\u00fcrfen Sie nicht:<\/li>\n\n\n\n<li>die Materialien zu ver\u00e4ndern oder zu kopieren;<\/li>\n\n\n\n<li>die Materialien f\u00fcr kommerzielle Zwecke oder f\u00fcr eine \u00f6ffentliche Darstellung (kommerziell oder nicht kommerziell) zu verwenden;<\/li>\n\n\n\n<li>versuchen, die auf der Lihapk-Website enthaltene Software zu dekompilieren oder zur\u00fcckzuentwickeln;<\/li>\n\n\n\n<li>jegliche Urheberrechts- oder sonstige Eigentumsvermerke aus den Materialien entfernen; oder<\/li>\n\n\n\n<li>die Materialien an eine andere Person \u00fcbertragen oder die Materialien auf einem anderen Server \u201espiegeln\u201c.<\/li>\n\n\n\n<li>Diese Lizenz erlischt automatisch, wenn Sie gegen eine dieser Einschr\u00e4nkungen versto\u00dfen, und kann von lihapk jederzeit gek\u00fcndigt werden. Nach Beendigung der Nutzung dieser Materialien oder nach Ablauf dieser Lizenz sind Sie verpflichtet, s\u00e4mtliche heruntergeladenen Materialien in Ihrem Besitz zu vernichten, unabh\u00e4ngig davon, ob sie in elektronischer oder gedruckter Form vorliegen.<\/li>\n<\/ol>\n\n\n\n<h3 class=\"wp-block-heading\">3. Haftungsausschluss<\/h3>\n\n\n\n<ol class=\"wp-block-list\">\n<li>Die Materialien auf der Website von lihapk werden \u201ewie besehen\u201c bereitgestellt. lihapk \u00fcbernimmt keine ausdr\u00fccklichen oder stillschweigenden Garantien und schlie\u00dft hiermit alle anderen Garantien aus, einschlie\u00dflich, aber nicht beschr\u00e4nkt auf stillschweigende Garantien oder Bedingungen der Marktg\u00e4ngigkeit, Eignung f\u00fcr einen bestimmten Zweck oder Nichtverletzung von geistigem Eigentum oder andere Rechtsverletzungen.<\/li>\n\n\n\n<li>Dar\u00fcber hinaus \u00fcbernimmt lihapk keine Garantie oder Zusicherung hinsichtlich der Genauigkeit, der wahrscheinlichen Ergebnisse oder der Zuverl\u00e4ssigkeit der Verwendung der Materialien auf seiner Website oder in sonstiger Weise in Bezug auf solche Materialien oder auf Websites, die mit dieser Website verlinkt sind.<\/li>\n<\/ol>\n\n\n\n<h3 class=\"wp-block-heading\">4. Einschr\u00e4nkungen<\/h3>\n\n\n\n<p>lihapk oder seine Lieferanten haften in keinem Fall f\u00fcr Sch\u00e4den (einschlie\u00dflich, aber nicht beschr\u00e4nkt auf Sch\u00e4den durch Datenverlust, entgangenen Gewinn oder Betriebsunterbrechung), die aus der Nutzung oder der Unm\u00f6glichkeit der Nutzung der Materialien auf der lihapk-Website entstehen, selbst wenn lihapk oder ein autorisierter Vertreter von lihapk m\u00fcndlich oder schriftlich auf die M\u00f6glichkeit solcher Sch\u00e4den hingewiesen wurde. Da in einigen Rechtsr\u00e4umen Beschr\u00e4nkungen stillschweigender Garantien oder Haftungsbeschr\u00e4nkungen f\u00fcr Folge- oder Nebensch\u00e4den nicht zul\u00e4ssig sind, gelten diese Beschr\u00e4nkungen m\u00f6glicherweise nicht f\u00fcr Sie.<\/p>\n\n\n\n<h3 class=\"wp-block-heading\">5. Genauigkeit der Materialien<\/h3>\n\n\n\n<p>Die auf der Website von lihapk ver\u00f6ffentlichten Inhalte k\u00f6nnen technische, typografische oder fotografische Fehler enthalten. lihapk \u00fcbernimmt keine Gew\u00e4hr f\u00fcr die Richtigkeit, Vollst\u00e4ndigkeit und Aktualit\u00e4t der Inhalte. lihapk beh\u00e4lt sich das Recht vor, die Inhalte jederzeit und ohne Vorank\u00fcndigung zu \u00e4ndern. lihapk verpflichtet sich jedoch nicht zur Aktualisierung der Inhalte.<\/p>\n\n\n\n<h3 class=\"wp-block-heading\">6. Links<\/h3>\n\n\n\n<p>lihapk hat nicht alle mit seiner Website verlinkten Seiten \u00fcberpr\u00fcft und ist nicht f\u00fcr deren Inhalte verantwortlich. Die Bereitstellung eines Links bedeutet nicht, dass lihapk die Inhalte der verlinkten Seiten unterst\u00fctzt. Die Nutzung verlinkter Websites erfolgt auf eigene Gefahr des Nutzers.<\/p>\n\n\n\n<h3 class=\"wp-block-heading\">7. \u00c4nderungen<\/h3>\n\n\n\n<p>lihapk kann diese Nutzungsbedingungen f\u00fcr seine Website jederzeit und ohne Vorank\u00fcndigung \u00e4ndern. Durch die Nutzung dieser Website erkl\u00e4ren Sie sich mit der jeweils aktuellen Version dieser Nutzungsbedingungen einverstanden.<\/p>\n\n\n\n<h3 class=\"wp-block-heading\">8. Geltendes Recht<\/h3>\n\n\n\n<p>Diese Gesch\u00e4ftsbedingungen unterliegen den Gesetzen von lihapk und werden in \u00dcbereinstimmung mit diesen ausgelegt. Sie unterwerfen sich unwiderruflich der ausschlie\u00dflichen Zust\u00e4ndigkeit der Gerichte in diesem Staat oder an diesem Ort.<\/p>","protected":false},"excerpt":{"rendered":"<p>1. Terms By accessing the website at lihapk you are agreeing to be bound by these terms of service, all [&hellip;]<\/p>\n","protected":false},"author":1,"featured_media":0,"parent":0,"menu_order":0,"comment_status":"closed","ping_status":"closed","template":"","meta":{"site-sidebar-layout":"default","site-content-layout":"","ast-site-content-layout":"","site-content-style":"default","site-sidebar-style":"default","ast-global-header-display":"","ast-banner-title-visibility":"","ast-main-header-display":"","ast-hfb-above-header-display":"","ast-hfb-below-header-display":"","ast-hfb-mobile-header-display":"","site-post-title":"","ast-breadcrumbs-content":"","ast-featured-img":"","footer-sml-layout":"","theme-transparent-header-meta":"","adv-header-id-meta":"","stick-header-meta":"","header-above-stick-meta":"","header-main-stick-meta":"","header-below-stick-meta":"","astra-migrate-meta-layouts":"default","ast-page-background-enabled":"default","ast-page-background-meta":{"desktop":{"background-color":"var(--ast-global-color-4)","background-image":"","background-repeat":"repeat","background-position":"center center","background-size":"auto","background-attachment":"scroll","background-type":"","background-media":"","overlay-type":"","overlay-color":"","overlay-opacity":"","overlay-gradient":""},"tablet":{"background-color":"","background-image":"","background-repeat":"repeat","background-position":"center center","background-size":"auto","background-attachment":"scroll","background-type":"","background-media":"","overlay-type":"","overlay-color":"","overlay-opacity":"","overlay-gradient":""},"mobile":{"background-color":"","background-image":"","background-repeat":"repeat","background-position":"center center","background-size":"auto","background-attachment":"scroll","background-type":"","background-media":"","overlay-type":"","overlay-color":"","overlay-opacity":"","overlay-gradient":""}},"ast-content-background-meta":{"desktop":{"background-color":"var(--ast-global-color-5)","background-image":"","background-repeat":"repeat","background-position":"center center","background-size":"auto","background-attachment":"scroll","background-type":"","background-media":"","overlay-type":"","overlay-color":"","overlay-opacity":"","overlay-gradient":""},"tablet":{"background-color":"var(--ast-global-color-5)","background-image":"","background-repeat":"repeat","background-position":"center center","background-size":"auto","background-attachment":"scroll","background-type":"","background-media":"","overlay-type":"","overlay-color":"","overlay-opacity":"","overlay-gradient":""},"mobile":{"background-color":"var(--ast-global-color-5)","background-image":"","background-repeat":"repeat","background-position":"center center","background-size":"auto","background-attachment":"scroll","background-type":"","background-media":"","overlay-type":"","overlay-color":"","overlay-opacity":"","overlay-gradient":""}},"footnotes":""},"class_list":["post-17","page","type-page","status-publish","hentry"],"_links":{"self":[{"href":"https:\/\/lihapk.com\/de\/wp-json\/wp\/v2\/pages\/17","targetHints":{"allow":["GET"]}}],"collection":[{"href":"https:\/\/lihapk.com\/de\/wp-json\/wp\/v2\/pages"}],"about":[{"href":"https:\/\/lihapk.com\/de\/wp-json\/wp\/v2\/types\/page"}],"author":[{"embeddable":true,"href":"https:\/\/lihapk.com\/de\/wp-json\/wp\/v2\/users\/1"}],"replies":[{"embeddable":true,"href":"https:\/\/lihapk.com\/de\/wp-json\/wp\/v2\/comments?post=17"}],"version-history":[{"count":1,"href":"https:\/\/lihapk.com\/de\/wp-json\/wp\/v2\/pages\/17\/revisions"}],"predecessor-version":[{"id":18,"href":"https:\/\/lihapk.com\/de\/wp-json\/wp\/v2\/pages\/17\/revisions\/18"}],"wp:attachment":[{"href":"https:\/\/lihapk.com\/de\/wp-json\/wp\/v2\/media?parent=17"}],"curies":[{"name":"wp","href":"https:\/\/api.w.org\/{rel}","templated":true}]}}