{"id":81,"date":"2025-05-26T10:01:23","date_gmt":"2025-05-26T10:01:23","guid":{"rendered":"https:\/\/lihapk.com\/?page_id=81"},"modified":"2025-05-26T10:01:25","modified_gmt":"2025-05-26T10:01:25","slug":"about-us","status":"publish","type":"page","link":"https:\/\/lihapk.com\/de\/about-us\/","title":{"rendered":"\u00dcber uns"},"content":{"rendered":"<p>Willkommen bei <strong>Lihapk.com<\/strong> \u2013 Ihre Anlaufstelle f\u00fcr kuratierte Inhalte, Trendgeschichten und spannende Einblicke aus aller Welt.<\/p>\n\n\n\n<p>Bei <strong>Lihapk<\/strong>Wir sind spezialisiert auf die Bereitstellung schneller, relevanter und ansprechender Inhalte in zahlreichen Kategorien, darunter Lifestyle, Unterhaltung, Gesundheit, Technologie und mehr. Unser Ziel ist es, den Zugriff auf n\u00fctzliche Online-Informationen zu vereinfachen und gleichzeitig ein nahtloses, f\u00fcr alle Ger\u00e4te optimiertes Benutzererlebnis zu schaffen.<\/p>\n\n\n\n<p>Wir arbeiten mit einem Netzwerk aus erstklassigen Medienpartnern und Werbeplattformen zusammen, um unseren Nutzern hochwertige Artikel mit unaufdringlicher, relevanter Werbung zu bieten. Durch die Nutzung von Daten, Technologien und Zielgruppeninformationen entwickelt sich unsere Plattform st\u00e4ndig weiter, um den richtigen Nutzern zur richtigen Zeit die richtigen Inhalte zu bieten.<\/p>\n\n\n\n<h3 class=\"wp-block-heading\">Was macht uns anders?<\/h3>\n\n\n\n<ul class=\"wp-block-list\">\n<li>\ud83e\udde0 <strong>Intelligente Content-Strategie<\/strong>: Wir w\u00e4hlen Geschichten auf der Grundlage von Datentrends und Benutzerinteraktion aus, nicht auf der Grundlage zuf\u00e4lliger Vermutungen.<\/li>\n\n\n\n<li>\u26a1 <strong>Schnell ladende Seiten<\/strong>: Auf Geschwindigkeit optimiert, um die Absprungrate zu reduzieren und das Benutzererlebnis zu verbessern.<\/li>\n\n\n\n<li>\ud83c\udfaf <strong>Relevante Monetarisierung<\/strong>: Wir arbeiten mit erstklassigen Werbeplattformen zusammen, um sicherzustellen, dass bei der Monetarisierung von Inhalten das Vertrauen und die Lesbarkeit der Benutzer ber\u00fccksichtigt werden.<\/li>\n<\/ul>\n\n\n\n<p>Egal, ob Sie \u00fcber einen Social-Media-Beitrag, einen Newsfeed oder eine unserer Partnerseiten hierher gekommen sind \u2013 wir freuen uns, dass Sie hier sind.<\/p>\n\n\n\n<p>Vielen Dank f\u00fcr Ihren Besuch <strong>Lihapk.com<\/strong>.<\/p>\n\n\n\n<blockquote class=\"wp-block-quote is-layout-flow wp-block-quote-is-layout-flow\">\n<p>M\u00f6chten Sie Kontakt aufnehmen? Besuchen Sie unsere <a>Kontaktseite<\/a> oder kontaktieren Sie uns per E-Mail unter: <strong><a>contact@lihapk.com<\/a><\/strong><\/p>\n<\/blockquote>","protected":false},"excerpt":{"rendered":"<p>Welcome to Lihapk.com \u2014 your go-to destination for curated content, trending stories, and high-engagement insights from around the world. At [&hellip;]<\/p>\n","protected":false},"author":1,"featured_media":0,"parent":0,"menu_order":0,"comment_status":"closed","ping_status":"closed","template":"","meta":{"site-sidebar-layout":"default","site-content-layout":"","ast-site-content-layout":"","site-content-style":"default","site-sidebar-style":"default","ast-global-header-display":"","ast-banner-title-visibility":"","ast-main-header-display":"","ast-hfb-above-header-display":"","ast-hfb-below-header-display":"","ast-hfb-mobile-header-display":"","site-post-title":"","ast-breadcrumbs-content":"","ast-featured-img":"","footer-sml-layout":"","theme-transparent-header-meta":"","adv-header-id-meta":"","stick-header-meta":"","header-above-stick-meta":"","header-main-stick-meta":"","header-below-stick-meta":"","astra-migrate-meta-layouts":"default","ast-page-background-enabled":"default","ast-page-background-meta":{"desktop":{"background-color":"var(--ast-global-color-4)","background-image":"","background-repeat":"repeat","background-position":"center center","background-size":"auto","background-attachment":"scroll","background-type":"","background-media":"","overlay-type":"","overlay-color":"","overlay-opacity":"","overlay-gradient":""},"tablet":{"background-color":"","background-image":"","background-repeat":"repeat","background-position":"center center","background-size":"auto","background-attachment":"scroll","background-type":"","background-media":"","overlay-type":"","overlay-color":"","overlay-opacity":"","overlay-gradient":""},"mobile":{"background-color":"","background-image":"","background-repeat":"repeat","background-position":"center center","background-size":"auto","background-attachment":"scroll","background-type":"","background-media":"","overlay-type":"","overlay-color":"","overlay-opacity":"","overlay-gradient":""}},"ast-content-background-meta":{"desktop":{"background-color":"var(--ast-global-color-5)","background-image":"","background-repeat":"repeat","background-position":"center center","background-size":"auto","background-attachment":"scroll","background-type":"","background-media":"","overlay-type":"","overlay-color":"","overlay-opacity":"","overlay-gradient":""},"tablet":{"background-color":"var(--ast-global-color-5)","background-image":"","background-repeat":"repeat","background-position":"center center","background-size":"auto","background-attachment":"scroll","background-type":"","background-media":"","overlay-type":"","overlay-color":"","overlay-opacity":"","overlay-gradient":""},"mobile":{"background-color":"var(--ast-global-color-5)","background-image":"","background-repeat":"repeat","background-position":"center center","background-size":"auto","background-attachment":"scroll","background-type":"","background-media":"","overlay-type":"","overlay-color":"","overlay-opacity":"","overlay-gradient":""}},"footnotes":""},"class_list":["post-81","page","type-page","status-publish","hentry"],"_links":{"self":[{"href":"https:\/\/lihapk.com\/de\/wp-json\/wp\/v2\/pages\/81","targetHints":{"allow":["GET"]}}],"collection":[{"href":"https:\/\/lihapk.com\/de\/wp-json\/wp\/v2\/pages"}],"about":[{"href":"https:\/\/lihapk.com\/de\/wp-json\/wp\/v2\/types\/page"}],"author":[{"embeddable":true,"href":"https:\/\/lihapk.com\/de\/wp-json\/wp\/v2\/users\/1"}],"replies":[{"embeddable":true,"href":"https:\/\/lihapk.com\/de\/wp-json\/wp\/v2\/comments?post=81"}],"version-history":[{"count":1,"href":"https:\/\/lihapk.com\/de\/wp-json\/wp\/v2\/pages\/81\/revisions"}],"predecessor-version":[{"id":82,"href":"https:\/\/lihapk.com\/de\/wp-json\/wp\/v2\/pages\/81\/revisions\/82"}],"wp:attachment":[{"href":"https:\/\/lihapk.com\/de\/wp-json\/wp\/v2\/media?parent=81"}],"curies":[{"name":"wp","href":"https:\/\/api.w.org\/{rel}","templated":true}]}}