{"id":83,"date":"2025-05-26T10:04:05","date_gmt":"2025-05-26T10:04:05","guid":{"rendered":"https:\/\/lihapk.com\/?page_id=83"},"modified":"2025-05-26T10:04:07","modified_gmt":"2025-05-26T10:04:07","slug":"cookie-policy","status":"publish","type":"page","link":"https:\/\/lihapk.com\/de\/cookie-policy\/","title":{"rendered":"Cookie-Richtlinie"},"content":{"rendered":"<p>Diese Cookie-Richtlinie erkl\u00e4rt, wie <strong>Lihapk.com<\/strong> (&#8220;<strong>Wir<\/strong>&#8220;, &#8220;<strong>unser<\/strong>&quot;, oder &quot;<strong>die Website<\/strong>\u201c) verwendet Cookies und \u00e4hnliche Tracking-Technologien, um Besucher zu erkennen, ihre Pr\u00e4ferenzen zu verstehen und das Surferlebnis auf unserer Plattform zu verbessern.<\/p>\n\n\n\n<p>Diese Richtlinie sollte in Verbindung mit unserer <a>Datenschutzrichtlinie<\/a>.<\/p>\n\n\n\n<hr class=\"wp-block-separator has-alpha-channel-opacity\"\/>\n\n\n\n<h3 class=\"wp-block-heading\"><strong>1. Was sind Cookies?<\/strong><\/h3>\n\n\n\n<p>Cookies sind kleine Textdateien, die von besuchten Websites auf Ihrem Ger\u00e4t abgelegt werden. Sie werden h\u00e4ufig verwendet, um die korrekte Funktion von Websites sicherzustellen, die Effizienz zu verbessern, Website-Betreibern statistische Informationen bereitzustellen und personalisierte Erlebnisse, einschlie\u00dflich Werbung, zu erm\u00f6glichen.<\/p>\n\n\n\n<hr class=\"wp-block-separator has-alpha-channel-opacity\"\/>\n\n\n\n<h3 class=\"wp-block-heading\"><strong>2. Arten von Cookies, die wir verwenden<\/strong><\/h3>\n\n\n\n<p>Wir verwenden die folgenden Kategorien von Cookies:<\/p>\n\n\n\n<h4 class=\"wp-block-heading\"><strong>2.1 Unbedingt erforderliche Cookies<\/strong><\/h4>\n\n\n\n<p>Diese Cookies sind f\u00fcr den Betrieb unserer Website unbedingt notwendig. Sie erm\u00f6glichen grundlegende Funktionen wie die Seitennavigation, das Sessionmanagement und Sicherheitsfunktionen.<\/p>\n\n\n\n<h4 class=\"wp-block-heading\"><strong>2.2 Leistungs- und Analyse-Cookies<\/strong><\/h4>\n\n\n\n<p>Diese Cookies erm\u00f6glichen es uns, anonymisierte Daten dar\u00fcber zu sammeln, wie Besucher mit unserer Website interagieren. Wir nutzen Dienste wie <strong>Google Analytics<\/strong> um Verkehrsquellen, Absprungraten, Verweildauer auf der Seite und Ger\u00e4tetypen zu \u00fcberwachen.<\/p>\n\n\n\n<h4 class=\"wp-block-heading\"><strong>2.3 Funktionale Cookies<\/strong><\/h4>\n\n\n\n<p>Diese Cookies erm\u00f6glichen erweiterte Funktionen und Personalisierung, beispielsweise das Speichern von Benutzereinstellungen oder zuvor besuchten Seiten.<\/p>\n\n\n\n<h4 class=\"wp-block-heading\"><strong>2.4 Werbe- und Targeting-Cookies<\/strong><\/h4>\n\n\n\n<p>Wir arbeiten mit Werbeplattformen von Drittanbietern zusammen, wie zum Beispiel <strong>Google Ad Manager<\/strong>, <strong>AdSense<\/strong>, Und <strong>programmatischer Austausch<\/strong>, das m\u00f6glicherweise Cookies setzt, um ma\u00dfgeschneiderte Werbung zu liefern, sich wiederholende Werbung zu begrenzen und die Wirksamkeit von Kampagnen zu messen.<\/p>\n\n\n\n<p>Diese Cookies k\u00f6nnen Ihr Surfverhalten \u00fcber Websites hinweg verfolgen.<\/p>\n\n\n\n<hr class=\"wp-block-separator has-alpha-channel-opacity\"\/>\n\n\n\n<h3 class=\"wp-block-heading\"><strong>3. Cookies von Drittanbietern<\/strong><\/h3>\n\n\n\n<p>Drittanbieter-Cookies k\u00f6nnen von Domains gesetzt werden, die nicht von uns betrieben werden. Dazu geh\u00f6ren:<\/p>\n\n\n\n<ul class=\"wp-block-list\">\n<li><strong>Google (DoubleClick \/ AdSense \/ GA4)<\/strong><\/li>\n\n\n\n<li><strong>JoinAds oder verbundene SSPs\/DSPs<\/strong><\/li>\n\n\n\n<li><strong>Analyseplattformen und Tools zur Einwilligungsverwaltung<\/strong><\/li>\n<\/ul>\n\n\n\n<p>Jeder Drittanbieter ist f\u00fcr seine eigenen Cookie-Praktiken verantwortlich, die den jeweiligen Datenschutzrichtlinien unterliegen.<\/p>\n\n\n\n<hr class=\"wp-block-separator has-alpha-channel-opacity\"\/>\n\n\n\n<h3 class=\"wp-block-heading\"><strong>4. Rechtsgrundlage der Verarbeitung (DSGVO-Konformit\u00e4t)<\/strong><\/h3>\n\n\n\n<p>Gem\u00e4\u00df der Datenschutz-Grundverordnung (DSGVO) verarbeiten wir nicht unbedingt erforderliche Cookies nur nach Einholung Ihrer ausdr\u00fccklichen Einwilligung \u00fcber eine <strong>Cookie-Banner oder Consent Management Platform (CMP)<\/strong>.<\/p>\n\n\n\n<p>F\u00fcr Benutzer in der EU\/dem EWR:<\/p>\n\n\n\n<ul class=\"wp-block-list\">\n<li>Unbedingt erforderliche Cookies sind standardm\u00e4\u00dfig aktiviert.<\/li>\n\n\n\n<li>Nicht notwendige Cookies (Werbung, Analyse) werden erst nach Einwilligung aktiviert.<\/li>\n<\/ul>\n\n\n\n<hr class=\"wp-block-separator has-alpha-channel-opacity\"\/>\n\n\n\n<h3 class=\"wp-block-heading\"><strong>5. Verwalten Ihrer Cookie-Einstellungen<\/strong><\/h3>\n\n\n\n<p>Sie k\u00f6nnen Cookies auf verschiedene Weise kontrollieren und verwalten:<\/p>\n\n\n\n<ul class=\"wp-block-list\">\n<li><strong>Browsereinstellungen<\/strong>: Die meisten Browser erm\u00f6glichen es Ihnen, Cookies \u00fcber die Einstellungen zu blockieren oder zu l\u00f6schen.<\/li>\n\n\n\n<li><strong>Opt-Out-Tools<\/strong>:\n<ul class=\"wp-block-list\">\n<li><a class=\"\" href=\"https:\/\/adssettings.google.com\">Google Ads-Einstellungen<\/a><\/li>\n\n\n\n<li><a>Network Advertising Initiative (NAI)<\/a><\/li>\n\n\n\n<li><a>Ihre Werbeauswahl<\/a><\/li>\n<\/ul>\n<\/li>\n<\/ul>\n\n\n\n<p>Bitte beachten Sie, dass das Deaktivieren von Cookies die Funktionalit\u00e4t der Website beeintr\u00e4chtigen kann.<\/p>\n\n\n\n<hr class=\"wp-block-separator has-alpha-channel-opacity\"\/>\n\n\n\n<h3 class=\"wp-block-heading\"><strong>6. Einwohner Kaliforniens (CCPA-Hinweis)<\/strong><\/h3>\n\n\n\n<p>Wenn Sie in Kalifornien wohnen, haben Sie das Recht, dem Verkauf Ihrer personenbezogenen Daten, einschlie\u00dflich Cookies f\u00fcr gezielte Werbung, zu widersprechen. Sie k\u00f6nnen dieses Recht aus\u00fcben, indem Sie auf den Link \u201eMeine personenbezogenen Daten nicht verkaufen\u201c in der Fu\u00dfzeile unserer Website klicken oder uns direkt kontaktieren.<\/p>\n\n\n\n<hr class=\"wp-block-separator has-alpha-channel-opacity\"\/>\n\n\n\n<h3 class=\"wp-block-heading\"><strong>7. Aktualisierungen dieser Cookie-Richtlinie<\/strong><\/h3>\n\n\n\n<p>Wir k\u00f6nnen diese Cookie-Richtlinie von Zeit zu Zeit aktualisieren, um \u00c4nderungen in Gesetzen, Technologien oder unseren Praktiken Rechnung zu tragen. Alle Aktualisierungen werden auf dieser Seite mit dem Datum der letzten Aktualisierung ver\u00f6ffentlicht.<\/p>\n\n\n\n<hr class=\"wp-block-separator has-alpha-channel-opacity\"\/>\n\n\n\n<h3 class=\"wp-block-heading\"><strong>8. Kontaktinformationen<\/strong><\/h3>\n\n\n\n<p>Bei Fragen zu dieser Cookie-Richtlinie oder unseren Datenschutzpraktiken kontaktieren Sie uns bitte:<\/p>\n\n\n\n<p>\ud83d\udce7 <strong>E-Mail<\/strong>: <a>contact@lihapk.com<\/a><br>\ud83c\udf10 <strong>Webseite<\/strong>: <a class=\"\" href=\"https:\/\/lihapk.com\/de\/\">https:\/\/lihapk.com<\/a><\/p>","protected":false},"excerpt":{"rendered":"<p>This Cookie Policy explains how Lihapk.com (&#8220;we&#8220;, &#8220;our&#8220;, or &#8220;the Website&#8220;) uses cookies and similar tracking technologies to recognize visitors, [&hellip;]<\/p>\n","protected":false},"author":1,"featured_media":0,"parent":0,"menu_order":0,"comment_status":"closed","ping_status":"closed","template":"","meta":{"site-sidebar-layout":"default","site-content-layout":"","ast-site-content-layout":"","site-content-style":"default","site-sidebar-style":"default","ast-global-header-display":"","ast-banner-title-visibility":"","ast-main-header-display":"","ast-hfb-above-header-display":"","ast-hfb-below-header-display":"","ast-hfb-mobile-header-display":"","site-post-title":"","ast-breadcrumbs-content":"","ast-featured-img":"","footer-sml-layout":"","theme-transparent-header-meta":"","adv-header-id-meta":"","stick-header-meta":"","header-above-stick-meta":"","header-main-stick-meta":"","header-below-stick-meta":"","astra-migrate-meta-layouts":"default","ast-page-background-enabled":"default","ast-page-background-meta":{"desktop":{"background-color":"var(--ast-global-color-4)","background-image":"","background-repeat":"repeat","background-position":"center center","background-size":"auto","background-attachment":"scroll","background-type":"","background-media":"","overlay-type":"","overlay-color":"","overlay-opacity":"","overlay-gradient":""},"tablet":{"background-color":"","background-image":"","background-repeat":"repeat","background-position":"center center","background-size":"auto","background-attachment":"scroll","background-type":"","background-media":"","overlay-type":"","overlay-color":"","overlay-opacity":"","overlay-gradient":""},"mobile":{"background-color":"","background-image":"","background-repeat":"repeat","background-position":"center center","background-size":"auto","background-attachment":"scroll","background-type":"","background-media":"","overlay-type":"","overlay-color":"","overlay-opacity":"","overlay-gradient":""}},"ast-content-background-meta":{"desktop":{"background-color":"var(--ast-global-color-5)","background-image":"","background-repeat":"repeat","background-position":"center center","background-size":"auto","background-attachment":"scroll","background-type":"","background-media":"","overlay-type":"","overlay-color":"","overlay-opacity":"","overlay-gradient":""},"tablet":{"background-color":"var(--ast-global-color-5)","background-image":"","background-repeat":"repeat","background-position":"center center","background-size":"auto","background-attachment":"scroll","background-type":"","background-media":"","overlay-type":"","overlay-color":"","overlay-opacity":"","overlay-gradient":""},"mobile":{"background-color":"var(--ast-global-color-5)","background-image":"","background-repeat":"repeat","background-position":"center center","background-size":"auto","background-attachment":"scroll","background-type":"","background-media":"","overlay-type":"","overlay-color":"","overlay-opacity":"","overlay-gradient":""}},"footnotes":""},"class_list":["post-83","page","type-page","status-publish","hentry"],"_links":{"self":[{"href":"https:\/\/lihapk.com\/de\/wp-json\/wp\/v2\/pages\/83","targetHints":{"allow":["GET"]}}],"collection":[{"href":"https:\/\/lihapk.com\/de\/wp-json\/wp\/v2\/pages"}],"about":[{"href":"https:\/\/lihapk.com\/de\/wp-json\/wp\/v2\/types\/page"}],"author":[{"embeddable":true,"href":"https:\/\/lihapk.com\/de\/wp-json\/wp\/v2\/users\/1"}],"replies":[{"embeddable":true,"href":"https:\/\/lihapk.com\/de\/wp-json\/wp\/v2\/comments?post=83"}],"version-history":[{"count":1,"href":"https:\/\/lihapk.com\/de\/wp-json\/wp\/v2\/pages\/83\/revisions"}],"predecessor-version":[{"id":84,"href":"https:\/\/lihapk.com\/de\/wp-json\/wp\/v2\/pages\/83\/revisions\/84"}],"wp:attachment":[{"href":"https:\/\/lihapk.com\/de\/wp-json\/wp\/v2\/media?parent=83"}],"curies":[{"name":"wp","href":"https:\/\/api.w.org\/{rel}","templated":true}]}}