{"id":81,"date":"2025-05-26T10:01:23","date_gmt":"2025-05-26T10:01:23","guid":{"rendered":"https:\/\/lihapk.com\/?page_id=81"},"modified":"2025-05-26T10:01:25","modified_gmt":"2025-05-26T10:01:25","slug":"about-us","status":"publish","type":"page","link":"https:\/\/lihapk.com\/es\/about-us\/","title":{"rendered":"Sobre nosotros"},"content":{"rendered":"<p>Bienvenido a <strong>Lihapk.com<\/strong> \u2014 su destino ideal para obtener contenido seleccionado, historias de tendencia e informaci\u00f3n de alto nivel de participaci\u00f3n de todo el mundo.<\/p>\n\n\n\n<p>En <strong>Lihapk<\/strong>Nos especializamos en ofrecer experiencias de contenido r\u00e1pidas, relevantes y atractivas en una amplia gama de categor\u00edas, como estilo de vida, entretenimiento, salud, tecnolog\u00eda y m\u00e1s. Nuestro objetivo es simplificar el acceso a informaci\u00f3n \u00fatil en l\u00ednea, creando una experiencia de usuario fluida y optimizada para todos los dispositivos.<\/p>\n\n\n\n<p>Trabajamos con una red de socios de medios premium y plataformas publicitarias para garantizar que nuestros usuarios disfruten de art\u00edculos de alta calidad, respaldados por publicidad relevante y no intrusiva. Al aprovechar los datos, la tecnolog\u00eda y el an\u00e1lisis de la audiencia, nuestra plataforma evoluciona constantemente para ofrecer el contenido adecuado a las personas adecuadas en el momento oportuno.<\/p>\n\n\n\n<h3 class=\"wp-block-heading\">\u00bfQu\u00e9 nos hace diferentes?<\/h3>\n\n\n\n<ul class=\"wp-block-list\">\n<li>\ud83e\udde0 <strong>Estrategia de contenido inteligente<\/strong>Seleccionamos historias en funci\u00f3n de las tendencias de datos y la participaci\u00f3n de los usuarios, no de conjeturas aleatorias.<\/li>\n\n\n\n<li>\u26a1 <strong>P\u00e1ginas de carga r\u00e1pida<\/strong>Optimizado para la velocidad para reducir la tasa de rebote y mejorar la experiencia del usuario.<\/li>\n\n\n\n<li>\ud83c\udfaf <strong>Monetizaci\u00f3n relevante<\/strong>Trabajamos con plataformas publicitarias de primer nivel para garantizar que la monetizaci\u00f3n del contenido respete la confianza y la legibilidad del usuario.<\/li>\n<\/ul>\n\n\n\n<p>Ya sea que haya llegado aqu\u00ed desde una publicaci\u00f3n en las redes sociales, un canal de noticias o uno de nuestros sitios asociados, nos alegra que est\u00e9 aqu\u00ed.<\/p>\n\n\n\n<p>Gracias por visitarnos <strong>Lihapk.com<\/strong>.<\/p>\n\n\n\n<blockquote class=\"wp-block-quote is-layout-flow wp-block-quote-is-layout-flow\">\n<p>\u00bfQuieres contactarnos? Visita nuestra p\u00e1gina. <a>P\u00e1gina de contacto<\/a> o cont\u00e1ctenos por correo electr\u00f3nico a: <strong><a>contact@lihapk.com<\/a><\/strong><\/p>\n<\/blockquote>","protected":false},"excerpt":{"rendered":"<p>Welcome to Lihapk.com \u2014 your go-to destination for curated content, trending stories, and high-engagement insights from around the world. At [&hellip;]<\/p>\n","protected":false},"author":1,"featured_media":0,"parent":0,"menu_order":0,"comment_status":"closed","ping_status":"closed","template":"","meta":{"site-sidebar-layout":"default","site-content-layout":"","ast-site-content-layout":"","site-content-style":"default","site-sidebar-style":"default","ast-global-header-display":"","ast-banner-title-visibility":"","ast-main-header-display":"","ast-hfb-above-header-display":"","ast-hfb-below-header-display":"","ast-hfb-mobile-header-display":"","site-post-title":"","ast-breadcrumbs-content":"","ast-featured-img":"","footer-sml-layout":"","theme-transparent-header-meta":"","adv-header-id-meta":"","stick-header-meta":"","header-above-stick-meta":"","header-main-stick-meta":"","header-below-stick-meta":"","astra-migrate-meta-layouts":"default","ast-page-background-enabled":"default","ast-page-background-meta":{"desktop":{"background-color":"var(--ast-global-color-4)","background-image":"","background-repeat":"repeat","background-position":"center center","background-size":"auto","background-attachment":"scroll","background-type":"","background-media":"","overlay-type":"","overlay-color":"","overlay-opacity":"","overlay-gradient":""},"tablet":{"background-color":"","background-image":"","background-repeat":"repeat","background-position":"center center","background-size":"auto","background-attachment":"scroll","background-type":"","background-media":"","overlay-type":"","overlay-color":"","overlay-opacity":"","overlay-gradient":""},"mobile":{"background-color":"","background-image":"","background-repeat":"repeat","background-position":"center center","background-size":"auto","background-attachment":"scroll","background-type":"","background-media":"","overlay-type":"","overlay-color":"","overlay-opacity":"","overlay-gradient":""}},"ast-content-background-meta":{"desktop":{"background-color":"var(--ast-global-color-5)","background-image":"","background-repeat":"repeat","background-position":"center center","background-size":"auto","background-attachment":"scroll","background-type":"","background-media":"","overlay-type":"","overlay-color":"","overlay-opacity":"","overlay-gradient":""},"tablet":{"background-color":"var(--ast-global-color-5)","background-image":"","background-repeat":"repeat","background-position":"center center","background-size":"auto","background-attachment":"scroll","background-type":"","background-media":"","overlay-type":"","overlay-color":"","overlay-opacity":"","overlay-gradient":""},"mobile":{"background-color":"var(--ast-global-color-5)","background-image":"","background-repeat":"repeat","background-position":"center center","background-size":"auto","background-attachment":"scroll","background-type":"","background-media":"","overlay-type":"","overlay-color":"","overlay-opacity":"","overlay-gradient":""}},"footnotes":""},"class_list":["post-81","page","type-page","status-publish","hentry"],"_links":{"self":[{"href":"https:\/\/lihapk.com\/es\/wp-json\/wp\/v2\/pages\/81","targetHints":{"allow":["GET"]}}],"collection":[{"href":"https:\/\/lihapk.com\/es\/wp-json\/wp\/v2\/pages"}],"about":[{"href":"https:\/\/lihapk.com\/es\/wp-json\/wp\/v2\/types\/page"}],"author":[{"embeddable":true,"href":"https:\/\/lihapk.com\/es\/wp-json\/wp\/v2\/users\/1"}],"replies":[{"embeddable":true,"href":"https:\/\/lihapk.com\/es\/wp-json\/wp\/v2\/comments?post=81"}],"version-history":[{"count":1,"href":"https:\/\/lihapk.com\/es\/wp-json\/wp\/v2\/pages\/81\/revisions"}],"predecessor-version":[{"id":82,"href":"https:\/\/lihapk.com\/es\/wp-json\/wp\/v2\/pages\/81\/revisions\/82"}],"wp:attachment":[{"href":"https:\/\/lihapk.com\/es\/wp-json\/wp\/v2\/media?parent=81"}],"curies":[{"name":"wp","href":"https:\/\/api.w.org\/{rel}","templated":true}]}}