{"id":83,"date":"2025-05-26T10:04:05","date_gmt":"2025-05-26T10:04:05","guid":{"rendered":"https:\/\/lihapk.com\/?page_id=83"},"modified":"2025-05-26T10:04:07","modified_gmt":"2025-05-26T10:04:07","slug":"cookie-policy","status":"publish","type":"page","link":"https:\/\/lihapk.com\/es\/cookie-policy\/","title":{"rendered":"Pol\u00edtica de cookies"},"content":{"rendered":"<p>Esta Pol\u00edtica de Cookies explica c\u00f3mo <strong>Lihapk.com<\/strong> (&#8220;<strong>nosotros<\/strong>&#8220;, &#8220;<strong>nuestro<\/strong>&quot;, o &quot;<strong>El sitio web<\/strong>\u201c) utiliza cookies y tecnolog\u00edas de seguimiento similares para reconocer a los visitantes, comprender sus preferencias y mejorar la experiencia de navegaci\u00f3n en nuestra plataforma.<\/p>\n\n\n\n<p>Esta pol\u00edtica debe leerse junto con nuestra <a>pol\u00edtica de privacidad<\/a>.<\/p>\n\n\n\n<hr class=\"wp-block-separator has-alpha-channel-opacity\"\/>\n\n\n\n<h3 class=\"wp-block-heading\"><strong>1. \u00bfQu\u00e9 son las cookies?<\/strong><\/h3>\n\n\n\n<p>Las cookies son peque\u00f1os archivos de texto que los sitios web que visitas almacenan en tu dispositivo. Se utilizan ampliamente para garantizar el correcto funcionamiento de los sitios web, mejorar su eficiencia, proporcionar informaci\u00f3n estad\u00edstica a los propietarios de sitios web y ofrecer experiencias personalizadas, incluyendo publicidad.<\/p>\n\n\n\n<hr class=\"wp-block-separator has-alpha-channel-opacity\"\/>\n\n\n\n<h3 class=\"wp-block-heading\"><strong>2. Tipos de cookies que utilizamos<\/strong><\/h3>\n\n\n\n<p>Utilizamos las siguientes categor\u00edas de cookies:<\/p>\n\n\n\n<h4 class=\"wp-block-heading\"><strong>2.1 Cookies estrictamente necesarias<\/strong><\/h4>\n\n\n\n<p>Estas cookies son esenciales para el funcionamiento de nuestro sitio web. Permiten funciones b\u00e1sicas como la navegaci\u00f3n, la gesti\u00f3n de sesiones y las funciones de seguridad.<\/p>\n\n\n\n<h4 class=\"wp-block-heading\"><strong>2.2 Cookies de rendimiento y an\u00e1lisis<\/strong><\/h4>\n\n\n\n<p>Estas cookies nos permiten recopilar datos an\u00f3nimos sobre c\u00f3mo interact\u00faan los visitantes con nuestro sitio web. Utilizamos servicios como <strong>Google Analytics<\/strong> para monitorear fuentes de tr\u00e1fico, tasas de rebote, tiempo en la p\u00e1gina y tipos de dispositivos.<\/p>\n\n\n\n<h4 class=\"wp-block-heading\"><strong>2.3 Cookies funcionales<\/strong><\/h4>\n\n\n\n<p>Estas cookies permiten una mejor funcionalidad y personalizaci\u00f3n, como recordar las preferencias del usuario o las p\u00e1ginas visitadas anteriormente.<\/p>\n\n\n\n<h4 class=\"wp-block-heading\"><strong>2.4 Cookies de publicidad y segmentaci\u00f3n<\/strong><\/h4>\n\n\n\n<p>Nos asociamos con plataformas publicitarias de terceros, como <strong>Administrador de anuncios de Google<\/strong>, <strong>AdSense<\/strong>, y <strong>intercambios program\u00e1ticos<\/strong>, que puede configurar cookies para ofrecer anuncios personalizados, limitar anuncios repetitivos y medir la efectividad de las campa\u00f1as.<\/p>\n\n\n\n<p>Estas cookies pueden rastrear su comportamiento de navegaci\u00f3n en los sitios web.<\/p>\n\n\n\n<hr class=\"wp-block-separator has-alpha-channel-opacity\"\/>\n\n\n\n<h3 class=\"wp-block-heading\"><strong>3. Cookies de terceros<\/strong><\/h3>\n\n\n\n<p>Las cookies de terceros pueden ser instaladas por dominios que no operamos nosotros. Estas incluyen:<\/p>\n\n\n\n<ul class=\"wp-block-list\">\n<li><strong>Google (DoubleClick \/ AdSense \/ GA4)<\/strong><\/li>\n\n\n\n<li><strong>JoinAds o SSP\/DSP afiliados<\/strong><\/li>\n\n\n\n<li><strong>Plataformas de an\u00e1lisis y herramientas de gesti\u00f3n del consentimiento<\/strong><\/li>\n<\/ul>\n\n\n\n<p>Cada tercero es responsable de sus propias pr\u00e1cticas de cookies, que se rigen por sus respectivas pol\u00edticas de privacidad.<\/p>\n\n\n\n<hr class=\"wp-block-separator has-alpha-channel-opacity\"\/>\n\n\n\n<h3 class=\"wp-block-heading\"><strong>4. Base legal para el tratamiento (cumplimiento del RGPD)<\/strong><\/h3>\n\n\n\n<p>De acuerdo con el Reglamento General de Protecci\u00f3n de Datos (RGPD), procesamos cookies no esenciales solo despu\u00e9s de obtener su consentimiento expl\u00edcito a trav\u00e9s de un <strong>Banner de cookies o plataforma de gesti\u00f3n del consentimiento (CMP)<\/strong>.<\/p>\n\n\n\n<p>Para usuarios de la UE\/EEE:<\/p>\n\n\n\n<ul class=\"wp-block-list\">\n<li>Las cookies esenciales se configuran de forma predeterminada.<\/li>\n\n\n\n<li>Las cookies no esenciales (publicidad, an\u00e1lisis) solo se activan despu\u00e9s de dar el consentimiento.<\/li>\n<\/ul>\n\n\n\n<hr class=\"wp-block-separator has-alpha-channel-opacity\"\/>\n\n\n\n<h3 class=\"wp-block-heading\"><strong>5. Gesti\u00f3n de sus preferencias de cookies<\/strong><\/h3>\n\n\n\n<p>Puede controlar y administrar las cookies de varias maneras:<\/p>\n\n\n\n<ul class=\"wp-block-list\">\n<li><strong>Configuraci\u00f3n del navegador<\/strong>:La mayor\u00eda de los navegadores le permiten bloquear o eliminar las cookies a trav\u00e9s de la configuraci\u00f3n.<\/li>\n\n\n\n<li><strong>Herramientas de exclusi\u00f3n voluntaria<\/strong>:\n<ul class=\"wp-block-list\">\n<li><a class=\"\" href=\"https:\/\/adssettings.google.com\">Configuraci\u00f3n de anuncios de Google<\/a><\/li>\n\n\n\n<li><a>Iniciativa de Publicidad en Red (NAI)<\/a><\/li>\n\n\n\n<li><a>Tus opciones de anuncios<\/a><\/li>\n<\/ul>\n<\/li>\n<\/ul>\n\n\n\n<p>Tenga en cuenta que deshabilitar las cookies puede afectar la funcionalidad del sitio web.<\/p>\n\n\n\n<hr class=\"wp-block-separator has-alpha-channel-opacity\"\/>\n\n\n\n<h3 class=\"wp-block-heading\"><strong>6. Residentes de California (Aviso de la CCPA)<\/strong><\/h3>\n\n\n\n<p>Si reside en California, tiene derecho a rechazar la venta de sus datos personales, incluidas las cookies utilizadas para publicidad dirigida. Puede ejercer este derecho haciendo clic en el enlace &quot;No vender mi informaci\u00f3n personal&quot; disponible en el pie de p\u00e1gina de nuestro sitio web o contact\u00e1ndonos directamente.<\/p>\n\n\n\n<hr class=\"wp-block-separator has-alpha-channel-opacity\"\/>\n\n\n\n<h3 class=\"wp-block-heading\"><strong>7. Actualizaciones de esta Pol\u00edtica de Cookies<\/strong><\/h3>\n\n\n\n<p>Podemos actualizar esta Pol\u00edtica de Cookies ocasionalmente para reflejar cambios en la legislaci\u00f3n, la tecnolog\u00eda o nuestras pr\u00e1cticas. Todas las actualizaciones se publicar\u00e1n en esta p\u00e1gina con la fecha de &quot;\u00daltima actualizaci\u00f3n&quot; revisada.<\/p>\n\n\n\n<hr class=\"wp-block-separator has-alpha-channel-opacity\"\/>\n\n\n\n<h3 class=\"wp-block-heading\"><strong>8. Informaci\u00f3n de contacto<\/strong><\/h3>\n\n\n\n<p>Si tiene alguna pregunta sobre esta Pol\u00edtica de cookies o nuestras pr\u00e1cticas de datos, cont\u00e1ctenos:<\/p>\n\n\n\n<p>\ud83d\udce7 <strong>Correo electr\u00f3nico<\/strong>: <a>contact@lihapk.com<\/a><br>\ud83c\udf10 <strong>Sitio web<\/strong>: <a class=\"\" href=\"https:\/\/lihapk.com\/es\/\">https:\/\/lihapk.com<\/a><\/p>","protected":false},"excerpt":{"rendered":"<p>This Cookie Policy explains how Lihapk.com (&#8220;we&#8220;, &#8220;our&#8220;, or &#8220;the Website&#8220;) uses cookies and similar tracking technologies to recognize visitors, [&hellip;]<\/p>\n","protected":false},"author":1,"featured_media":0,"parent":0,"menu_order":0,"comment_status":"closed","ping_status":"closed","template":"","meta":{"site-sidebar-layout":"default","site-content-layout":"","ast-site-content-layout":"","site-content-style":"default","site-sidebar-style":"default","ast-global-header-display":"","ast-banner-title-visibility":"","ast-main-header-display":"","ast-hfb-above-header-display":"","ast-hfb-below-header-display":"","ast-hfb-mobile-header-display":"","site-post-title":"","ast-breadcrumbs-content":"","ast-featured-img":"","footer-sml-layout":"","theme-transparent-header-meta":"","adv-header-id-meta":"","stick-header-meta":"","header-above-stick-meta":"","header-main-stick-meta":"","header-below-stick-meta":"","astra-migrate-meta-layouts":"default","ast-page-background-enabled":"default","ast-page-background-meta":{"desktop":{"background-color":"var(--ast-global-color-4)","background-image":"","background-repeat":"repeat","background-position":"center center","background-size":"auto","background-attachment":"scroll","background-type":"","background-media":"","overlay-type":"","overlay-color":"","overlay-opacity":"","overlay-gradient":""},"tablet":{"background-color":"","background-image":"","background-repeat":"repeat","background-position":"center center","background-size":"auto","background-attachment":"scroll","background-type":"","background-media":"","overlay-type":"","overlay-color":"","overlay-opacity":"","overlay-gradient":""},"mobile":{"background-color":"","background-image":"","background-repeat":"repeat","background-position":"center center","background-size":"auto","background-attachment":"scroll","background-type":"","background-media":"","overlay-type":"","overlay-color":"","overlay-opacity":"","overlay-gradient":""}},"ast-content-background-meta":{"desktop":{"background-color":"var(--ast-global-color-5)","background-image":"","background-repeat":"repeat","background-position":"center center","background-size":"auto","background-attachment":"scroll","background-type":"","background-media":"","overlay-type":"","overlay-color":"","overlay-opacity":"","overlay-gradient":""},"tablet":{"background-color":"var(--ast-global-color-5)","background-image":"","background-repeat":"repeat","background-position":"center center","background-size":"auto","background-attachment":"scroll","background-type":"","background-media":"","overlay-type":"","overlay-color":"","overlay-opacity":"","overlay-gradient":""},"mobile":{"background-color":"var(--ast-global-color-5)","background-image":"","background-repeat":"repeat","background-position":"center center","background-size":"auto","background-attachment":"scroll","background-type":"","background-media":"","overlay-type":"","overlay-color":"","overlay-opacity":"","overlay-gradient":""}},"footnotes":""},"class_list":["post-83","page","type-page","status-publish","hentry"],"_links":{"self":[{"href":"https:\/\/lihapk.com\/es\/wp-json\/wp\/v2\/pages\/83","targetHints":{"allow":["GET"]}}],"collection":[{"href":"https:\/\/lihapk.com\/es\/wp-json\/wp\/v2\/pages"}],"about":[{"href":"https:\/\/lihapk.com\/es\/wp-json\/wp\/v2\/types\/page"}],"author":[{"embeddable":true,"href":"https:\/\/lihapk.com\/es\/wp-json\/wp\/v2\/users\/1"}],"replies":[{"embeddable":true,"href":"https:\/\/lihapk.com\/es\/wp-json\/wp\/v2\/comments?post=83"}],"version-history":[{"count":1,"href":"https:\/\/lihapk.com\/es\/wp-json\/wp\/v2\/pages\/83\/revisions"}],"predecessor-version":[{"id":84,"href":"https:\/\/lihapk.com\/es\/wp-json\/wp\/v2\/pages\/83\/revisions\/84"}],"wp:attachment":[{"href":"https:\/\/lihapk.com\/es\/wp-json\/wp\/v2\/media?parent=83"}],"curies":[{"name":"wp","href":"https:\/\/api.w.org\/{rel}","templated":true}]}}