{"id":15,"date":"2025-04-09T10:36:30","date_gmt":"2025-04-09T10:36:30","guid":{"rendered":"https:\/\/lihapk.com\/?page_id=15"},"modified":"2025-04-09T10:36:32","modified_gmt":"2025-04-09T10:36:32","slug":"privacy-policy","status":"publish","type":"page","link":"https:\/\/lihapk.com\/fi\/privacy-policy\/","title":{"rendered":"Tietosuojak\u00e4yt\u00e4nt\u00f6"},"content":{"rendered":"<p>Tietosuojasi on meille t\u00e4rke\u00e4\u00e4. Lihapkin k\u00e4yt\u00e4nt\u00f6n\u00e4 on kunnioittaa yksityisyytt\u00e4si kaikkien verkkosivustollamme ker\u00e4\u00e4miemme tietojen suhteen. <a href=\"https:\/\/lihapk.com\/fi\/\">lihapk<\/a>ja muut omistamamme ja yll\u00e4pit\u00e4m\u00e4mme sivustot.<\/p>\n\n\n\n<p>Pyyd\u00e4mme henkil\u00f6tietoja vain, kun todella tarvitsemme niit\u00e4 palvelun tarjoamiseksi sinulle. Ker\u00e4\u00e4mme tiedot oikeudenmukaisin ja laillisin keinoin, tietoisesti ja suostumuksellasi. Kerromme sinulle my\u00f6s, miksi ker\u00e4\u00e4mme tietoja ja miten niit\u00e4 k\u00e4ytet\u00e4\u00e4n.<\/p>\n\n\n\n<p>S\u00e4ilyt\u00e4mme ker\u00e4ttyj\u00e4 tietoja vain niin kauan kuin on tarpeen pyyt\u00e4m\u00e4si palvelun tarjoamiseksi. Suojaamme tallentamiamme tietoja kaupallisesti hyv\u00e4ksytt\u00e4vin keinoin est\u00e4\u00e4ksemme katoamisen ja varkauden sek\u00e4 luvattoman p\u00e4\u00e4syn, paljastamisen, kopioinnin, k\u00e4yt\u00f6n tai muokkaamisen.<\/p>\n\n\n\n<p>Emme jaa henkil\u00f6tietoja julkisesti tai kolmansille osapuolille, paitsi lain niin vaatiessa.<\/p>\n\n\n\n<p>Verkkosivustomme saattaa sis\u00e4lt\u00e4\u00e4 linkkej\u00e4 ulkoisille sivustoille, joita emme yll\u00e4pid\u00e4. Huomaathan, ett\u00e4 meill\u00e4 ei ole m\u00e4\u00e4r\u00e4ysvaltaa n\u00e4iden sivustojen sis\u00e4lt\u00f6\u00f6n tai k\u00e4yt\u00e4nt\u00f6ihin, emmek\u00e4 voi ottaa vastuuta niiden tietosuojak\u00e4yt\u00e4nn\u00f6ist\u00e4.<\/p>\n\n\n\n<p>Voit vapaasti kielt\u00e4yty\u00e4 pyynn\u00f6st\u00e4mme saada henkil\u00f6tietojasi ymm\u00e4rt\u00e4en, ett\u00e4 emme v\u00e4ltt\u00e4m\u00e4tt\u00e4 pysty tarjoamaan sinulle joitakin haluamiasi palveluita.<\/p>\n\n\n\n<p>Jatkamalla verkkosivustomme k\u00e4ytt\u00f6\u00e4 hyv\u00e4ksyt tietosuoja- ja henkil\u00f6tietok\u00e4yt\u00e4nt\u00f6mme. Jos sinulla on kysytt\u00e4v\u00e4\u00e4 siit\u00e4, miten k\u00e4sittelemme k\u00e4ytt\u00e4j\u00e4tietoja ja henkil\u00f6tietoja, ota rohkeasti yhteytt\u00e4.<\/p>\n\n\n\n<h2 class=\"wp-block-heading\">Lihapkin ev\u00e4stek\u00e4yt\u00e4nt\u00f6<\/h2>\n\n\n\n<p>T\u00e4m\u00e4 on lihapkin ev\u00e4stek\u00e4yt\u00e4nt\u00f6, joka on saatavilla URL-osoitteesta https:\/\/lihapk.com\/.<\/p>\n\n\n\n<h3 class=\"wp-block-heading\">Mit\u00e4 ev\u00e4steet ovat<\/h3>\n\n\n\n<p>Kuten l\u00e4hes kaikilla ammattimaisilla verkkosivustoilla on yleinen k\u00e4yt\u00e4nt\u00f6, t\u00e4m\u00e4 sivusto k\u00e4ytt\u00e4\u00e4 ev\u00e4steit\u00e4, jotka ovat pieni\u00e4 tiedostoja, jotka ladataan tietokoneellesi k\u00e4ytt\u00f6kokemuksesi parantamiseksi. T\u00e4ll\u00e4 sivulla kuvataan, mit\u00e4 tietoja ne ker\u00e4\u00e4v\u00e4t, miten k\u00e4yt\u00e4mme niit\u00e4 ja miksi meid\u00e4n on joskus tallennettava n\u00e4it\u00e4 ev\u00e4steit\u00e4. Kerromme my\u00f6s, kuinka voit est\u00e4\u00e4 n\u00e4iden ev\u00e4steiden tallentamisen, mutta t\u00e4m\u00e4 voi heikent\u00e4\u00e4 tai rikkoa tiettyj\u00e4 sivuston toiminnallisuuden elementtej\u00e4.<\/p>\n\n\n\n<h3 class=\"wp-block-heading\">Kuinka k\u00e4yt\u00e4mme ev\u00e4steit\u00e4<\/h3>\n\n\n\n<p>K\u00e4yt\u00e4mme ev\u00e4steit\u00e4 useista eri syist\u00e4, jotka on kuvattu alla. Valitettavasti useimmissa tapauksissa ei ole olemassa alan standardivaihtoehtoja ev\u00e4steiden poistamiseksi k\u00e4yt\u00f6st\u00e4 poistamatta kokonaan niiden t\u00e4lle sivustolle lis\u00e4\u00e4mi\u00e4 toimintoja ja ominaisuuksia. On suositeltavaa, ett\u00e4 j\u00e4t\u00e4t kaikki ev\u00e4steet p\u00e4\u00e4lle, jos et ole varma, tarvitsetko niit\u00e4 vai et, jos niit\u00e4 k\u00e4ytet\u00e4\u00e4n k\u00e4ytt\u00e4m\u00e4si palvelun tarjoamiseen.<\/p>\n\n\n\n<h3 class=\"wp-block-heading\">Ev\u00e4steiden poistaminen k\u00e4yt\u00f6st\u00e4<\/h3>\n\n\n\n<p>Voit est\u00e4\u00e4 ev\u00e4steiden asettamisen muuttamalla selaimesi asetuksia (katso selaimesi ohjeesta, miten t\u00e4m\u00e4 tehd\u00e4\u00e4n). Huomaa, ett\u00e4 ev\u00e4steiden poistaminen k\u00e4yt\u00f6st\u00e4 vaikuttaa t\u00e4m\u00e4n ja monien muiden vierailemiesi verkkosivustojen toimintaan. Ev\u00e4steiden poistaminen k\u00e4yt\u00f6st\u00e4 johtaa yleens\u00e4 my\u00f6s tiettyjen sivuston toimintojen ja ominaisuuksien poistamiseen k\u00e4yt\u00f6st\u00e4. Siksi on suositeltavaa, ettet poista ev\u00e4steit\u00e4 k\u00e4yt\u00f6st\u00e4.<\/p>\n\n\n\n<h3 class=\"wp-block-heading\">Asetetut ev\u00e4steet<\/h3>\n\n\n\n<h3 class=\"wp-block-heading\">Kolmannen osapuolen ev\u00e4steet<\/h3>\n\n\n\n<p>Joissakin erityistapauksissa k\u00e4yt\u00e4mme my\u00f6s luotettavien kolmansien osapuolten tarjoamia ev\u00e4steit\u00e4. Seuraavassa osiossa kerrotaan, mit\u00e4 kolmannen osapuolen ev\u00e4steit\u00e4 saatat kohdata t\u00e4ll\u00e4 sivustolla.<\/p>\n\n\n\n<ul class=\"wp-block-list\">\n<li>Mainosten n\u00e4ytt\u00e4miseen k\u00e4ytt\u00e4m\u00e4mme Google AdSense -palvelu k\u00e4ytt\u00e4\u00e4 DoubleClick-ev\u00e4stett\u00e4 n\u00e4ytt\u00e4\u00e4kseen osuvampia mainoksia verkossa ja rajoittaakseen tietyn mainoksen n\u00e4ytt\u00f6kertojen m\u00e4\u00e4r\u00e4\u00e4 sinulle.<\/li>\n\n\n\n<li>Lis\u00e4tietoja Google AdSensesta on Google AdSensen virallisessa tietosuojaa koskevassa usein kysytyss\u00e4 osiossa.<\/li>\n\n\n\n<li>K\u00e4yt\u00e4mme mainoksia kattaaksemme t\u00e4m\u00e4n sivuston yll\u00e4pitokustannuksia ja rahoittaaksemme sen jatkokehityst\u00e4. T\u00e4m\u00e4n sivuston k\u00e4ytt\u00e4m\u00e4t k\u00e4ytt\u00e4ytymiseen perustuvan mainonnan ev\u00e4steet on suunniteltu varmistamaan, ett\u00e4 tarjoamme sinulle mahdollisimman osuvia mainoksia seuraamalla kiinnostuksen kohteitasi nimett\u00f6m\u00e4sti ja n\u00e4ytt\u00e4m\u00e4ll\u00e4 samankaltaisia asioita, jotka saattavat kiinnostaa sinua.<\/li>\n\n\n\n<li>Useat kumppanit mainostavat puolestamme, ja kumppanuusmarkkinointiev\u00e4steet antavat meille mahdollisuuden n\u00e4hd\u00e4, ovatko asiakkaamme tulleet sivustolle jonkin kumppanisivustomme kautta, jotta voimme hyvitt\u00e4\u00e4 heille asianmukaisesti ja tarvittaessa antaa kumppanuuskumppaniemme tarjota sinulle bonuksia ostoksen tekemisest\u00e4.<\/li>\n<\/ul>\n\n\n\n<h3 class=\"wp-block-heading\">K\u00e4ytt\u00e4j\u00e4n vastuut<\/h3>\n\n\n\n<p>K\u00e4ytt\u00e4j\u00e4 sitoutuu k\u00e4ytt\u00e4m\u00e4\u00e4n sivustolla tarjottua sis\u00e4lt\u00f6\u00e4 ja tietoja asianmukaisesti ja k\u00e4ytt\u00e4ytym\u00e4\u00e4n ilmeikk\u00e4\u00e4sti, mutta ei matkivasti:<\/p>\n\n\n\n<ul class=\"wp-block-list\">\n<li>A) Ei saa harjoittaa toimintaa, joka on laitonta tai vastoin vilpit\u00f6nt\u00e4 mielt\u00e4 ja yleist\u00e4 j\u00e4rjestyst\u00e4;<\/li>\n\n\n\n<li>B) Ei saa levitt\u00e4\u00e4 rasistista, muukalaisvihamielist\u00e4 tai uhkapeliin liittyv\u00e4\u00e4 propagandaa tai sis\u00e4lt\u00f6\u00e4, mink\u00e4\u00e4nlaista laitonta pornografiaa, terroristisia v\u00e4itteit\u00e4 tai ihmisoikeuksia loukkaavia v\u00e4itteit\u00e4;<\/li>\n\n\n\n<li>C) \u00c4l\u00e4 vahingoita lihapkin, sen toimittajien tai kolmansien osapuolten fyysisi\u00e4 j\u00e4rjestelmi\u00e4 (laitteisto) ja saavuttamattomia (ohjelmistoja), \u00e4l\u00e4k\u00e4 levit\u00e4 tietokoneviruksia tai muita laitteisto- tai ohjelmistoj\u00e4rjestelmi\u00e4, jotka voivat aiheuttaa edell\u00e4 mainittuja vahinkoja.<\/li>\n<\/ul>\n\n\n\n<h3 class=\"wp-block-heading\">Lis\u00e4tietoja<\/h3>\n\n\n\n<p>Toivottavasti t\u00e4m\u00e4 selvensi asioita sinulle, ja kuten aiemmin mainittiin, jos et ole varma, tarvitsetko ev\u00e4steit\u00e4 vai et, on yleens\u00e4 turvallisempaa pit\u00e4\u00e4 ne k\u00e4yt\u00f6ss\u00e4 silt\u00e4 varalta, ett\u00e4 ne vaikuttavat johonkin sivustollamme k\u00e4ytt\u00e4miisi ominaisuuksiin.<\/p>\n\n\n\n<p>T\u00e4m\u00e4 k\u00e4yt\u00e4nt\u00f6 on voimassa 9. huhtikuuta 2025 klo 10.35 alkaen.<\/p>","protected":false},"excerpt":{"rendered":"<p>Your privacy is important to us. It is lihapk&#8217;s policy to respect your privacy regarding any information we may collect [&hellip;]<\/p>\n","protected":false},"author":1,"featured_media":0,"parent":0,"menu_order":0,"comment_status":"closed","ping_status":"closed","template":"","meta":{"site-sidebar-layout":"default","site-content-layout":"","ast-site-content-layout":"","site-content-style":"default","site-sidebar-style":"default","ast-global-header-display":"","ast-banner-title-visibility":"","ast-main-header-display":"","ast-hfb-above-header-display":"","ast-hfb-below-header-display":"","ast-hfb-mobile-header-display":"","site-post-title":"","ast-breadcrumbs-content":"","ast-featured-img":"","footer-sml-layout":"","theme-transparent-header-meta":"","adv-header-id-meta":"","stick-header-meta":"","header-above-stick-meta":"","header-main-stick-meta":"","header-below-stick-meta":"","astra-migrate-meta-layouts":"default","ast-page-background-enabled":"default","ast-page-background-meta":{"desktop":{"background-color":"var(--ast-global-color-4)","background-image":"","background-repeat":"repeat","background-position":"center center","background-size":"auto","background-attachment":"scroll","background-type":"","background-media":"","overlay-type":"","overlay-color":"","overlay-opacity":"","overlay-gradient":""},"tablet":{"background-color":"","background-image":"","background-repeat":"repeat","background-position":"center center","background-size":"auto","background-attachment":"scroll","background-type":"","background-media":"","overlay-type":"","overlay-color":"","overlay-opacity":"","overlay-gradient":""},"mobile":{"background-color":"","background-image":"","background-repeat":"repeat","background-position":"center center","background-size":"auto","background-attachment":"scroll","background-type":"","background-media":"","overlay-type":"","overlay-color":"","overlay-opacity":"","overlay-gradient":""}},"ast-content-background-meta":{"desktop":{"background-color":"var(--ast-global-color-5)","background-image":"","background-repeat":"repeat","background-position":"center center","background-size":"auto","background-attachment":"scroll","background-type":"","background-media":"","overlay-type":"","overlay-color":"","overlay-opacity":"","overlay-gradient":""},"tablet":{"background-color":"var(--ast-global-color-5)","background-image":"","background-repeat":"repeat","background-position":"center center","background-size":"auto","background-attachment":"scroll","background-type":"","background-media":"","overlay-type":"","overlay-color":"","overlay-opacity":"","overlay-gradient":""},"mobile":{"background-color":"var(--ast-global-color-5)","background-image":"","background-repeat":"repeat","background-position":"center center","background-size":"auto","background-attachment":"scroll","background-type":"","background-media":"","overlay-type":"","overlay-color":"","overlay-opacity":"","overlay-gradient":""}},"footnotes":""},"class_list":["post-15","page","type-page","status-publish","hentry"],"_links":{"self":[{"href":"https:\/\/lihapk.com\/fi\/wp-json\/wp\/v2\/pages\/15","targetHints":{"allow":["GET"]}}],"collection":[{"href":"https:\/\/lihapk.com\/fi\/wp-json\/wp\/v2\/pages"}],"about":[{"href":"https:\/\/lihapk.com\/fi\/wp-json\/wp\/v2\/types\/page"}],"author":[{"embeddable":true,"href":"https:\/\/lihapk.com\/fi\/wp-json\/wp\/v2\/users\/1"}],"replies":[{"embeddable":true,"href":"https:\/\/lihapk.com\/fi\/wp-json\/wp\/v2\/comments?post=15"}],"version-history":[{"count":1,"href":"https:\/\/lihapk.com\/fi\/wp-json\/wp\/v2\/pages\/15\/revisions"}],"predecessor-version":[{"id":16,"href":"https:\/\/lihapk.com\/fi\/wp-json\/wp\/v2\/pages\/15\/revisions\/16"}],"wp:attachment":[{"href":"https:\/\/lihapk.com\/fi\/wp-json\/wp\/v2\/media?parent=15"}],"curies":[{"name":"wp","href":"https:\/\/api.w.org\/{rel}","templated":true}]}}