{"id":81,"date":"2025-05-26T10:01:23","date_gmt":"2025-05-26T10:01:23","guid":{"rendered":"https:\/\/lihapk.com\/?page_id=81"},"modified":"2025-05-26T10:01:25","modified_gmt":"2025-05-26T10:01:25","slug":"about-us","status":"publish","type":"page","link":"https:\/\/lihapk.com\/fi\/about-us\/","title":{"rendered":"Tietoa meist\u00e4"},"content":{"rendered":"<p>Tervetuloa <strong>Lihapk.com<\/strong> \u2014 ensisijainen osoitteesi kuratoituun sis\u00e4lt\u00f6\u00f6n, trendaaviin tarinoihin ja kiinnostaviin n\u00e4kemyksiin ymp\u00e4ri maailmaa.<\/p>\n\n\n\n<p>Klo <strong>Lihapk<\/strong>, olemme erikoistuneet tarjoamaan nopeita, relevantteja ja mukaansatempaavia sis\u00e4lt\u00f6kokemuksia monilla eri aloilla, kuten el\u00e4m\u00e4ntyyli, viihde, terveys, teknologia ja paljon muuta. Tavoitteenamme on yksinkertaistaa tapaa, jolla ihmiset p\u00e4\u00e4sev\u00e4t k\u00e4siksi hy\u00f6dylliseen tietoon verkossa, ja samalla luoda saumaton k\u00e4ytt\u00f6kokemus, joka on optimoitu kaikille laitteille.<\/p>\n\n\n\n<p>Teemme yhteisty\u00f6t\u00e4 premium-mediakumppaneiden ja mainosalustojen verkoston kanssa varmistaaksemme, ett\u00e4 k\u00e4ytt\u00e4j\u00e4mme nauttivat korkealaatuisista artikkeleista, joita tukee h\u00e4iritsem\u00e4t\u00f6n ja relevantti mainonta. Hy\u00f6dynt\u00e4m\u00e4ll\u00e4 dataa, teknologiaa ja yleis\u00f6tietoja alustamme kehittyy jatkuvasti tuodakseen oikean sis\u00e4ll\u00f6n oikeille ihmisille oikeaan aikaan.<\/p>\n\n\n\n<h3 class=\"wp-block-heading\">Mik\u00e4 tekee meist\u00e4 erilaisia?<\/h3>\n\n\n\n<ul class=\"wp-block-list\">\n<li>\ud83e\udde0 <strong>\u00c4lyk\u00e4s sis\u00e4lt\u00f6strategia<\/strong>Valitsemme tarinat datatrendien ja k\u00e4ytt\u00e4jien sitoutumisen perusteella, emme satunnaisten arvailujen.<\/li>\n\n\n\n<li>\u26a1 <strong>Nopeasti latautuvat sivut<\/strong>Optimoitu nopeudelle, jotta poistumisprosentti pienenee ja k\u00e4ytt\u00f6kokemus paranee.<\/li>\n\n\n\n<li>\ud83c\udfaf <strong>Asiaankuuluva rahaksi muuttaminen<\/strong>Teemme yhteisty\u00f6t\u00e4 huipputason mainosalustojen kanssa varmistaaksemme, ett\u00e4 sis\u00e4ll\u00f6n ansaitseminen kunnioittaa k\u00e4ytt\u00e4jien luottamusta ja on luettavaa.<\/li>\n<\/ul>\n\n\n\n<p>Olitpa sitten saapunut t\u00e4nne sosiaalisen median julkaisun, uutissy\u00f6tteen tai jonkin kumppanisivustomme kautta \u2013 olemme iloisia, ett\u00e4 olet t\u00e4\u00e4ll\u00e4.<\/p>\n\n\n\n<p>Kiitos k\u00e4ynnist\u00e4si <strong>Lihapk.com<\/strong>.<\/p>\n\n\n\n<blockquote class=\"wp-block-quote is-layout-flow wp-block-quote-is-layout-flow\">\n<p>Haluatko ottaa yhteytt\u00e4? K\u00e4y sivuillamme <a>Yhteystiedot<\/a> tai ota yhteytt\u00e4 s\u00e4hk\u00f6postitse osoitteeseen: <strong><a>contact@lihapk.com<\/a><\/strong><\/p>\n<\/blockquote>","protected":false},"excerpt":{"rendered":"<p>Welcome to Lihapk.com \u2014 your go-to destination for curated content, trending stories, and high-engagement insights from around the world. At [&hellip;]<\/p>\n","protected":false},"author":1,"featured_media":0,"parent":0,"menu_order":0,"comment_status":"closed","ping_status":"closed","template":"","meta":{"site-sidebar-layout":"default","site-content-layout":"","ast-site-content-layout":"","site-content-style":"default","site-sidebar-style":"default","ast-global-header-display":"","ast-banner-title-visibility":"","ast-main-header-display":"","ast-hfb-above-header-display":"","ast-hfb-below-header-display":"","ast-hfb-mobile-header-display":"","site-post-title":"","ast-breadcrumbs-content":"","ast-featured-img":"","footer-sml-layout":"","theme-transparent-header-meta":"","adv-header-id-meta":"","stick-header-meta":"","header-above-stick-meta":"","header-main-stick-meta":"","header-below-stick-meta":"","astra-migrate-meta-layouts":"default","ast-page-background-enabled":"default","ast-page-background-meta":{"desktop":{"background-color":"var(--ast-global-color-4)","background-image":"","background-repeat":"repeat","background-position":"center center","background-size":"auto","background-attachment":"scroll","background-type":"","background-media":"","overlay-type":"","overlay-color":"","overlay-opacity":"","overlay-gradient":""},"tablet":{"background-color":"","background-image":"","background-repeat":"repeat","background-position":"center center","background-size":"auto","background-attachment":"scroll","background-type":"","background-media":"","overlay-type":"","overlay-color":"","overlay-opacity":"","overlay-gradient":""},"mobile":{"background-color":"","background-image":"","background-repeat":"repeat","background-position":"center center","background-size":"auto","background-attachment":"scroll","background-type":"","background-media":"","overlay-type":"","overlay-color":"","overlay-opacity":"","overlay-gradient":""}},"ast-content-background-meta":{"desktop":{"background-color":"var(--ast-global-color-5)","background-image":"","background-repeat":"repeat","background-position":"center center","background-size":"auto","background-attachment":"scroll","background-type":"","background-media":"","overlay-type":"","overlay-color":"","overlay-opacity":"","overlay-gradient":""},"tablet":{"background-color":"var(--ast-global-color-5)","background-image":"","background-repeat":"repeat","background-position":"center center","background-size":"auto","background-attachment":"scroll","background-type":"","background-media":"","overlay-type":"","overlay-color":"","overlay-opacity":"","overlay-gradient":""},"mobile":{"background-color":"var(--ast-global-color-5)","background-image":"","background-repeat":"repeat","background-position":"center center","background-size":"auto","background-attachment":"scroll","background-type":"","background-media":"","overlay-type":"","overlay-color":"","overlay-opacity":"","overlay-gradient":""}},"footnotes":""},"class_list":["post-81","page","type-page","status-publish","hentry"],"_links":{"self":[{"href":"https:\/\/lihapk.com\/fi\/wp-json\/wp\/v2\/pages\/81","targetHints":{"allow":["GET"]}}],"collection":[{"href":"https:\/\/lihapk.com\/fi\/wp-json\/wp\/v2\/pages"}],"about":[{"href":"https:\/\/lihapk.com\/fi\/wp-json\/wp\/v2\/types\/page"}],"author":[{"embeddable":true,"href":"https:\/\/lihapk.com\/fi\/wp-json\/wp\/v2\/users\/1"}],"replies":[{"embeddable":true,"href":"https:\/\/lihapk.com\/fi\/wp-json\/wp\/v2\/comments?post=81"}],"version-history":[{"count":1,"href":"https:\/\/lihapk.com\/fi\/wp-json\/wp\/v2\/pages\/81\/revisions"}],"predecessor-version":[{"id":82,"href":"https:\/\/lihapk.com\/fi\/wp-json\/wp\/v2\/pages\/81\/revisions\/82"}],"wp:attachment":[{"href":"https:\/\/lihapk.com\/fi\/wp-json\/wp\/v2\/media?parent=81"}],"curies":[{"name":"wp","href":"https:\/\/api.w.org\/{rel}","templated":true}]}}