{"id":83,"date":"2025-05-26T10:04:05","date_gmt":"2025-05-26T10:04:05","guid":{"rendered":"https:\/\/lihapk.com\/?page_id=83"},"modified":"2025-05-26T10:04:07","modified_gmt":"2025-05-26T10:04:07","slug":"cookie-policy","status":"publish","type":"page","link":"https:\/\/lihapk.com\/fi\/cookie-policy\/","title":{"rendered":"Ev\u00e4stek\u00e4yt\u00e4nt\u00f6"},"content":{"rendered":"<p>T\u00e4m\u00e4 ev\u00e4stek\u00e4yt\u00e4nt\u00f6 selitt\u00e4\u00e4, miten <strong>Lihapk.com<\/strong> (&#8220;<strong>me<\/strong>&#8220;, &#8220;<strong>meid\u00e4n<\/strong>&quot; tai &quot;<strong>verkkosivusto<\/strong>\u201c) k\u00e4ytt\u00e4\u00e4 ev\u00e4steit\u00e4 ja vastaavia seurantatekniikoita k\u00e4vij\u00f6iden tunnistamiseen, heid\u00e4n mieltymystens\u00e4 ymm\u00e4rt\u00e4miseen ja selauskokemuksen parantamiseen alustallamme.<\/p>\n\n\n\n<p>T\u00e4t\u00e4 k\u00e4yt\u00e4nt\u00f6\u00e4 tulee lukea yhdess\u00e4 meid\u00e4n kanssamme <a>Tietosuojak\u00e4yt\u00e4nt\u00f6<\/a>.<\/p>\n\n\n\n<hr class=\"wp-block-separator has-alpha-channel-opacity\"\/>\n\n\n\n<h3 class=\"wp-block-heading\"><strong>1. Mit\u00e4 ev\u00e4steet ovat?<\/strong><\/h3>\n\n\n\n<p>Ev\u00e4steet ovat pieni\u00e4 tekstitiedostoja, joita vierailemasi verkkosivustot tallentavat laitteellesi. Niit\u00e4 k\u00e4ytet\u00e4\u00e4n laajalti verkkosivustojen moitteettoman toiminnan varmistamiseksi, tehokkuuden parantamiseksi, tilastotietojen tarjoamiseksi verkkosivustojen omistajille ja yksil\u00f6llisten kokemusten, mukaan lukien mainonnan, tarjoamiseksi.<\/p>\n\n\n\n<hr class=\"wp-block-separator has-alpha-channel-opacity\"\/>\n\n\n\n<h3 class=\"wp-block-heading\"><strong>2. K\u00e4ytt\u00e4m\u00e4mme ev\u00e4stetyypit<\/strong><\/h3>\n\n\n\n<p>K\u00e4yt\u00e4mme seuraaviin luokkiin kuuluvia ev\u00e4steit\u00e4:<\/p>\n\n\n\n<h4 class=\"wp-block-heading\"><strong>2.1 Ehdottoman v\u00e4ltt\u00e4m\u00e4tt\u00f6m\u00e4t ev\u00e4steet<\/strong><\/h4>\n\n\n\n<p>N\u00e4m\u00e4 ev\u00e4steet ovat v\u00e4ltt\u00e4m\u00e4tt\u00f6mi\u00e4 verkkosivustomme toiminnalle. Ne mahdollistavat perustoiminnot, kuten sivulla navigoinnin, istunnonhallinnan ja turvaominaisuudet.<\/p>\n\n\n\n<h4 class=\"wp-block-heading\"><strong>2.2 Suorituskyky- ja analytiikkaev\u00e4steet<\/strong><\/h4>\n\n\n\n<p>N\u00e4iden ev\u00e4steiden avulla voimme ker\u00e4t\u00e4 anonymisoitua tietoa siit\u00e4, miten k\u00e4vij\u00e4t ovat vuorovaikutuksessa verkkosivustomme kanssa. K\u00e4yt\u00e4mme palveluita, kuten <strong>Google Analytics<\/strong> seurata liikenteen l\u00e4hteit\u00e4, poistumisprosentteja, sivulla vietetty\u00e4 aikaa ja laitetyyppej\u00e4.<\/p>\n\n\n\n<h4 class=\"wp-block-heading\"><strong>2.3 Toiminnalliset ev\u00e4steet<\/strong><\/h4>\n\n\n\n<p>N\u00e4m\u00e4 ev\u00e4steet mahdollistavat parannetun toiminnallisuuden ja personoinnin, kuten k\u00e4ytt\u00e4j\u00e4n asetusten tai aiemmin vierailtujen sivujen muistamisen.<\/p>\n\n\n\n<h4 class=\"wp-block-heading\"><strong>2.4 Mainonta- ja kohdentamisev\u00e4steet<\/strong><\/h4>\n\n\n\n<p>Teemme yhteisty\u00f6t\u00e4 kolmansien osapuolten mainosalustojen kanssa, kuten <strong>Google-mainoshallinta<\/strong>, <strong>AdSense<\/strong>ja <strong>ohjelmalliset vaihdot<\/strong>, joka voi asettaa ev\u00e4steit\u00e4 r\u00e4\u00e4t\u00e4l\u00f6ityjen mainosten n\u00e4ytt\u00e4miseksi, toistuvien mainosten rajoittamiseksi ja kampanjoiden tehokkuuden mittaamiseksi.<\/p>\n\n\n\n<p>N\u00e4m\u00e4 ev\u00e4steet voivat seurata selausk\u00e4ytt\u00e4ytymist\u00e4si eri verkkosivustoilla.<\/p>\n\n\n\n<hr class=\"wp-block-separator has-alpha-channel-opacity\"\/>\n\n\n\n<h3 class=\"wp-block-heading\"><strong>3. Kolmannen osapuolen ev\u00e4steet<\/strong><\/h3>\n\n\n\n<p>Kolmannen osapuolen ev\u00e4steit\u00e4 voivat asettaa verkkotunnukset, joita emme yll\u00e4pid\u00e4. N\u00e4it\u00e4 ovat:<\/p>\n\n\n\n<ul class=\"wp-block-list\">\n<li><strong>Google (DoubleClick \/ AdSense \/ GA4)<\/strong><\/li>\n\n\n\n<li><strong>JoinAds tai siihen liittyv\u00e4t SSP:t\/DSP:t<\/strong><\/li>\n\n\n\n<li><strong>Analytiikka-alustat ja suostumusten hallintaty\u00f6kalut<\/strong><\/li>\n<\/ul>\n\n\n\n<p>Jokainen kolmas osapuoli on vastuussa omista ev\u00e4stek\u00e4yt\u00e4nn\u00f6ist\u00e4\u00e4n, joita s\u00e4\u00e4telev\u00e4t heid\u00e4n omat tietosuojak\u00e4yt\u00e4nt\u00f6ns\u00e4.<\/p>\n\n\n\n<hr class=\"wp-block-separator has-alpha-channel-opacity\"\/>\n\n\n\n<h3 class=\"wp-block-heading\"><strong>4. K\u00e4sittelyn oikeusperusta (GDPR-vaatimustenmukaisuus)<\/strong><\/h3>\n\n\n\n<p>Yleisen tietosuoja-asetuksen (GDPR) nojalla k\u00e4sittelemme ei-v\u00e4ltt\u00e4m\u00e4tt\u00f6mi\u00e4 ev\u00e4steit\u00e4 vasta saatuamme nimenomaisen suostumuksesi <strong>ev\u00e4stebanneri tai suostumusten hallinta-alusta (CMP)<\/strong>.<\/p>\n\n\n\n<p>EU:n\/ETA:n k\u00e4ytt\u00e4jille:<\/p>\n\n\n\n<ul class=\"wp-block-list\">\n<li>V\u00e4ltt\u00e4m\u00e4tt\u00f6m\u00e4t ev\u00e4steet on asetettu oletuksena.<\/li>\n\n\n\n<li>Ei-v\u00e4ltt\u00e4m\u00e4tt\u00f6m\u00e4t ev\u00e4steet (mainonta, analytiikka) aktivoidaan vasta suostumuksen antamisen j\u00e4lkeen.<\/li>\n<\/ul>\n\n\n\n<hr class=\"wp-block-separator has-alpha-channel-opacity\"\/>\n\n\n\n<h3 class=\"wp-block-heading\"><strong>5. Ev\u00e4steasetuksien hallinta<\/strong><\/h3>\n\n\n\n<p>Voit hallita ja hallita ev\u00e4steit\u00e4 useilla tavoilla:<\/p>\n\n\n\n<ul class=\"wp-block-list\">\n<li><strong>Selainasetukset<\/strong>Useimmat selaimet antavat sinun est\u00e4\u00e4 tai poistaa ev\u00e4steit\u00e4 asetuksista.<\/li>\n\n\n\n<li><strong>Kielt\u00e4ytymisty\u00f6kalut<\/strong>:\n<ul class=\"wp-block-list\">\n<li><a class=\"\" href=\"https:\/\/adssettings.google.com\">Google Ads -asetukset<\/a><\/li>\n\n\n\n<li><a>Verkkomainonta-aloite (NAI)<\/a><\/li>\n\n\n\n<li><a>Mainosvalintasi<\/a><\/li>\n<\/ul>\n<\/li>\n<\/ul>\n\n\n\n<p>Huomaathan, ett\u00e4 ev\u00e4steiden poistaminen k\u00e4yt\u00f6st\u00e4 voi heikent\u00e4\u00e4 verkkosivuston toimivuutta.<\/p>\n\n\n\n<hr class=\"wp-block-separator has-alpha-channel-opacity\"\/>\n\n\n\n<h3 class=\"wp-block-heading\"><strong>6. Kalifornian asukkaat (CCPA-ilmoitus)<\/strong><\/h3>\n\n\n\n<p>Jos asut Kaliforniassa, sinulla on oikeus kielt\u00e4\u00e4 henkil\u00f6tietojesi myynti, mukaan lukien kohdennettuun mainontaan k\u00e4ytett\u00e4v\u00e4t ev\u00e4steet. Voit k\u00e4ytt\u00e4\u00e4 t\u00e4t\u00e4 oikeutta napsauttamalla verkkosivustomme alatunnisteessa olevaa \u201d\u00c4l\u00e4 myy henkil\u00f6tietojani\u201d -linkki\u00e4 tai ottamalla meihin suoraan yhteytt\u00e4.<\/p>\n\n\n\n<hr class=\"wp-block-separator has-alpha-channel-opacity\"\/>\n\n\n\n<h3 class=\"wp-block-heading\"><strong>7. T\u00e4m\u00e4n ev\u00e4stek\u00e4yt\u00e4nn\u00f6n p\u00e4ivitykset<\/strong><\/h3>\n\n\n\n<p>Saatamme p\u00e4ivitt\u00e4\u00e4 t\u00e4t\u00e4 ev\u00e4stek\u00e4yt\u00e4nt\u00f6\u00e4 aika ajoin lains\u00e4\u00e4d\u00e4nn\u00f6n, teknologian tai k\u00e4yt\u00e4nt\u00f6jemme muutosten huomioon ottamiseksi. Kaikki p\u00e4ivitykset julkaistaan t\u00e4ll\u00e4 sivulla tarkistetulla &quot;Viimeksi p\u00e4ivitetty&quot; -p\u00e4iv\u00e4m\u00e4\u00e4r\u00e4ll\u00e4.<\/p>\n\n\n\n<hr class=\"wp-block-separator has-alpha-channel-opacity\"\/>\n\n\n\n<h3 class=\"wp-block-heading\"><strong>8. Yhteystiedot<\/strong><\/h3>\n\n\n\n<p>Jos sinulla on kysytt\u00e4v\u00e4\u00e4 t\u00e4st\u00e4 ev\u00e4stek\u00e4yt\u00e4nn\u00f6st\u00e4 tai tietojenk\u00e4sittelytavoistamme, ota meihin yhteytt\u00e4:<\/p>\n\n\n\n<p>\ud83d\udce7 <strong>S\u00e4hk\u00f6posti<\/strong>: <a>contact@lihapk.com<\/a><br>\ud83c\udf10 <strong>Verkkosivusto<\/strong>: <a class=\"\" href=\"https:\/\/lihapk.com\/fi\/\">https:\/\/lihapk.com<\/a><\/p>","protected":false},"excerpt":{"rendered":"<p>This Cookie Policy explains how Lihapk.com (&#8220;we&#8220;, &#8220;our&#8220;, or &#8220;the Website&#8220;) uses cookies and similar tracking technologies to recognize visitors, [&hellip;]<\/p>\n","protected":false},"author":1,"featured_media":0,"parent":0,"menu_order":0,"comment_status":"closed","ping_status":"closed","template":"","meta":{"site-sidebar-layout":"default","site-content-layout":"","ast-site-content-layout":"","site-content-style":"default","site-sidebar-style":"default","ast-global-header-display":"","ast-banner-title-visibility":"","ast-main-header-display":"","ast-hfb-above-header-display":"","ast-hfb-below-header-display":"","ast-hfb-mobile-header-display":"","site-post-title":"","ast-breadcrumbs-content":"","ast-featured-img":"","footer-sml-layout":"","theme-transparent-header-meta":"","adv-header-id-meta":"","stick-header-meta":"","header-above-stick-meta":"","header-main-stick-meta":"","header-below-stick-meta":"","astra-migrate-meta-layouts":"default","ast-page-background-enabled":"default","ast-page-background-meta":{"desktop":{"background-color":"var(--ast-global-color-4)","background-image":"","background-repeat":"repeat","background-position":"center center","background-size":"auto","background-attachment":"scroll","background-type":"","background-media":"","overlay-type":"","overlay-color":"","overlay-opacity":"","overlay-gradient":""},"tablet":{"background-color":"","background-image":"","background-repeat":"repeat","background-position":"center center","background-size":"auto","background-attachment":"scroll","background-type":"","background-media":"","overlay-type":"","overlay-color":"","overlay-opacity":"","overlay-gradient":""},"mobile":{"background-color":"","background-image":"","background-repeat":"repeat","background-position":"center center","background-size":"auto","background-attachment":"scroll","background-type":"","background-media":"","overlay-type":"","overlay-color":"","overlay-opacity":"","overlay-gradient":""}},"ast-content-background-meta":{"desktop":{"background-color":"var(--ast-global-color-5)","background-image":"","background-repeat":"repeat","background-position":"center center","background-size":"auto","background-attachment":"scroll","background-type":"","background-media":"","overlay-type":"","overlay-color":"","overlay-opacity":"","overlay-gradient":""},"tablet":{"background-color":"var(--ast-global-color-5)","background-image":"","background-repeat":"repeat","background-position":"center center","background-size":"auto","background-attachment":"scroll","background-type":"","background-media":"","overlay-type":"","overlay-color":"","overlay-opacity":"","overlay-gradient":""},"mobile":{"background-color":"var(--ast-global-color-5)","background-image":"","background-repeat":"repeat","background-position":"center center","background-size":"auto","background-attachment":"scroll","background-type":"","background-media":"","overlay-type":"","overlay-color":"","overlay-opacity":"","overlay-gradient":""}},"footnotes":""},"class_list":["post-83","page","type-page","status-publish","hentry"],"_links":{"self":[{"href":"https:\/\/lihapk.com\/fi\/wp-json\/wp\/v2\/pages\/83","targetHints":{"allow":["GET"]}}],"collection":[{"href":"https:\/\/lihapk.com\/fi\/wp-json\/wp\/v2\/pages"}],"about":[{"href":"https:\/\/lihapk.com\/fi\/wp-json\/wp\/v2\/types\/page"}],"author":[{"embeddable":true,"href":"https:\/\/lihapk.com\/fi\/wp-json\/wp\/v2\/users\/1"}],"replies":[{"embeddable":true,"href":"https:\/\/lihapk.com\/fi\/wp-json\/wp\/v2\/comments?post=83"}],"version-history":[{"count":1,"href":"https:\/\/lihapk.com\/fi\/wp-json\/wp\/v2\/pages\/83\/revisions"}],"predecessor-version":[{"id":84,"href":"https:\/\/lihapk.com\/fi\/wp-json\/wp\/v2\/pages\/83\/revisions\/84"}],"wp:attachment":[{"href":"https:\/\/lihapk.com\/fi\/wp-json\/wp\/v2\/media?parent=83"}],"curies":[{"name":"wp","href":"https:\/\/api.w.org\/{rel}","templated":true}]}}