{"id":15,"date":"2025-04-09T10:36:30","date_gmt":"2025-04-09T10:36:30","guid":{"rendered":"https:\/\/lihapk.com\/?page_id=15"},"modified":"2025-04-09T10:36:32","modified_gmt":"2025-04-09T10:36:32","slug":"privacy-policy","status":"publish","type":"page","link":"https:\/\/lihapk.com\/fr\/privacy-policy\/","title":{"rendered":"politique de confidentialit\u00e9"},"content":{"rendered":"<p>Votre vie priv\u00e9e est importante pour nous. Lihapk a pour politique de respecter votre vie priv\u00e9e concernant toute information que nous collectons sur notre site web. <a href=\"https:\/\/lihapk.com\/fr\/\">lihapk<\/a>, et d\u2019autres sites que nous poss\u00e9dons et exploitons.<\/p>\n\n\n\n<p>Nous ne vous demandons des informations personnelles que lorsque nous en avons r\u00e9ellement besoin pour vous fournir un service. Nous les collectons de mani\u00e8re juste et l\u00e9gale, avec votre consentement. Nous vous informons \u00e9galement des raisons pour lesquelles nous les collectons et de l&#039;utilisation qui en sera faite.<\/p>\n\n\n\n<p>Nous conservons les informations collect\u00e9es uniquement le temps n\u00e9cessaire pour vous fournir le service demand\u00e9. Nous prot\u00e9geons les donn\u00e9es que nous stockons par des moyens commercialement acceptables afin de pr\u00e9venir la perte et le vol, ainsi que l&#039;acc\u00e8s, la divulgation, la copie, l&#039;utilisation ou la modification non autoris\u00e9s.<\/p>\n\n\n\n<p>Nous ne partageons aucune information d&#039;identification personnelle publiquement ou avec des tiers, sauf lorsque la loi l&#039;exige.<\/p>\n\n\n\n<p>Notre site web peut contenir des liens vers des sites externes que nous n&#039;exploitons pas. Veuillez noter que nous n&#039;avons aucun contr\u00f4le sur le contenu et les pratiques de ces sites et d\u00e9clinons toute responsabilit\u00e9 quant \u00e0 leurs politiques de confidentialit\u00e9 respectives.<\/p>\n\n\n\n<p>Vous \u00eates libre de refuser notre demande de renseignements personnels, sachant que nous pourrions ne pas \u00eatre en mesure de vous fournir certains des services souhait\u00e9s.<\/p>\n\n\n\n<p>Votre utilisation continue de notre site web vaut acceptation de nos pratiques en mati\u00e8re de confidentialit\u00e9 et de donn\u00e9es personnelles. Pour toute question concernant la gestion des donn\u00e9es utilisateur et des donn\u00e9es personnelles, n&#039;h\u00e9sitez pas \u00e0 nous contacter.<\/p>\n\n\n\n<h2 class=\"wp-block-heading\">Politique relative aux cookies pour lihapk<\/h2>\n\n\n\n<p>Ceci est la politique relative aux cookies de lihapk, accessible depuis l&#039;URL https:\/\/lihapk.com\/.<\/p>\n\n\n\n<h3 class=\"wp-block-heading\">Que sont les cookies<\/h3>\n\n\n\n<p>Comme c&#039;est souvent le cas sur la plupart des sites web professionnels, ce site utilise des cookies, de minuscules fichiers t\u00e9l\u00e9charg\u00e9s sur votre ordinateur pour am\u00e9liorer votre exp\u00e9rience. Cette page d\u00e9crit les informations collect\u00e9es, leur utilisation et les raisons pour lesquelles nous devons parfois les stocker. Nous vous expliquerons \u00e9galement comment les emp\u00eacher, mais cela peut alt\u00e9rer ou perturber certaines fonctionnalit\u00e9s du site.<\/p>\n\n\n\n<h3 class=\"wp-block-heading\">Comment nous utilisons les cookies<\/h3>\n\n\n\n<p>Nous utilisons des cookies pour diverses raisons, d\u00e9taill\u00e9es ci-dessous. Malheureusement, dans la plupart des cas, il n&#039;existe pas de solution standard permettant de d\u00e9sactiver les cookies sans d\u00e9sactiver compl\u00e8tement les fonctionnalit\u00e9s qu&#039;ils ajoutent \u00e0 ce site. Il est recommand\u00e9 de conserver tous les cookies si vous n&#039;\u00eates pas s\u00fbr de leur utilit\u00e9, notamment s&#039;ils sont utilis\u00e9s pour fournir un service que vous utilisez.<\/p>\n\n\n\n<h3 class=\"wp-block-heading\">D\u00e9sactiver les cookies<\/h3>\n\n\n\n<p>Vous pouvez emp\u00eacher l&#039;installation de cookies en modifiant les param\u00e8tres de votre navigateur (consultez l&#039;aide de votre navigateur pour savoir comment proc\u00e9der). Sachez que la d\u00e9sactivation des cookies affectera le fonctionnement de ce site et de nombreux autres sites web que vous consultez. La d\u00e9sactivation des cookies entra\u00eene g\u00e9n\u00e9ralement la d\u00e9sactivation de certaines fonctionnalit\u00e9s de ce site. Il est donc recommand\u00e9 de ne pas d\u00e9sactiver les cookies.<\/p>\n\n\n\n<h3 class=\"wp-block-heading\">Les cookies que nous utilisons<\/h3>\n\n\n\n<h3 class=\"wp-block-heading\">Cookies tiers<\/h3>\n\n\n\n<p>Dans certains cas particuliers, nous utilisons \u00e9galement des cookies fournis par des tiers de confiance. La section suivante d\u00e9taille les cookies tiers que vous pourriez rencontrer sur ce site.<\/p>\n\n\n\n<ul class=\"wp-block-list\">\n<li>Le service Google AdSense que nous utilisons pour diffuser des publicit\u00e9s utilise un cookie DoubleClick pour diffuser des annonces plus pertinentes sur le Web et limiter le nombre de fois qu&#039;une annonce donn\u00e9e vous est pr\u00e9sent\u00e9e.<\/li>\n\n\n\n<li>Pour plus d&#039;informations sur Google AdSense, consultez la FAQ officielle sur la confidentialit\u00e9 de Google AdSense.<\/li>\n\n\n\n<li>Nous utilisons des publicit\u00e9s pour compenser les co\u00fbts de fonctionnement de ce site et financer son d\u00e9veloppement. Les cookies de publicit\u00e9 comportementale utilis\u00e9s par ce site sont con\u00e7us pour vous proposer les publicit\u00e9s les plus pertinentes possible, en suivant anonymement vos centres d&#039;int\u00e9r\u00eat et en vous pr\u00e9sentant des contenus similaires susceptibles de vous int\u00e9resser.<\/li>\n\n\n\n<li>Plusieurs partenaires font de la publicit\u00e9 en notre nom et les cookies de suivi d&#039;affiliation nous permettent simplement de voir si nos clients sont venus sur le site via l&#039;un de nos sites partenaires afin que nous puissions les cr\u00e9diter de mani\u00e8re appropri\u00e9e et, le cas \u00e9ch\u00e9ant, permettre \u00e0 nos partenaires affili\u00e9s de fournir tout bonus qu&#039;ils peuvent vous fournir pour effectuer un achat.<\/li>\n<\/ul>\n\n\n\n<h3 class=\"wp-block-heading\">Responsabilit\u00e9s de l&#039;utilisateur<\/h3>\n\n\n\n<p>L&#039;utilisateur s&#039;engage \u00e0 faire un usage appropri\u00e9 des contenus et informations propos\u00e9s sur le site avec un comportement \u00e9nonciatif, mais non imitatif :<\/p>\n\n\n\n<ul class=\"wp-block-list\">\n<li>A) Ne pas se livrer \u00e0 des activit\u00e9s ill\u00e9gales ou contraires \u00e0 la bonne foi et \u00e0 l\u2019ordre public ;<\/li>\n\n\n\n<li>B) Ne pas diffuser de propagande ou de contenu \u00e0 caract\u00e8re raciste, x\u00e9nophobe ou de jeu, ni de pornographie ill\u00e9gale, ni d&#039;all\u00e9gations terroristes ou contraires aux droits de l&#039;homme ;<\/li>\n\n\n\n<li>C) Ne pas causer de dommages aux syst\u00e8mes physiques (mat\u00e9riel) et inaccessibles (logiciels) de lihapk, de ses fournisseurs ou de tiers, ni introduire ou diffuser des virus informatiques ou tout autre syst\u00e8me mat\u00e9riel ou logiciel susceptible de causer les dommages mentionn\u00e9s pr\u00e9c\u00e9demment.<\/li>\n<\/ul>\n\n\n\n<h3 class=\"wp-block-heading\">Plus d&#039;informations<\/h3>\n\n\n\n<p>J&#039;esp\u00e8re que cela a clarifi\u00e9 les choses pour vous et comme cela a \u00e9t\u00e9 mentionn\u00e9 pr\u00e9c\u00e9demment, s&#039;il y a quelque chose dont vous n&#039;\u00eates pas s\u00fbr d&#039;avoir besoin ou non, il est g\u00e9n\u00e9ralement plus s\u00fbr de laisser les cookies activ\u00e9s au cas o\u00f9 ils interagiraient avec l&#039;une des fonctionnalit\u00e9s que vous utilisez sur notre site.<\/p>\n\n\n\n<p>Cette politique est en vigueur \u00e0 compter du 9 avril 2025 \u00e0 10h35.<\/p>","protected":false},"excerpt":{"rendered":"<p>Your privacy is important to us. It is lihapk&#8217;s policy to respect your privacy regarding any information we may collect [&hellip;]<\/p>\n","protected":false},"author":1,"featured_media":0,"parent":0,"menu_order":0,"comment_status":"closed","ping_status":"closed","template":"","meta":{"site-sidebar-layout":"default","site-content-layout":"","ast-site-content-layout":"","site-content-style":"default","site-sidebar-style":"default","ast-global-header-display":"","ast-banner-title-visibility":"","ast-main-header-display":"","ast-hfb-above-header-display":"","ast-hfb-below-header-display":"","ast-hfb-mobile-header-display":"","site-post-title":"","ast-breadcrumbs-content":"","ast-featured-img":"","footer-sml-layout":"","theme-transparent-header-meta":"","adv-header-id-meta":"","stick-header-meta":"","header-above-stick-meta":"","header-main-stick-meta":"","header-below-stick-meta":"","astra-migrate-meta-layouts":"default","ast-page-background-enabled":"default","ast-page-background-meta":{"desktop":{"background-color":"var(--ast-global-color-4)","background-image":"","background-repeat":"repeat","background-position":"center center","background-size":"auto","background-attachment":"scroll","background-type":"","background-media":"","overlay-type":"","overlay-color":"","overlay-opacity":"","overlay-gradient":""},"tablet":{"background-color":"","background-image":"","background-repeat":"repeat","background-position":"center center","background-size":"auto","background-attachment":"scroll","background-type":"","background-media":"","overlay-type":"","overlay-color":"","overlay-opacity":"","overlay-gradient":""},"mobile":{"background-color":"","background-image":"","background-repeat":"repeat","background-position":"center center","background-size":"auto","background-attachment":"scroll","background-type":"","background-media":"","overlay-type":"","overlay-color":"","overlay-opacity":"","overlay-gradient":""}},"ast-content-background-meta":{"desktop":{"background-color":"var(--ast-global-color-5)","background-image":"","background-repeat":"repeat","background-position":"center center","background-size":"auto","background-attachment":"scroll","background-type":"","background-media":"","overlay-type":"","overlay-color":"","overlay-opacity":"","overlay-gradient":""},"tablet":{"background-color":"var(--ast-global-color-5)","background-image":"","background-repeat":"repeat","background-position":"center center","background-size":"auto","background-attachment":"scroll","background-type":"","background-media":"","overlay-type":"","overlay-color":"","overlay-opacity":"","overlay-gradient":""},"mobile":{"background-color":"var(--ast-global-color-5)","background-image":"","background-repeat":"repeat","background-position":"center center","background-size":"auto","background-attachment":"scroll","background-type":"","background-media":"","overlay-type":"","overlay-color":"","overlay-opacity":"","overlay-gradient":""}},"footnotes":""},"class_list":["post-15","page","type-page","status-publish","hentry"],"_links":{"self":[{"href":"https:\/\/lihapk.com\/fr\/wp-json\/wp\/v2\/pages\/15","targetHints":{"allow":["GET"]}}],"collection":[{"href":"https:\/\/lihapk.com\/fr\/wp-json\/wp\/v2\/pages"}],"about":[{"href":"https:\/\/lihapk.com\/fr\/wp-json\/wp\/v2\/types\/page"}],"author":[{"embeddable":true,"href":"https:\/\/lihapk.com\/fr\/wp-json\/wp\/v2\/users\/1"}],"replies":[{"embeddable":true,"href":"https:\/\/lihapk.com\/fr\/wp-json\/wp\/v2\/comments?post=15"}],"version-history":[{"count":1,"href":"https:\/\/lihapk.com\/fr\/wp-json\/wp\/v2\/pages\/15\/revisions"}],"predecessor-version":[{"id":16,"href":"https:\/\/lihapk.com\/fr\/wp-json\/wp\/v2\/pages\/15\/revisions\/16"}],"wp:attachment":[{"href":"https:\/\/lihapk.com\/fr\/wp-json\/wp\/v2\/media?parent=15"}],"curies":[{"name":"wp","href":"https:\/\/api.w.org\/{rel}","templated":true}]}}