{"id":81,"date":"2025-05-26T10:01:23","date_gmt":"2025-05-26T10:01:23","guid":{"rendered":"https:\/\/lihapk.com\/?page_id=81"},"modified":"2025-05-26T10:01:25","modified_gmt":"2025-05-26T10:01:25","slug":"about-us","status":"publish","type":"page","link":"https:\/\/lihapk.com\/fr\/about-us\/","title":{"rendered":"\u00c0 propos de nous"},"content":{"rendered":"<p>Bienvenue \u00e0 <strong>Lihapk.com<\/strong> \u2014 votre destination de r\u00e9f\u00e9rence pour du contenu organis\u00e9, des histoires tendance et des informations \u00e0 fort engagement du monde entier.<\/p>\n\n\n\n<p>\u00c0 <strong>Lihapk<\/strong>Nous sommes sp\u00e9cialis\u00e9s dans la cr\u00e9ation d&#039;exp\u00e9riences de contenu rapides, pertinentes et engageantes dans un large \u00e9ventail de cat\u00e9gories, notamment le lifestyle, le divertissement, la sant\u00e9, la technologie, et bien plus encore. Notre objectif est de simplifier l&#039;acc\u00e8s aux informations utiles en ligne tout en cr\u00e9ant une exp\u00e9rience utilisateur fluide et optimis\u00e9e pour tous les appareils.<\/p>\n\n\n\n<p>Nous collaborons avec un r\u00e9seau de partenaires m\u00e9dias et de plateformes publicitaires premium pour garantir \u00e0 nos utilisateurs des articles de haute qualit\u00e9, accompagn\u00e9s de publicit\u00e9s pertinentes et discr\u00e8tes. Gr\u00e2ce aux donn\u00e9es, \u00e0 la technologie et aux analyses d&#039;audience, notre plateforme \u00e9volue constamment pour proposer le bon contenu aux bonnes personnes, au bon moment.<\/p>\n\n\n\n<h3 class=\"wp-block-heading\">Qu&#039;est-ce qui nous rend diff\u00e9rent ?<\/h3>\n\n\n\n<ul class=\"wp-block-list\">\n<li>\ud83e\udde0 <strong>Strat\u00e9gie de contenu intelligente<\/strong>:Nous s\u00e9lectionnons des histoires en fonction des tendances des donn\u00e9es et de l\u2019engagement des utilisateurs, et non en fonction de suppositions al\u00e9atoires.<\/li>\n\n\n\n<li>\u26a1 <strong>Pages \u00e0 chargement rapide<\/strong>:Optimis\u00e9 pour la vitesse afin de r\u00e9duire le taux de rebond et d&#039;am\u00e9liorer l&#039;exp\u00e9rience utilisateur.<\/li>\n\n\n\n<li>\ud83c\udfaf <strong>Mon\u00e9tisation pertinente<\/strong>:Nous travaillons avec des plateformes publicitaires de premier plan pour garantir que la mon\u00e9tisation du contenu respecte la confiance des utilisateurs et la lisibilit\u00e9.<\/li>\n<\/ul>\n\n\n\n<p>Que vous ayez atterri ici \u00e0 partir d&#039;une publication sur les r\u00e9seaux sociaux, d&#039;un fil d&#039;actualit\u00e9 ou de l&#039;un de nos sites partenaires, nous sommes heureux que vous soyez ici.<\/p>\n\n\n\n<p>Merci de votre visite <strong>Lihapk.com<\/strong>.<\/p>\n\n\n\n<blockquote class=\"wp-block-quote is-layout-flow wp-block-quote-is-layout-flow\">\n<p>Vous souhaitez nous contacter\u00a0? Visitez notre <a>Page de contact<\/a> ou contactez-nous par e-mail \u00e0 : <strong><a>contact@lihapk.com<\/a><\/strong><\/p>\n<\/blockquote>","protected":false},"excerpt":{"rendered":"<p>Welcome to Lihapk.com \u2014 your go-to destination for curated content, trending stories, and high-engagement insights from around the world. At [&hellip;]<\/p>\n","protected":false},"author":1,"featured_media":0,"parent":0,"menu_order":0,"comment_status":"closed","ping_status":"closed","template":"","meta":{"site-sidebar-layout":"default","site-content-layout":"","ast-site-content-layout":"","site-content-style":"default","site-sidebar-style":"default","ast-global-header-display":"","ast-banner-title-visibility":"","ast-main-header-display":"","ast-hfb-above-header-display":"","ast-hfb-below-header-display":"","ast-hfb-mobile-header-display":"","site-post-title":"","ast-breadcrumbs-content":"","ast-featured-img":"","footer-sml-layout":"","theme-transparent-header-meta":"","adv-header-id-meta":"","stick-header-meta":"","header-above-stick-meta":"","header-main-stick-meta":"","header-below-stick-meta":"","astra-migrate-meta-layouts":"default","ast-page-background-enabled":"default","ast-page-background-meta":{"desktop":{"background-color":"var(--ast-global-color-4)","background-image":"","background-repeat":"repeat","background-position":"center center","background-size":"auto","background-attachment":"scroll","background-type":"","background-media":"","overlay-type":"","overlay-color":"","overlay-opacity":"","overlay-gradient":""},"tablet":{"background-color":"","background-image":"","background-repeat":"repeat","background-position":"center center","background-size":"auto","background-attachment":"scroll","background-type":"","background-media":"","overlay-type":"","overlay-color":"","overlay-opacity":"","overlay-gradient":""},"mobile":{"background-color":"","background-image":"","background-repeat":"repeat","background-position":"center center","background-size":"auto","background-attachment":"scroll","background-type":"","background-media":"","overlay-type":"","overlay-color":"","overlay-opacity":"","overlay-gradient":""}},"ast-content-background-meta":{"desktop":{"background-color":"var(--ast-global-color-5)","background-image":"","background-repeat":"repeat","background-position":"center center","background-size":"auto","background-attachment":"scroll","background-type":"","background-media":"","overlay-type":"","overlay-color":"","overlay-opacity":"","overlay-gradient":""},"tablet":{"background-color":"var(--ast-global-color-5)","background-image":"","background-repeat":"repeat","background-position":"center center","background-size":"auto","background-attachment":"scroll","background-type":"","background-media":"","overlay-type":"","overlay-color":"","overlay-opacity":"","overlay-gradient":""},"mobile":{"background-color":"var(--ast-global-color-5)","background-image":"","background-repeat":"repeat","background-position":"center center","background-size":"auto","background-attachment":"scroll","background-type":"","background-media":"","overlay-type":"","overlay-color":"","overlay-opacity":"","overlay-gradient":""}},"footnotes":""},"class_list":["post-81","page","type-page","status-publish","hentry"],"_links":{"self":[{"href":"https:\/\/lihapk.com\/fr\/wp-json\/wp\/v2\/pages\/81","targetHints":{"allow":["GET"]}}],"collection":[{"href":"https:\/\/lihapk.com\/fr\/wp-json\/wp\/v2\/pages"}],"about":[{"href":"https:\/\/lihapk.com\/fr\/wp-json\/wp\/v2\/types\/page"}],"author":[{"embeddable":true,"href":"https:\/\/lihapk.com\/fr\/wp-json\/wp\/v2\/users\/1"}],"replies":[{"embeddable":true,"href":"https:\/\/lihapk.com\/fr\/wp-json\/wp\/v2\/comments?post=81"}],"version-history":[{"count":1,"href":"https:\/\/lihapk.com\/fr\/wp-json\/wp\/v2\/pages\/81\/revisions"}],"predecessor-version":[{"id":82,"href":"https:\/\/lihapk.com\/fr\/wp-json\/wp\/v2\/pages\/81\/revisions\/82"}],"wp:attachment":[{"href":"https:\/\/lihapk.com\/fr\/wp-json\/wp\/v2\/media?parent=81"}],"curies":[{"name":"wp","href":"https:\/\/api.w.org\/{rel}","templated":true}]}}