{"id":83,"date":"2025-05-26T10:04:05","date_gmt":"2025-05-26T10:04:05","guid":{"rendered":"https:\/\/lihapk.com\/?page_id=83"},"modified":"2025-05-26T10:04:07","modified_gmt":"2025-05-26T10:04:07","slug":"cookie-policy","status":"publish","type":"page","link":"https:\/\/lihapk.com\/fr\/cookie-policy\/","title":{"rendered":"Politique relative aux cookies"},"content":{"rendered":"<p>Cette politique en mati\u00e8re de cookies explique comment <strong>Lihapk.com<\/strong> (&#8220;<strong>nous<\/strong>&#8220;, &#8220;<strong>notre<\/strong>&quot;, ou &quot;<strong>le site Web<\/strong>\u00ab ) utilise des cookies et des technologies de suivi similaires pour reconna\u00eetre les visiteurs, comprendre leurs pr\u00e9f\u00e9rences et am\u00e9liorer l&#039;exp\u00e9rience de navigation sur notre plateforme.<\/p>\n\n\n\n<p>Cette politique doit \u00eatre lue conjointement avec notre <a>politique de confidentialit\u00e9<\/a>.<\/p>\n\n\n\n<hr class=\"wp-block-separator has-alpha-channel-opacity\"\/>\n\n\n\n<h3 class=\"wp-block-heading\"><strong>1. Que sont les cookies ?<\/strong><\/h3>\n\n\n\n<p>Les cookies sont de petits fichiers texte d\u00e9pos\u00e9s sur votre appareil par les sites web que vous consultez. Ils sont largement utilis\u00e9s pour garantir le bon fonctionnement des sites web, am\u00e9liorer leur efficacit\u00e9, fournir des statistiques aux propri\u00e9taires de sites web et offrir une exp\u00e9rience personnalis\u00e9e, notamment publicitaire.<\/p>\n\n\n\n<hr class=\"wp-block-separator has-alpha-channel-opacity\"\/>\n\n\n\n<h3 class=\"wp-block-heading\"><strong>2. Types de cookies que nous utilisons<\/strong><\/h3>\n\n\n\n<p>Nous utilisons les cat\u00e9gories de cookies suivantes :<\/p>\n\n\n\n<h4 class=\"wp-block-heading\"><strong>2.1 Cookies strictement n\u00e9cessaires<\/strong><\/h4>\n\n\n\n<p>Ces cookies sont essentiels au fonctionnement de notre site web. Ils permettent des fonctionnalit\u00e9s de base telles que la navigation, la gestion des sessions et les fonctionnalit\u00e9s de s\u00e9curit\u00e9.<\/p>\n\n\n\n<h4 class=\"wp-block-heading\"><strong>2.2 Cookies de performance et d&#039;analyse<\/strong><\/h4>\n\n\n\n<p>Ces cookies nous permettent de collecter des donn\u00e9es anonymis\u00e9es sur la fa\u00e7on dont les visiteurs interagissent avec notre site web. Nous utilisons des services tels que <strong>Google Analytics<\/strong> pour surveiller les sources de trafic, les taux de rebond, le temps pass\u00e9 sur la page et les types d&#039;appareils.<\/p>\n\n\n\n<h4 class=\"wp-block-heading\"><strong>2.3 Cookies fonctionnels<\/strong><\/h4>\n\n\n\n<p>Ces cookies permettent des fonctionnalit\u00e9s et une personnalisation am\u00e9lior\u00e9es, telles que la m\u00e9morisation des pr\u00e9f\u00e9rences de l&#039;utilisateur ou des pages pr\u00e9c\u00e9demment visit\u00e9es.<\/p>\n\n\n\n<h4 class=\"wp-block-heading\"><strong>2.4 Cookies publicitaires et de ciblage<\/strong><\/h4>\n\n\n\n<p>Nous travaillons en partenariat avec des plateformes publicitaires tierces, telles que <strong>Gestionnaire d&#039;annonces Google<\/strong>, <strong>AdSense<\/strong>, et <strong>\u00e9changes programmatiques<\/strong>, qui peut d\u00e9finir des cookies pour diffuser des publicit\u00e9s personnalis\u00e9es, limiter les publicit\u00e9s r\u00e9p\u00e9titives et mesurer l&#039;efficacit\u00e9 des campagnes.<\/p>\n\n\n\n<p>Ces cookies peuvent suivre votre comportement de navigation sur les sites Web.<\/p>\n\n\n\n<hr class=\"wp-block-separator has-alpha-channel-opacity\"\/>\n\n\n\n<h3 class=\"wp-block-heading\"><strong>3. Cookies tiers<\/strong><\/h3>\n\n\n\n<p>Des cookies tiers peuvent \u00eatre install\u00e9s par des domaines que nous n&#039;exploitons pas. Parmi ceux-ci\u00a0:<\/p>\n\n\n\n<ul class=\"wp-block-list\">\n<li><strong>Google (DoubleClick \/ AdSense \/ GA4)<\/strong><\/li>\n\n\n\n<li><strong>JoinAds ou SSP\/DSP affili\u00e9s<\/strong><\/li>\n\n\n\n<li><strong>Plateformes d&#039;analyse et outils de gestion du consentement<\/strong><\/li>\n<\/ul>\n\n\n\n<p>Chaque tiers est responsable de ses propres pratiques en mati\u00e8re de cookies, qui sont r\u00e9gies par leurs politiques de confidentialit\u00e9 respectives.<\/p>\n\n\n\n<hr class=\"wp-block-separator has-alpha-channel-opacity\"\/>\n\n\n\n<h3 class=\"wp-block-heading\"><strong>4. Base juridique du traitement (conformit\u00e9 au RGPD)<\/strong><\/h3>\n\n\n\n<p>Conform\u00e9ment au r\u00e8glement g\u00e9n\u00e9ral sur la protection des donn\u00e9es (RGPD), nous traitons les cookies non essentiels uniquement apr\u00e8s avoir obtenu votre consentement explicite via un <strong>banni\u00e8re de cookies ou plateforme de gestion du consentement (CMP)<\/strong>.<\/p>\n\n\n\n<p>Pour les utilisateurs de l&#039;UE\/EEE\u00a0:<\/p>\n\n\n\n<ul class=\"wp-block-list\">\n<li>Les cookies essentiels sont d\u00e9finis par d\u00e9faut.<\/li>\n\n\n\n<li>Les cookies non essentiels (publicitaires, analytiques) ne sont activ\u00e9s qu&#039;apr\u00e8s consentement.<\/li>\n<\/ul>\n\n\n\n<hr class=\"wp-block-separator has-alpha-channel-opacity\"\/>\n\n\n\n<h3 class=\"wp-block-heading\"><strong>5. G\u00e9rer vos pr\u00e9f\u00e9rences en mati\u00e8re de cookies<\/strong><\/h3>\n\n\n\n<p>Vous pouvez contr\u00f4ler et g\u00e9rer les cookies de plusieurs mani\u00e8res :<\/p>\n\n\n\n<ul class=\"wp-block-list\">\n<li><strong>Param\u00e8tres du navigateur<\/strong>:La plupart des navigateurs vous permettent de bloquer ou de supprimer les cookies via les param\u00e8tres.<\/li>\n\n\n\n<li><strong>Outils de d\u00e9sinscription<\/strong>:\n<ul class=\"wp-block-list\">\n<li><a class=\"\" href=\"https:\/\/adssettings.google.com\">Param\u00e8tres des annonces Google<\/a><\/li>\n\n\n\n<li><a>Initiative de publicit\u00e9 en r\u00e9seau (NAI)<\/a><\/li>\n\n\n\n<li><a>Vos choix publicitaires<\/a><\/li>\n<\/ul>\n<\/li>\n<\/ul>\n\n\n\n<p>Veuillez noter que la d\u00e9sactivation des cookies peut alt\u00e9rer les fonctionnalit\u00e9s du site Web.<\/p>\n\n\n\n<hr class=\"wp-block-separator has-alpha-channel-opacity\"\/>\n\n\n\n<h3 class=\"wp-block-heading\"><strong>6. R\u00e9sidents de Californie (Avis CCPA)<\/strong><\/h3>\n\n\n\n<p>Si vous r\u00e9sidez en Californie, vous avez le droit de refuser la vente de vos donn\u00e9es personnelles, y compris les cookies utilis\u00e9s pour la publicit\u00e9 cibl\u00e9e. Vous pouvez exercer ce droit en cliquant sur le lien \u00ab\u00a0Ne pas vendre mes informations personnelles\u00a0\u00bb disponible en bas de page de notre site web ou en nous contactant directement.<\/p>\n\n\n\n<hr class=\"wp-block-separator has-alpha-channel-opacity\"\/>\n\n\n\n<h3 class=\"wp-block-heading\"><strong>7. Mises \u00e0 jour de cette politique de cookies<\/strong><\/h3>\n\n\n\n<p>Nous sommes susceptibles de mettre \u00e0 jour cette Politique relative aux cookies de temps \u00e0 autre afin de tenir compte des \u00e9volutions l\u00e9gislatives, technologiques ou de nos pratiques. Toutes les mises \u00e0 jour seront publi\u00e9es sur cette page avec une date de derni\u00e8re mise \u00e0 jour r\u00e9vis\u00e9e.<\/p>\n\n\n\n<hr class=\"wp-block-separator has-alpha-channel-opacity\"\/>\n\n\n\n<h3 class=\"wp-block-heading\"><strong>8. Coordonn\u00e9es<\/strong><\/h3>\n\n\n\n<p>Pour toute question concernant cette politique de cookies ou nos pratiques en mati\u00e8re de donn\u00e9es, veuillez nous contacter :<\/p>\n\n\n\n<p>\ud83d\udce7 <strong>E-mail<\/strong>: <a>contact@lihapk.com<\/a><br>\ud83c\udf10 <strong>Site web<\/strong>: <a class=\"\" href=\"https:\/\/lihapk.com\/fr\/\">https:\/\/lihapk.com<\/a><\/p>","protected":false},"excerpt":{"rendered":"<p>This Cookie Policy explains how Lihapk.com (&#8220;we&#8220;, &#8220;our&#8220;, or &#8220;the Website&#8220;) uses cookies and similar tracking technologies to recognize visitors, [&hellip;]<\/p>\n","protected":false},"author":1,"featured_media":0,"parent":0,"menu_order":0,"comment_status":"closed","ping_status":"closed","template":"","meta":{"site-sidebar-layout":"default","site-content-layout":"","ast-site-content-layout":"","site-content-style":"default","site-sidebar-style":"default","ast-global-header-display":"","ast-banner-title-visibility":"","ast-main-header-display":"","ast-hfb-above-header-display":"","ast-hfb-below-header-display":"","ast-hfb-mobile-header-display":"","site-post-title":"","ast-breadcrumbs-content":"","ast-featured-img":"","footer-sml-layout":"","theme-transparent-header-meta":"","adv-header-id-meta":"","stick-header-meta":"","header-above-stick-meta":"","header-main-stick-meta":"","header-below-stick-meta":"","astra-migrate-meta-layouts":"default","ast-page-background-enabled":"default","ast-page-background-meta":{"desktop":{"background-color":"var(--ast-global-color-4)","background-image":"","background-repeat":"repeat","background-position":"center center","background-size":"auto","background-attachment":"scroll","background-type":"","background-media":"","overlay-type":"","overlay-color":"","overlay-opacity":"","overlay-gradient":""},"tablet":{"background-color":"","background-image":"","background-repeat":"repeat","background-position":"center center","background-size":"auto","background-attachment":"scroll","background-type":"","background-media":"","overlay-type":"","overlay-color":"","overlay-opacity":"","overlay-gradient":""},"mobile":{"background-color":"","background-image":"","background-repeat":"repeat","background-position":"center center","background-size":"auto","background-attachment":"scroll","background-type":"","background-media":"","overlay-type":"","overlay-color":"","overlay-opacity":"","overlay-gradient":""}},"ast-content-background-meta":{"desktop":{"background-color":"var(--ast-global-color-5)","background-image":"","background-repeat":"repeat","background-position":"center center","background-size":"auto","background-attachment":"scroll","background-type":"","background-media":"","overlay-type":"","overlay-color":"","overlay-opacity":"","overlay-gradient":""},"tablet":{"background-color":"var(--ast-global-color-5)","background-image":"","background-repeat":"repeat","background-position":"center center","background-size":"auto","background-attachment":"scroll","background-type":"","background-media":"","overlay-type":"","overlay-color":"","overlay-opacity":"","overlay-gradient":""},"mobile":{"background-color":"var(--ast-global-color-5)","background-image":"","background-repeat":"repeat","background-position":"center center","background-size":"auto","background-attachment":"scroll","background-type":"","background-media":"","overlay-type":"","overlay-color":"","overlay-opacity":"","overlay-gradient":""}},"footnotes":""},"class_list":["post-83","page","type-page","status-publish","hentry"],"_links":{"self":[{"href":"https:\/\/lihapk.com\/fr\/wp-json\/wp\/v2\/pages\/83","targetHints":{"allow":["GET"]}}],"collection":[{"href":"https:\/\/lihapk.com\/fr\/wp-json\/wp\/v2\/pages"}],"about":[{"href":"https:\/\/lihapk.com\/fr\/wp-json\/wp\/v2\/types\/page"}],"author":[{"embeddable":true,"href":"https:\/\/lihapk.com\/fr\/wp-json\/wp\/v2\/users\/1"}],"replies":[{"embeddable":true,"href":"https:\/\/lihapk.com\/fr\/wp-json\/wp\/v2\/comments?post=83"}],"version-history":[{"count":1,"href":"https:\/\/lihapk.com\/fr\/wp-json\/wp\/v2\/pages\/83\/revisions"}],"predecessor-version":[{"id":84,"href":"https:\/\/lihapk.com\/fr\/wp-json\/wp\/v2\/pages\/83\/revisions\/84"}],"wp:attachment":[{"href":"https:\/\/lihapk.com\/fr\/wp-json\/wp\/v2\/media?parent=83"}],"curies":[{"name":"wp","href":"https:\/\/api.w.org\/{rel}","templated":true}]}}