{"id":15,"date":"2025-04-09T10:36:30","date_gmt":"2025-04-09T10:36:30","guid":{"rendered":"https:\/\/lihapk.com\/?page_id=15"},"modified":"2025-04-09T10:36:32","modified_gmt":"2025-04-09T10:36:32","slug":"privacy-policy","status":"publish","type":"page","link":"https:\/\/lihapk.com\/nb\/privacy-policy\/","title":{"rendered":"Personvernerkl\u00e6ring"},"content":{"rendered":"<p>Ditt personvern er viktig for oss. Det er lihapks policy \u00e5 respektere ditt personvern ang\u00e5ende all informasjon vi samler inn fra deg p\u00e5 nettstedet v\u00e5rt. <a href=\"https:\/\/lihapk.com\/nb\/\">likhapk<\/a>og andre nettsteder vi eier og driver.<\/p>\n\n\n\n<p>Vi ber bare om personopplysninger n\u00e5r vi virkelig trenger dem for \u00e5 kunne tilby deg en tjeneste. Vi samler dem inn p\u00e5 rettferdige og lovlige m\u00e5ter, med din viten og ditt samtykke. Vi informerer deg ogs\u00e5 om hvorfor vi samler dem inn og hvordan de vil bli brukt.<\/p>\n\n\n\n<p>Vi oppbevarer kun innsamlet informasjon s\u00e5 lenge det er n\u00f8dvendig for \u00e5 tilby deg den forespurte tjenesten. Hvilke data vi lagrer, vil vi beskytte innenfor kommersielt akseptable midler for \u00e5 forhindre tap og tyveri, samt uautorisert tilgang, avsl\u00f8ring, kopiering, bruk eller endring.<\/p>\n\n\n\n<p>Vi deler ingen personlig identifiserbar informasjon offentlig eller med tredjeparter, unntatt n\u00e5r det er p\u00e5krevd ved lov.<\/p>\n\n\n\n<p>Nettstedet v\u00e5rt kan lenke til eksterne nettsteder som ikke drives av oss. V\u00e6r oppmerksom p\u00e5 at vi ikke har kontroll over innholdet og praksisen p\u00e5 disse nettstedene, og kan ikke p\u00e5ta oss ansvar for deres respektive personvernregler.<\/p>\n\n\n\n<p>Du st\u00e5r fritt til \u00e5 avsl\u00e5 v\u00e5r foresp\u00f8rsel om dine personopplysninger, med den forst\u00e5else at vi kanskje ikke kan tilby deg noen av de tjenestene du \u00f8nsker.<\/p>\n\n\n\n<p>Din fortsatte bruk av nettstedet v\u00e5rt vil bli ansett som aksept av v\u00e5re retningslinjer for personvern og personopplysninger. Hvis du har sp\u00f8rsm\u00e5l om hvordan vi h\u00e5ndterer brukerdata og personopplysninger, kan du gjerne kontakte oss.<\/p>\n\n\n\n<h2 class=\"wp-block-heading\">Informasjonskapsler for lihapk<\/h2>\n\n\n\n<p>Dette er lihapks retningslinjer for informasjonskapsler, tilgjengelig fra URL-en https:\/\/lihapk.com\/.<\/p>\n\n\n\n<h3 class=\"wp-block-heading\">Hva er informasjonskapsler<\/h3>\n\n\n\n<p>Som vanlig praksis med nesten alle profesjonelle nettsteder bruker dette nettstedet informasjonskapsler, som er sm\u00e5 filer som lastes ned til datamaskinen din for \u00e5 forbedre opplevelsen din. Denne siden beskriver hvilken informasjon de samler inn, hvordan vi bruker den og hvorfor vi noen ganger m\u00e5 lagre disse informasjonskapslene. Vi vil ogs\u00e5 dele hvordan du kan forhindre at disse informasjonskapslene lagres, men dette kan nedgradere eller \u00f8delegge visse elementer av nettstedets funksjonalitet.<\/p>\n\n\n\n<h3 class=\"wp-block-heading\">Hvordan vi bruker informasjonskapsler<\/h3>\n\n\n\n<p>Vi bruker informasjonskapsler av en rekke \u00e5rsaker beskrevet nedenfor. Dessverre finnes det i de fleste tilfeller ingen bransjestandardalternativer for \u00e5 deaktivere informasjonskapsler uten \u00e5 deaktivere funksjonaliteten og egenskapene de legger til p\u00e5 dette nettstedet fullstendig. Det anbefales at du lar alle informasjonskapsler v\u00e6re p\u00e5 hvis du er usikker p\u00e5 om du trenger dem eller ikke, i tilfelle de brukes til \u00e5 levere en tjeneste du bruker.<\/p>\n\n\n\n<h3 class=\"wp-block-heading\">Deaktivering av informasjonskapsler<\/h3>\n\n\n\n<p>Du kan forhindre plassering av informasjonskapsler ved \u00e5 justere innstillingene i nettleseren din (se nettleserens hjelp for hvordan du gj\u00f8r dette). V\u00e6r oppmerksom p\u00e5 at deaktivering av informasjonskapsler vil p\u00e5virke funksjonaliteten til dette og mange andre nettsteder du bes\u00f8ker. Deaktivering av informasjonskapsler vil vanligvis ogs\u00e5 f\u00f8re til at visse funksjoner og funksjoner p\u00e5 dette nettstedet deaktiveres. Derfor anbefales det at du ikke deaktiverer informasjonskapsler.<\/p>\n\n\n\n<h3 class=\"wp-block-heading\">Informasjonskapslene vi setter<\/h3>\n\n\n\n<h3 class=\"wp-block-heading\">Tredjeparts informasjonskapsler<\/h3>\n\n\n\n<p>I noen spesielle tilfeller bruker vi ogs\u00e5 informasjonskapsler levert av p\u00e5litelige tredjeparter. F\u00f8lgende avsnitt beskriver hvilke tredjeparts informasjonskapsler du kan st\u00f8te p\u00e5 via dette nettstedet.<\/p>\n\n\n\n<ul class=\"wp-block-list\">\n<li>Google AdSense-tjenesten vi bruker til \u00e5 vise annonser bruker en DoubleClick-informasjonskapsel for \u00e5 vise mer relevante annonser p\u00e5 nettet og begrense antall ganger en gitt annonse vises til deg.<\/li>\n\n\n\n<li>Hvis du vil ha mer informasjon om Google AdSense, kan du se de offisielle vanlige sp\u00f8rsm\u00e5lene om personvern for Google AdSense.<\/li>\n\n\n\n<li>Vi bruker annonser for \u00e5 dekke kostnadene ved \u00e5 drive dette nettstedet og for \u00e5 finansiere videreutvikling. Informasjonskapslene for atferdsannonsering som brukes av dette nettstedet er utformet for \u00e5 sikre at vi gir deg de mest relevante annonsene der det er mulig ved \u00e5 spore interessene dine anonymt og presentere lignende ting som kan v\u00e6re av interesse.<\/li>\n\n\n\n<li>Flere partnere annonserer p\u00e5 v\u00e5re vegne, og informasjonskapsler for affiliate-sporing lar oss ganske enkelt se om kundene v\u00e5re har kommet til nettstedet via et av partnernettstedene v\u00e5re, slik at vi kan kreditere dem p\u00e5 riktig m\u00e5te og, der det er aktuelt, la v\u00e5re affiliate-partnere gi deg bonuser som de gir deg for \u00e5 foreta et kj\u00f8p.<\/li>\n<\/ul>\n\n\n\n<h3 class=\"wp-block-heading\">Brukerens ansvar<\/h3>\n\n\n\n<p>Brukeren p\u00e5tar seg ansvaret for \u00e5 bruke innholdet og informasjonen som tilbys p\u00e5 nettstedet p\u00e5 en passende m\u00e5te, med formulert, men ikke imiterende, oppf\u00f8rsel:<\/p>\n\n\n\n<ul class=\"wp-block-list\">\n<li>A) \u00c5 ikke delta i aktiviteter som er ulovlige eller i strid med god tro og offentlig orden;<\/li>\n\n\n\n<li>B) Ikke spre propaganda eller innhold av rasistisk, fremmedfiendtlig eller gamblingmessig art, noen form for ulovlig pornografi, terroranklager eller innhold mot menneskerettigheter;<\/li>\n\n\n\n<li>C) Ikke for\u00e5rsake skade p\u00e5 fysiske systemer (maskinvare) og uoppn\u00e5elige (programvare) tilh\u00f8rende lihapk, dets leverand\u00f8rer eller tredjeparter, for \u00e5 introdusere eller spre datavirus eller andre maskinvare- eller programvaresystemer som er i stand til \u00e5 for\u00e5rsake skade som er nevnt ovenfor.<\/li>\n<\/ul>\n\n\n\n<h3 class=\"wp-block-heading\">Mer informasjon<\/h3>\n\n\n\n<p>Forh\u00e5pentligvis har dette avklart ting for deg, og som tidligere nevnt, hvis det er noe du er usikker p\u00e5 om du trenger eller ikke, er det vanligvis tryggere \u00e5 la informasjonskapsler v\u00e6re aktivert i tilfelle de samhandler med en av funksjonene du bruker p\u00e5 nettstedet v\u00e5rt.<\/p>\n\n\n\n<p>Denne policyen trer i kraft fra og med 9. april 2025 kl. 10:35.<\/p>","protected":false},"excerpt":{"rendered":"<p>Your privacy is important to us. It is lihapk&#8217;s policy to respect your privacy regarding any information we may collect [&hellip;]<\/p>\n","protected":false},"author":1,"featured_media":0,"parent":0,"menu_order":0,"comment_status":"closed","ping_status":"closed","template":"","meta":{"site-sidebar-layout":"default","site-content-layout":"","ast-site-content-layout":"","site-content-style":"default","site-sidebar-style":"default","ast-global-header-display":"","ast-banner-title-visibility":"","ast-main-header-display":"","ast-hfb-above-header-display":"","ast-hfb-below-header-display":"","ast-hfb-mobile-header-display":"","site-post-title":"","ast-breadcrumbs-content":"","ast-featured-img":"","footer-sml-layout":"","theme-transparent-header-meta":"","adv-header-id-meta":"","stick-header-meta":"","header-above-stick-meta":"","header-main-stick-meta":"","header-below-stick-meta":"","astra-migrate-meta-layouts":"default","ast-page-background-enabled":"default","ast-page-background-meta":{"desktop":{"background-color":"var(--ast-global-color-4)","background-image":"","background-repeat":"repeat","background-position":"center center","background-size":"auto","background-attachment":"scroll","background-type":"","background-media":"","overlay-type":"","overlay-color":"","overlay-opacity":"","overlay-gradient":""},"tablet":{"background-color":"","background-image":"","background-repeat":"repeat","background-position":"center center","background-size":"auto","background-attachment":"scroll","background-type":"","background-media":"","overlay-type":"","overlay-color":"","overlay-opacity":"","overlay-gradient":""},"mobile":{"background-color":"","background-image":"","background-repeat":"repeat","background-position":"center center","background-size":"auto","background-attachment":"scroll","background-type":"","background-media":"","overlay-type":"","overlay-color":"","overlay-opacity":"","overlay-gradient":""}},"ast-content-background-meta":{"desktop":{"background-color":"var(--ast-global-color-5)","background-image":"","background-repeat":"repeat","background-position":"center center","background-size":"auto","background-attachment":"scroll","background-type":"","background-media":"","overlay-type":"","overlay-color":"","overlay-opacity":"","overlay-gradient":""},"tablet":{"background-color":"var(--ast-global-color-5)","background-image":"","background-repeat":"repeat","background-position":"center center","background-size":"auto","background-attachment":"scroll","background-type":"","background-media":"","overlay-type":"","overlay-color":"","overlay-opacity":"","overlay-gradient":""},"mobile":{"background-color":"var(--ast-global-color-5)","background-image":"","background-repeat":"repeat","background-position":"center center","background-size":"auto","background-attachment":"scroll","background-type":"","background-media":"","overlay-type":"","overlay-color":"","overlay-opacity":"","overlay-gradient":""}},"footnotes":""},"class_list":["post-15","page","type-page","status-publish","hentry"],"_links":{"self":[{"href":"https:\/\/lihapk.com\/nb\/wp-json\/wp\/v2\/pages\/15","targetHints":{"allow":["GET"]}}],"collection":[{"href":"https:\/\/lihapk.com\/nb\/wp-json\/wp\/v2\/pages"}],"about":[{"href":"https:\/\/lihapk.com\/nb\/wp-json\/wp\/v2\/types\/page"}],"author":[{"embeddable":true,"href":"https:\/\/lihapk.com\/nb\/wp-json\/wp\/v2\/users\/1"}],"replies":[{"embeddable":true,"href":"https:\/\/lihapk.com\/nb\/wp-json\/wp\/v2\/comments?post=15"}],"version-history":[{"count":1,"href":"https:\/\/lihapk.com\/nb\/wp-json\/wp\/v2\/pages\/15\/revisions"}],"predecessor-version":[{"id":16,"href":"https:\/\/lihapk.com\/nb\/wp-json\/wp\/v2\/pages\/15\/revisions\/16"}],"wp:attachment":[{"href":"https:\/\/lihapk.com\/nb\/wp-json\/wp\/v2\/media?parent=15"}],"curies":[{"name":"wp","href":"https:\/\/api.w.org\/{rel}","templated":true}]}}