{"id":17,"date":"2025-04-09T10:37:14","date_gmt":"2025-04-09T10:37:14","guid":{"rendered":"https:\/\/lihapk.com\/?page_id=17"},"modified":"2025-04-09T10:37:16","modified_gmt":"2025-04-09T10:37:16","slug":"terms-of-service","status":"publish","type":"page","link":"https:\/\/lihapk.com\/nb\/terms-of-service\/","title":{"rendered":"Vilk\u00e5r for bruk"},"content":{"rendered":"<h3 class=\"wp-block-heading\">1. Vilk\u00e5r<\/h3>\n\n\n\n<p>Ved \u00e5 g\u00e5 inn p\u00e5 nettsiden p\u00e5 <a href=\"https:\/\/lihapk.com\/nb\/\">likhapk<\/a> Du samtykker i \u00e5 v\u00e6re bundet av disse tjenestevilk\u00e5rene, alle gjeldende lover og forskrifter, og samtykker i at du er ansvarlig for \u00e5 overholde gjeldende lokale lover. Hvis du ikke samtykker i noen av disse vilk\u00e5rene, er du ikke berettiget til \u00e5 bruke eller f\u00e5 tilgang til dette nettstedet. Materialene p\u00e5 dette nettstedet er beskyttet av gjeldende lov om opphavsrett og varemerker.<\/p>\n\n\n\n<h3 class=\"wp-block-heading\">2. Bruk lisens<\/h3>\n\n\n\n<ol class=\"wp-block-list\">\n<li>Det gis tillatelse til midlertidig nedlasting av \u00e9n kopi av materialene (informasjon eller programvare) p\u00e5 lihapks nettsted kun for personlig, ikke-kommersiell og midlertidig visning. Dette er en lisens, ikke en overf\u00f8ring av eierskap, og under denne lisensen kan du ikke:<\/li>\n\n\n\n<li>endre eller kopiere materialene;<\/li>\n\n\n\n<li>bruke materialene til kommersielle form\u00e5l, eller til offentlig visning (kommersiell eller ikke-kommersiell);<\/li>\n\n\n\n<li>fors\u00f8ke \u00e5 dekompilere eller reversere utviklingen av programvare som finnes p\u00e5 lihapk-nettstedet;<\/li>\n\n\n\n<li>fjerne eventuelle opphavsrettslige eller andre propriet\u00e6re merknader fra materialene; eller<\/li>\n\n\n\n<li>overf\u00f8re materialene til en annen person eller \u00abspeile\u00bb materialene p\u00e5 en hvilken som helst annen server.<\/li>\n\n\n\n<li>Denne lisensen opph\u00f8rer automatisk dersom du bryter noen av disse restriksjonene, og kan sies opp av lihapk n\u00e5r som helst. N\u00e5r du avslutter visningen av disse materialene, eller n\u00e5r lisensen opph\u00f8rer, m\u00e5 du \u00f8delegge alt nedlastet materiale i din besittelse, enten i elektronisk eller trykt format.<\/li>\n<\/ol>\n\n\n\n<h3 class=\"wp-block-heading\">3. Ansvarsfraskrivelse<\/h3>\n\n\n\n<ol class=\"wp-block-list\">\n<li>Materialene p\u00e5 lihapks nettsted leveres \u00absom de er\u00bb. lihapk gir ingen garantier, verken uttrykte eller underforst\u00e5tte, og fraskriver seg herved alle andre garantier, inkludert, uten begrensning, underforst\u00e5tte garantier eller betingelser for salgbarhet, egnethet for et bestemt form\u00e5l eller ikke-krenkelse av immaterielle rettigheter eller andre brudd p\u00e5 rettigheter.<\/li>\n\n\n\n<li>Videre garanterer eller gir ikke lihapk noen garantier ang\u00e5ende n\u00f8yaktigheten, sannsynlige resultater eller p\u00e5liteligheten av bruken av materialene p\u00e5 nettstedet sitt eller p\u00e5 annen m\u00e5te knyttet til slikt materiale eller p\u00e5 nettsteder som er lenket til dette nettstedet.<\/li>\n<\/ol>\n\n\n\n<h3 class=\"wp-block-heading\">4. Begrensninger<\/h3>\n\n\n\n<p>Lihapk eller dets leverand\u00f8rer skal under ingen omstendigheter v\u00e6re ansvarlige for skader (inkludert, uten begrensning, skader for tap av data eller fortjeneste, eller p\u00e5 grunn av driftsavbrudd) som f\u00f8lge av bruk eller manglende evne til \u00e5 bruke materialene p\u00e5 lihapks nettsted, selv om lihapk eller en autorisert representant for lihapk har blitt varslet muntlig eller skriftlig om muligheten for slik skade. Fordi noen jurisdiksjoner ikke tillater begrensninger p\u00e5 underforst\u00e5tte garantier, eller begrensninger av ansvar for f\u00f8lgeskader eller tilfeldige skader, gjelder kanskje ikke disse begrensningene for deg.<\/p>\n\n\n\n<h3 class=\"wp-block-heading\">5. Materialenes n\u00f8yaktighet<\/h3>\n\n\n\n<p>Materialene som vises p\u00e5 lihapks nettsted kan inneholde tekniske, typografiske eller fotografiske feil. lihapk garanterer ikke at noe av materialet p\u00e5 nettstedet er n\u00f8yaktig, fullstendig eller oppdatert. lihapk kan gj\u00f8re endringer i materialet p\u00e5 nettstedet n\u00e5r som helst uten varsel. lihapk forplikter seg imidlertid ikke til \u00e5 oppdatere materialet.<\/p>\n\n\n\n<h3 class=\"wp-block-heading\">6. Lenker<\/h3>\n\n\n\n<p>lihapk har ikke gjennomg\u00e5tt alle nettstedene som er lenket til nettstedet sitt, og er ikke ansvarlig for innholdet p\u00e5 slike lenkede nettsteder. Inkludering av en lenke inneb\u00e6rer ikke at lihapk godkjenner nettstedet. Bruk av slike lenkede nettsteder skjer p\u00e5 brukerens egen risiko.<\/p>\n\n\n\n<h3 class=\"wp-block-heading\">7. Modifikasjoner<\/h3>\n\n\n\n<p>lihapk kan endre disse tjenestevilk\u00e5rene for nettstedet sitt n\u00e5r som helst uten varsel. Ved \u00e5 bruke dette nettstedet godtar du \u00e5 v\u00e6re bundet av den til enhver tid gjeldende versjonen av disse tjenestevilk\u00e5rene.<\/p>\n\n\n\n<h3 class=\"wp-block-heading\">8. Gjeldende lov<\/h3>\n\n\n\n<p>Disse vilk\u00e5rene og betingelsene er underlagt og tolkes i samsvar med lovene i lihapk, og du godtar ugjenkallelig domstolenes eksklusive jurisdiksjon i den staten eller p\u00e5 det stedet.<\/p>","protected":false},"excerpt":{"rendered":"<p>1. Terms By accessing the website at lihapk you are agreeing to be bound by these terms of service, all [&hellip;]<\/p>\n","protected":false},"author":1,"featured_media":0,"parent":0,"menu_order":0,"comment_status":"closed","ping_status":"closed","template":"","meta":{"site-sidebar-layout":"default","site-content-layout":"","ast-site-content-layout":"","site-content-style":"default","site-sidebar-style":"default","ast-global-header-display":"","ast-banner-title-visibility":"","ast-main-header-display":"","ast-hfb-above-header-display":"","ast-hfb-below-header-display":"","ast-hfb-mobile-header-display":"","site-post-title":"","ast-breadcrumbs-content":"","ast-featured-img":"","footer-sml-layout":"","theme-transparent-header-meta":"","adv-header-id-meta":"","stick-header-meta":"","header-above-stick-meta":"","header-main-stick-meta":"","header-below-stick-meta":"","astra-migrate-meta-layouts":"default","ast-page-background-enabled":"default","ast-page-background-meta":{"desktop":{"background-color":"var(--ast-global-color-4)","background-image":"","background-repeat":"repeat","background-position":"center center","background-size":"auto","background-attachment":"scroll","background-type":"","background-media":"","overlay-type":"","overlay-color":"","overlay-opacity":"","overlay-gradient":""},"tablet":{"background-color":"","background-image":"","background-repeat":"repeat","background-position":"center center","background-size":"auto","background-attachment":"scroll","background-type":"","background-media":"","overlay-type":"","overlay-color":"","overlay-opacity":"","overlay-gradient":""},"mobile":{"background-color":"","background-image":"","background-repeat":"repeat","background-position":"center center","background-size":"auto","background-attachment":"scroll","background-type":"","background-media":"","overlay-type":"","overlay-color":"","overlay-opacity":"","overlay-gradient":""}},"ast-content-background-meta":{"desktop":{"background-color":"var(--ast-global-color-5)","background-image":"","background-repeat":"repeat","background-position":"center center","background-size":"auto","background-attachment":"scroll","background-type":"","background-media":"","overlay-type":"","overlay-color":"","overlay-opacity":"","overlay-gradient":""},"tablet":{"background-color":"var(--ast-global-color-5)","background-image":"","background-repeat":"repeat","background-position":"center center","background-size":"auto","background-attachment":"scroll","background-type":"","background-media":"","overlay-type":"","overlay-color":"","overlay-opacity":"","overlay-gradient":""},"mobile":{"background-color":"var(--ast-global-color-5)","background-image":"","background-repeat":"repeat","background-position":"center center","background-size":"auto","background-attachment":"scroll","background-type":"","background-media":"","overlay-type":"","overlay-color":"","overlay-opacity":"","overlay-gradient":""}},"footnotes":""},"class_list":["post-17","page","type-page","status-publish","hentry"],"_links":{"self":[{"href":"https:\/\/lihapk.com\/nb\/wp-json\/wp\/v2\/pages\/17","targetHints":{"allow":["GET"]}}],"collection":[{"href":"https:\/\/lihapk.com\/nb\/wp-json\/wp\/v2\/pages"}],"about":[{"href":"https:\/\/lihapk.com\/nb\/wp-json\/wp\/v2\/types\/page"}],"author":[{"embeddable":true,"href":"https:\/\/lihapk.com\/nb\/wp-json\/wp\/v2\/users\/1"}],"replies":[{"embeddable":true,"href":"https:\/\/lihapk.com\/nb\/wp-json\/wp\/v2\/comments?post=17"}],"version-history":[{"count":1,"href":"https:\/\/lihapk.com\/nb\/wp-json\/wp\/v2\/pages\/17\/revisions"}],"predecessor-version":[{"id":18,"href":"https:\/\/lihapk.com\/nb\/wp-json\/wp\/v2\/pages\/17\/revisions\/18"}],"wp:attachment":[{"href":"https:\/\/lihapk.com\/nb\/wp-json\/wp\/v2\/media?parent=17"}],"curies":[{"name":"wp","href":"https:\/\/api.w.org\/{rel}","templated":true}]}}