{"id":81,"date":"2025-05-26T10:01:23","date_gmt":"2025-05-26T10:01:23","guid":{"rendered":"https:\/\/lihapk.com\/?page_id=81"},"modified":"2025-05-26T10:01:25","modified_gmt":"2025-05-26T10:01:25","slug":"about-us","status":"publish","type":"page","link":"https:\/\/lihapk.com\/nb\/about-us\/","title":{"rendered":"Om oss"},"content":{"rendered":"<p>Velkommen til <strong>Lihapk.com<\/strong> \u2013 din destinasjon for kuratert innhold, trendhistorier og engasjerende innsikt fra hele verden.<\/p>\n\n\n\n<p>P\u00e5 <strong>Lihapk<\/strong>, spesialiserer vi oss p\u00e5 \u00e5 levere raske, relevante og engasjerende innholdsopplevelser p\u00e5 tvers av et bredt spekter av kategorier, inkludert livsstil, underholdning, helse, teknologi og mer. M\u00e5let v\u00e5rt er \u00e5 forenkle m\u00e5ten folk f\u00e5r tilgang til nyttig informasjon p\u00e5 nettet, samtidig som vi skaper en s\u00f8ml\u00f8s brukeropplevelse optimalisert for alle enheter.<\/p>\n\n\n\n<p>Vi samarbeider med et nettverk av f\u00f8rsteklasses mediepartnere og annonseplattformer for \u00e5 sikre at brukerne v\u00e5re f\u00e5r tilgang til artikler av h\u00f8y kvalitet, st\u00f8ttet av ikke-p\u00e5trengende og relevant annonsering. Ved \u00e5 utnytte data, teknologi og publikumsinnsikt er plattformen v\u00e5r i stadig utvikling for \u00e5 bringe riktig innhold til riktig person til riktig tid.<\/p>\n\n\n\n<h3 class=\"wp-block-heading\">Hva gj\u00f8r oss annerledes?<\/h3>\n\n\n\n<ul class=\"wp-block-list\">\n<li>\ud83e\udde0 <strong>Smart innholdsstrategi<\/strong>Vi velger historier basert p\u00e5 datatrender og brukerengasjement, ikke tilfeldige gjettinger.<\/li>\n\n\n\n<li>\u26a1 <strong>Raskt lastende sider<\/strong>Optimalisert for hastighet for \u00e5 redusere avvisningsfrekvens og forbedre brukeropplevelsen.<\/li>\n\n\n\n<li>\ud83c\udfaf <strong>Relevant inntektsgenerering<\/strong>Vi samarbeider med annonseplattformer i toppklasse for \u00e5 sikre at innholdsmonetisering respekterer brukertillit og lesbarhet.<\/li>\n<\/ul>\n\n\n\n<p>Enten du kom hit fra et innlegg p\u00e5 sosiale medier, en nyhetsfeed eller en av v\u00e5re partnersider \u2013 vi er glade for at du er her.<\/p>\n\n\n\n<p>Takk for bes\u00f8ket <strong>Lihapk.com<\/strong>.<\/p>\n\n\n\n<blockquote class=\"wp-block-quote is-layout-flow wp-block-quote-is-layout-flow\">\n<p>Vil du komme i kontakt? Bes\u00f8k v\u00e5r <a>Kontaktside<\/a> eller ta kontakt via e-post p\u00e5: <strong><a>contact@lihapk.com<\/a><\/strong><\/p>\n<\/blockquote>","protected":false},"excerpt":{"rendered":"<p>Welcome to Lihapk.com \u2014 your go-to destination for curated content, trending stories, and high-engagement insights from around the world. At [&hellip;]<\/p>\n","protected":false},"author":1,"featured_media":0,"parent":0,"menu_order":0,"comment_status":"closed","ping_status":"closed","template":"","meta":{"site-sidebar-layout":"default","site-content-layout":"","ast-site-content-layout":"","site-content-style":"default","site-sidebar-style":"default","ast-global-header-display":"","ast-banner-title-visibility":"","ast-main-header-display":"","ast-hfb-above-header-display":"","ast-hfb-below-header-display":"","ast-hfb-mobile-header-display":"","site-post-title":"","ast-breadcrumbs-content":"","ast-featured-img":"","footer-sml-layout":"","theme-transparent-header-meta":"","adv-header-id-meta":"","stick-header-meta":"","header-above-stick-meta":"","header-main-stick-meta":"","header-below-stick-meta":"","astra-migrate-meta-layouts":"default","ast-page-background-enabled":"default","ast-page-background-meta":{"desktop":{"background-color":"var(--ast-global-color-4)","background-image":"","background-repeat":"repeat","background-position":"center center","background-size":"auto","background-attachment":"scroll","background-type":"","background-media":"","overlay-type":"","overlay-color":"","overlay-opacity":"","overlay-gradient":""},"tablet":{"background-color":"","background-image":"","background-repeat":"repeat","background-position":"center center","background-size":"auto","background-attachment":"scroll","background-type":"","background-media":"","overlay-type":"","overlay-color":"","overlay-opacity":"","overlay-gradient":""},"mobile":{"background-color":"","background-image":"","background-repeat":"repeat","background-position":"center center","background-size":"auto","background-attachment":"scroll","background-type":"","background-media":"","overlay-type":"","overlay-color":"","overlay-opacity":"","overlay-gradient":""}},"ast-content-background-meta":{"desktop":{"background-color":"var(--ast-global-color-5)","background-image":"","background-repeat":"repeat","background-position":"center center","background-size":"auto","background-attachment":"scroll","background-type":"","background-media":"","overlay-type":"","overlay-color":"","overlay-opacity":"","overlay-gradient":""},"tablet":{"background-color":"var(--ast-global-color-5)","background-image":"","background-repeat":"repeat","background-position":"center center","background-size":"auto","background-attachment":"scroll","background-type":"","background-media":"","overlay-type":"","overlay-color":"","overlay-opacity":"","overlay-gradient":""},"mobile":{"background-color":"var(--ast-global-color-5)","background-image":"","background-repeat":"repeat","background-position":"center center","background-size":"auto","background-attachment":"scroll","background-type":"","background-media":"","overlay-type":"","overlay-color":"","overlay-opacity":"","overlay-gradient":""}},"footnotes":""},"class_list":["post-81","page","type-page","status-publish","hentry"],"_links":{"self":[{"href":"https:\/\/lihapk.com\/nb\/wp-json\/wp\/v2\/pages\/81","targetHints":{"allow":["GET"]}}],"collection":[{"href":"https:\/\/lihapk.com\/nb\/wp-json\/wp\/v2\/pages"}],"about":[{"href":"https:\/\/lihapk.com\/nb\/wp-json\/wp\/v2\/types\/page"}],"author":[{"embeddable":true,"href":"https:\/\/lihapk.com\/nb\/wp-json\/wp\/v2\/users\/1"}],"replies":[{"embeddable":true,"href":"https:\/\/lihapk.com\/nb\/wp-json\/wp\/v2\/comments?post=81"}],"version-history":[{"count":1,"href":"https:\/\/lihapk.com\/nb\/wp-json\/wp\/v2\/pages\/81\/revisions"}],"predecessor-version":[{"id":82,"href":"https:\/\/lihapk.com\/nb\/wp-json\/wp\/v2\/pages\/81\/revisions\/82"}],"wp:attachment":[{"href":"https:\/\/lihapk.com\/nb\/wp-json\/wp\/v2\/media?parent=81"}],"curies":[{"name":"wp","href":"https:\/\/api.w.org\/{rel}","templated":true}]}}