{"id":83,"date":"2025-05-26T10:04:05","date_gmt":"2025-05-26T10:04:05","guid":{"rendered":"https:\/\/lihapk.com\/?page_id=83"},"modified":"2025-05-26T10:04:07","modified_gmt":"2025-05-26T10:04:07","slug":"cookie-policy","status":"publish","type":"page","link":"https:\/\/lihapk.com\/nb\/cookie-policy\/","title":{"rendered":"Informasjonskapsler"},"content":{"rendered":"<p>Denne informasjonskapselpolicyen forklarer hvordan <strong>Lihapk.com<\/strong> (&#8220;<strong>vi<\/strong>&#8220;, &#8220;<strong>v\u00e5r<\/strong>\u00ab, eller \u00ab<strong>Nettstedet<\/strong>\u00ab) bruker informasjonskapsler og lignende sporingsteknologier for \u00e5 gjenkjenne bes\u00f8kende, forst\u00e5 preferansene deres og forbedre nettleseropplevelsen p\u00e5 tvers av plattformen v\u00e5r.<\/p>\n\n\n\n<p>Denne policyen b\u00f8r leses i sammenheng med v\u00e5r <a>Personvernerkl\u00e6ring<\/a>.<\/p>\n\n\n\n<hr class=\"wp-block-separator has-alpha-channel-opacity\"\/>\n\n\n\n<h3 class=\"wp-block-heading\"><strong>1. Hva er informasjonskapsler?<\/strong><\/h3>\n\n\n\n<p>Informasjonskapsler er sm\u00e5 tekstfiler som plasseres p\u00e5 enheten din av nettsteder du bes\u00f8ker. De brukes mye for \u00e5 sikre at nettsteder fungerer som de skal, forbedre effektiviteten, gi statistisk informasjon til nettstedseiere og levere personlige opplevelser, inkludert reklame.<\/p>\n\n\n\n<hr class=\"wp-block-separator has-alpha-channel-opacity\"\/>\n\n\n\n<h3 class=\"wp-block-heading\"><strong>2. Typer informasjonskapsler vi bruker<\/strong><\/h3>\n\n\n\n<p>Vi bruker f\u00f8lgende kategorier av informasjonskapsler:<\/p>\n\n\n\n<h4 class=\"wp-block-heading\"><strong>2.1 Strengt n\u00f8dvendige informasjonskapsler<\/strong><\/h4>\n\n\n\n<p>Disse informasjonskapslene er viktige for driften av nettstedet v\u00e5rt. De muliggj\u00f8r grunnleggende funksjoner som sidenavigasjon, \u00f8ktadministrasjon og sikkerhetsfunksjoner.<\/p>\n\n\n\n<h4 class=\"wp-block-heading\"><strong>2.2 Informasjonskapsler for ytelse og analyse<\/strong><\/h4>\n\n\n\n<p>Disse informasjonskapslene lar oss samle inn anonymiserte data om hvordan bes\u00f8kende samhandler med nettstedet v\u00e5rt. Vi bruker tjenester som <strong>Google Analytics<\/strong> for \u00e5 overv\u00e5ke trafikkilder, avvisningsfrekvenser, tid p\u00e5 siden og enhetstyper.<\/p>\n\n\n\n<h4 class=\"wp-block-heading\"><strong>2.3 Funksjonelle informasjonskapsler<\/strong><\/h4>\n\n\n\n<p>Disse informasjonskapslene muliggj\u00f8r forbedret funksjonalitet og personalisering, for eksempel \u00e5 huske brukerpreferanser eller tidligere bes\u00f8kte sider.<\/p>\n\n\n\n<h4 class=\"wp-block-heading\"><strong>2.4 Annonserings- og m\u00e5lrettingsinformasjonskapsler<\/strong><\/h4>\n\n\n\n<p>Vi samarbeider med tredjeparts annonseplattformer, som for eksempel <strong>Google Annonsebehandler<\/strong>, <strong>AdSense<\/strong>, og <strong>programmatiske utvekslinger<\/strong>, som kan sette informasjonskapsler for \u00e5 levere skreddersydde annonser, begrense repeterende annonser og m\u00e5le effektiviteten til kampanjer.<\/p>\n\n\n\n<p>Disse informasjonskapslene kan spore nettleseratferden din p\u00e5 tvers av nettsteder.<\/p>\n\n\n\n<hr class=\"wp-block-separator has-alpha-channel-opacity\"\/>\n\n\n\n<h3 class=\"wp-block-heading\"><strong>3. Tredjeparts informasjonskapsler<\/strong><\/h3>\n\n\n\n<p>Tredjeparts informasjonskapsler kan bli satt av domener som ikke drives av oss. Disse inkluderer:<\/p>\n\n\n\n<ul class=\"wp-block-list\">\n<li><strong>Google (DoubleClick \/ AdSense \/ GA4)<\/strong><\/li>\n\n\n\n<li><strong>JoinAds eller tilknyttede SSP-er\/DSP-er<\/strong><\/li>\n\n\n\n<li><strong>Analyseplattformer og verkt\u00f8y for samtykkeh\u00e5ndtering<\/strong><\/li>\n<\/ul>\n\n\n\n<p>Hver tredjepart er ansvarlig for sine egne informasjonskapsler, som er underlagt deres respektive personvernregler.<\/p>\n\n\n\n<hr class=\"wp-block-separator has-alpha-channel-opacity\"\/>\n\n\n\n<h3 class=\"wp-block-heading\"><strong>4. Rettslig grunnlag for behandling (GDPR-samsvar)<\/strong><\/h3>\n\n\n\n<p>I henhold til personvernforordningen (GDPR) behandler vi kun un\u00f8dvendige informasjonskapsler etter at vi har innhentet ditt uttrykkelige samtykke via en <strong>informasjonskapselbanner eller samtykkeh\u00e5ndteringsplattform (CMP)<\/strong>.<\/p>\n\n\n\n<p>For brukere i EU\/E\u00d8S:<\/p>\n\n\n\n<ul class=\"wp-block-list\">\n<li>Viktige informasjonskapsler er satt som standard.<\/li>\n\n\n\n<li>Ikke-essensielle informasjonskapsler (reklame, analyse) aktiveres kun etter at samtykke er gitt.<\/li>\n<\/ul>\n\n\n\n<hr class=\"wp-block-separator has-alpha-channel-opacity\"\/>\n\n\n\n<h3 class=\"wp-block-heading\"><strong>5. Administrering av informasjonskapselinnstillingene dine<\/strong><\/h3>\n\n\n\n<p>Du kan kontrollere og administrere informasjonskapsler p\u00e5 flere m\u00e5ter:<\/p>\n\n\n\n<ul class=\"wp-block-list\">\n<li><strong>Nettleserinnstillinger<\/strong>De fleste nettlesere lar deg blokkere eller slette informasjonskapsler via innstillinger.<\/li>\n\n\n\n<li><strong>Verkt\u00f8y for \u00e5 reservere seg<\/strong>:\n<ul class=\"wp-block-list\">\n<li><a class=\"\" href=\"https:\/\/adssettings.google.com\">Google Ads-innstillinger<\/a><\/li>\n\n\n\n<li><a>Nettverksannonseringsinitiativet (NAI)<\/a><\/li>\n\n\n\n<li><a>Dine annonsevalg<\/a><\/li>\n<\/ul>\n<\/li>\n<\/ul>\n\n\n\n<p>V\u00e6r oppmerksom p\u00e5 at deaktivering av informasjonskapsler kan svekke nettstedets funksjonalitet.<\/p>\n\n\n\n<hr class=\"wp-block-separator has-alpha-channel-opacity\"\/>\n\n\n\n<h3 class=\"wp-block-heading\"><strong>6. Innbyggere i California (CCPA-varsel)<\/strong><\/h3>\n\n\n\n<p>Hvis du er bosatt i California, har du rett til \u00e5 reservere deg mot salg av dine personopplysninger, inkludert informasjonskapsler som brukes til m\u00e5lrettet annonsering. Du kan ut\u00f8ve denne retten ved \u00e5 klikke p\u00e5 lenken \u00abIkke selg min personlige informasjon\u00bb som er tilgjengelig i bunnteksten p\u00e5 nettstedet v\u00e5rt, eller ved \u00e5 kontakte oss direkte.<\/p>\n\n\n\n<hr class=\"wp-block-separator has-alpha-channel-opacity\"\/>\n\n\n\n<h3 class=\"wp-block-heading\"><strong>7. Oppdateringer av denne informasjonskapselpolicyen<\/strong><\/h3>\n\n\n\n<p>Vi kan oppdatere denne informasjonskapselpolicyen fra tid til annen for \u00e5 gjenspeile endringer i lov, teknologi eller v\u00e5r praksis. Alle oppdateringer vil bli publisert p\u00e5 denne siden med en revidert \u00abSist oppdatert\u00bb-dato.<\/p>\n\n\n\n<hr class=\"wp-block-separator has-alpha-channel-opacity\"\/>\n\n\n\n<h3 class=\"wp-block-heading\"><strong>8. Kontaktinformasjon<\/strong><\/h3>\n\n\n\n<p>Hvis du har sp\u00f8rsm\u00e5l ang\u00e5ende denne retningslinjene for informasjonskapsler eller v\u00e5r databehandlingspraksis, kan du kontakte oss:<\/p>\n\n\n\n<p>\ud83d\udce7 <strong>E-post<\/strong>: <a>contact@lihapk.com<\/a><br>\ud83c\udf10 <strong>Nettsted<\/strong>: <a class=\"\" href=\"https:\/\/lihapk.com\/nb\/\">https:\/\/lihapk.com<\/a><\/p>","protected":false},"excerpt":{"rendered":"<p>This Cookie Policy explains how Lihapk.com (&#8220;we&#8220;, &#8220;our&#8220;, or &#8220;the Website&#8220;) uses cookies and similar tracking technologies to recognize visitors, [&hellip;]<\/p>\n","protected":false},"author":1,"featured_media":0,"parent":0,"menu_order":0,"comment_status":"closed","ping_status":"closed","template":"","meta":{"site-sidebar-layout":"default","site-content-layout":"","ast-site-content-layout":"","site-content-style":"default","site-sidebar-style":"default","ast-global-header-display":"","ast-banner-title-visibility":"","ast-main-header-display":"","ast-hfb-above-header-display":"","ast-hfb-below-header-display":"","ast-hfb-mobile-header-display":"","site-post-title":"","ast-breadcrumbs-content":"","ast-featured-img":"","footer-sml-layout":"","theme-transparent-header-meta":"","adv-header-id-meta":"","stick-header-meta":"","header-above-stick-meta":"","header-main-stick-meta":"","header-below-stick-meta":"","astra-migrate-meta-layouts":"default","ast-page-background-enabled":"default","ast-page-background-meta":{"desktop":{"background-color":"var(--ast-global-color-4)","background-image":"","background-repeat":"repeat","background-position":"center center","background-size":"auto","background-attachment":"scroll","background-type":"","background-media":"","overlay-type":"","overlay-color":"","overlay-opacity":"","overlay-gradient":""},"tablet":{"background-color":"","background-image":"","background-repeat":"repeat","background-position":"center center","background-size":"auto","background-attachment":"scroll","background-type":"","background-media":"","overlay-type":"","overlay-color":"","overlay-opacity":"","overlay-gradient":""},"mobile":{"background-color":"","background-image":"","background-repeat":"repeat","background-position":"center center","background-size":"auto","background-attachment":"scroll","background-type":"","background-media":"","overlay-type":"","overlay-color":"","overlay-opacity":"","overlay-gradient":""}},"ast-content-background-meta":{"desktop":{"background-color":"var(--ast-global-color-5)","background-image":"","background-repeat":"repeat","background-position":"center center","background-size":"auto","background-attachment":"scroll","background-type":"","background-media":"","overlay-type":"","overlay-color":"","overlay-opacity":"","overlay-gradient":""},"tablet":{"background-color":"var(--ast-global-color-5)","background-image":"","background-repeat":"repeat","background-position":"center center","background-size":"auto","background-attachment":"scroll","background-type":"","background-media":"","overlay-type":"","overlay-color":"","overlay-opacity":"","overlay-gradient":""},"mobile":{"background-color":"var(--ast-global-color-5)","background-image":"","background-repeat":"repeat","background-position":"center center","background-size":"auto","background-attachment":"scroll","background-type":"","background-media":"","overlay-type":"","overlay-color":"","overlay-opacity":"","overlay-gradient":""}},"footnotes":""},"class_list":["post-83","page","type-page","status-publish","hentry"],"_links":{"self":[{"href":"https:\/\/lihapk.com\/nb\/wp-json\/wp\/v2\/pages\/83","targetHints":{"allow":["GET"]}}],"collection":[{"href":"https:\/\/lihapk.com\/nb\/wp-json\/wp\/v2\/pages"}],"about":[{"href":"https:\/\/lihapk.com\/nb\/wp-json\/wp\/v2\/types\/page"}],"author":[{"embeddable":true,"href":"https:\/\/lihapk.com\/nb\/wp-json\/wp\/v2\/users\/1"}],"replies":[{"embeddable":true,"href":"https:\/\/lihapk.com\/nb\/wp-json\/wp\/v2\/comments?post=83"}],"version-history":[{"count":1,"href":"https:\/\/lihapk.com\/nb\/wp-json\/wp\/v2\/pages\/83\/revisions"}],"predecessor-version":[{"id":84,"href":"https:\/\/lihapk.com\/nb\/wp-json\/wp\/v2\/pages\/83\/revisions\/84"}],"wp:attachment":[{"href":"https:\/\/lihapk.com\/nb\/wp-json\/wp\/v2\/media?parent=83"}],"curies":[{"name":"wp","href":"https:\/\/api.w.org\/{rel}","templated":true}]}}