{"id":15,"date":"2025-04-09T10:36:30","date_gmt":"2025-04-09T10:36:30","guid":{"rendered":"https:\/\/lihapk.com\/?page_id=15"},"modified":"2025-04-09T10:36:32","modified_gmt":"2025-04-09T10:36:32","slug":"privacy-policy","status":"publish","type":"page","link":"https:\/\/lihapk.com\/sv\/privacy-policy\/","title":{"rendered":"Integritetspolicy"},"content":{"rendered":"<p>Din integritet \u00e4r viktig f\u00f6r oss. Det \u00e4r lihapks policy att respektera din integritet g\u00e4llande all information vi kan samla in fr\u00e5n dig p\u00e5 v\u00e5r webbplats. <a href=\"https:\/\/lihapk.com\/sv\/\">lihapk<\/a>och andra webbplatser som vi \u00e4ger och driver.<\/p>\n\n\n\n<p>Vi ber endast om personlig information n\u00e4r vi verkligen beh\u00f6ver den f\u00f6r att tillhandah\u00e5lla en tj\u00e4nst till dig. Vi samlar in den p\u00e5 r\u00e4ttvisa och lagliga s\u00e4tt, med din vetskap och ditt samtycke. Vi informerar dig ocks\u00e5 om varf\u00f6r vi samlar in den och hur den kommer att anv\u00e4ndas.<\/p>\n\n\n\n<p>Vi sparar endast insamlad information s\u00e5 l\u00e4nge som det \u00e4r n\u00f6dv\u00e4ndigt f\u00f6r att tillhandah\u00e5lla den tj\u00e4nst du beg\u00e4rt. De uppgifter vi lagrar skyddar vi inom ramen f\u00f6r kommersiellt acceptabla metoder f\u00f6r att f\u00f6rhindra f\u00f6rlust och st\u00f6ld, samt obeh\u00f6rig \u00e5tkomst, avsl\u00f6jande, kopiering, anv\u00e4ndning eller modifiering.<\/p>\n\n\n\n<p>Vi delar ingen personligt identifierbar information offentligt eller med tredje part, f\u00f6rutom n\u00e4r det kr\u00e4vs enligt lag.<\/p>\n\n\n\n<p>V\u00e5r webbplats kan l\u00e4nka till externa webbplatser som inte drivs av oss. Observera att vi inte har n\u00e5gon kontroll \u00f6ver inneh\u00e5llet och praxisen p\u00e5 dessa webbplatser och kan inte ta ansvar f\u00f6r deras respektive integritetspolicyer.<\/p>\n\n\n\n<p>Du har r\u00e4tt att avb\u00f6ja v\u00e5r beg\u00e4ran om dina personuppgifter, med f\u00f6rst\u00e5elsen att vi eventuellt inte kan tillhandah\u00e5lla dig vissa av de tj\u00e4nster du \u00f6nskar.<\/p>\n\n\n\n<p>Din fortsatta anv\u00e4ndning av v\u00e5r webbplats kommer att betraktas som att du godk\u00e4nner v\u00e5ra rutiner g\u00e4llande integritet och personuppgifter. Om du har n\u00e5gra fr\u00e5gor om hur vi hanterar anv\u00e4ndardata och personuppgifter \u00e4r du v\u00e4lkommen att kontakta oss.<\/p>\n\n\n\n<h2 class=\"wp-block-heading\">Cookiepolicy f\u00f6r lihapk<\/h2>\n\n\n\n<p>Detta \u00e4r cookiepolicyn f\u00f6r lihapk, tillg\u00e4nglig fr\u00e5n URL:en https:\/\/lihapk.com\/.<\/p>\n\n\n\n<h3 class=\"wp-block-heading\">Vad \u00e4r kakor<\/h3>\n\n\n\n<p>Som vanligt f\u00f6rekommer p\u00e5 n\u00e4stan alla professionella webbplatser anv\u00e4nder den h\u00e4r webbplatsen cookies, sm\u00e5 filer som laddas ner till din dator f\u00f6r att f\u00f6rb\u00e4ttra din upplevelse. Den h\u00e4r sidan beskriver vilken information de samlar in, hur vi anv\u00e4nder den och varf\u00f6r vi ibland beh\u00f6ver lagra dessa cookies. Vi kommer ocks\u00e5 att dela med oss av hur du kan f\u00f6rhindra att dessa cookies lagras, men detta kan f\u00f6rs\u00e4mra eller st\u00f6ra vissa delar av webbplatsens funktionalitet.<\/p>\n\n\n\n<h3 class=\"wp-block-heading\">Hur vi anv\u00e4nder cookies<\/h3>\n\n\n\n<p>Vi anv\u00e4nder cookies av en m\u00e4ngd olika anledningar som beskrivs nedan. Tyv\u00e4rr finns det i de flesta fall inga branschstandardalternativ f\u00f6r att inaktivera cookies utan att helt inaktivera de funktioner och funktioner de l\u00e4gger till p\u00e5 den h\u00e4r webbplatsen. Det rekommenderas att du l\u00e4mnar alla cookies aktiverade om du \u00e4r os\u00e4ker p\u00e5 om du beh\u00f6ver dem eller inte ifall de anv\u00e4nds f\u00f6r att tillhandah\u00e5lla en tj\u00e4nst som du anv\u00e4nder.<\/p>\n\n\n\n<h3 class=\"wp-block-heading\">Inaktivera cookies<\/h3>\n\n\n\n<p>Du kan f\u00f6rhindra att cookies sparas genom att justera inst\u00e4llningarna i din webbl\u00e4sare (se webbl\u00e4sarens hj\u00e4lp f\u00f6r information om hur du g\u00f6r detta). Var medveten om att inaktivering av cookies p\u00e5verkar funktionaliteten p\u00e5 denna och m\u00e5nga andra webbplatser som du bes\u00f6ker. Att inaktivera cookies leder vanligtvis \u00e4ven till att vissa funktioner och funktioner p\u00e5 webbplatsen inaktiveras. D\u00e4rf\u00f6r rekommenderas det att du inte inaktiverar cookies.<\/p>\n\n\n\n<h3 class=\"wp-block-heading\">De kakor vi st\u00e4ller in<\/h3>\n\n\n\n<h3 class=\"wp-block-heading\">Tredjepartscookies<\/h3>\n\n\n\n<p>I vissa specialfall anv\u00e4nder vi \u00e4ven cookies fr\u00e5n betrodda tredje parter. F\u00f6ljande avsnitt beskriver vilka tredjepartscookies du kan st\u00f6ta p\u00e5 via denna webbplats.<\/p>\n\n\n\n<ul class=\"wp-block-list\">\n<li>Google AdSense-tj\u00e4nsten som vi anv\u00e4nder f\u00f6r att visa annonser anv\u00e4nder en DoubleClick-cookie f\u00f6r att visa mer relevanta annonser p\u00e5 webben och begr\u00e4nsa antalet g\u00e5nger en viss annons visas f\u00f6r dig.<\/li>\n\n\n\n<li>F\u00f6r mer information om Google AdSense, se de officiella vanliga fr\u00e5gorna om sekretess f\u00f6r Google AdSense.<\/li>\n\n\n\n<li>Vi anv\u00e4nder annonser f\u00f6r att t\u00e4cka kostnaderna f\u00f6r att driva webbplatsen och f\u00f6r att finansiera vidareutveckling. De beteendebaserade annonseringscookies som anv\u00e4nds av webbplatsen \u00e4r utformade f\u00f6r att s\u00e4kerst\u00e4lla att vi ger dig de mest relevanta annonserna d\u00e4r det \u00e4r m\u00f6jligt genom att anonymt sp\u00e5ra dina intressen och presentera liknande saker som kan vara av intresse.<\/li>\n\n\n\n<li>Flera partners annonserar f\u00f6r v\u00e5r r\u00e4kning och affiliate-sp\u00e5rningscookies l\u00e5ter oss helt enkelt se om v\u00e5ra kunder har kommit till webbplatsen via en av v\u00e5ra partnerwebbplatser s\u00e5 att vi kan kreditera dem p\u00e5 l\u00e4mpligt s\u00e4tt och i f\u00f6rekommande fall l\u00e5ta v\u00e5ra affiliate-partners erbjuda eventuella bonusar som de kan ge dig f\u00f6r att du g\u00f6r ett k\u00f6p.<\/li>\n<\/ul>\n\n\n\n<h3 class=\"wp-block-heading\">Anv\u00e4ndarens ansvar<\/h3>\n\n\n\n<p>Anv\u00e4ndaren \u00e5tar sig ansvaret f\u00f6r att anv\u00e4nda inneh\u00e5llet och informationen som erbjuds p\u00e5 webbplatsen p\u00e5 l\u00e4mpligt s\u00e4tt med ett uttalande, men inte imitativt, beteende:<\/p>\n\n\n\n<ul class=\"wp-block-list\">\n<li>A) Att inte delta i verksamhet som \u00e4r olaglig eller strider mot god tro och allm\u00e4n ordning;<\/li>\n\n\n\n<li>B) Att inte sprida propaganda eller inneh\u00e5ll av rasistisk, fr\u00e4mlingsfientlig eller hasardspelande karakt\u00e4r, n\u00e5gon form av olaglig pornografi, terroristp\u00e5st\u00e5enden eller inneh\u00e5ll som strider mot m\u00e4nskliga r\u00e4ttigheter;<\/li>\n\n\n\n<li>C) Orsaka inte skada p\u00e5 fysiska system (h\u00e5rdvara) och o\u00e5tkomliga (programvara) som tillh\u00f6r lihapk, dess leverant\u00f6rer eller tredje part, f\u00f6r att introducera eller sprida datavirus eller andra h\u00e5rdvaru- eller programvarusystem som kan orsaka skada som n\u00e4mnts ovan.<\/li>\n<\/ul>\n\n\n\n<h3 class=\"wp-block-heading\">Mer information<\/h3>\n\n\n\n<p>F\u00f6rhoppningsvis har det klargjort saker och ting f\u00f6r dig, och som tidigare n\u00e4mnts, om det \u00e4r n\u00e5got du \u00e4r os\u00e4ker p\u00e5 om du beh\u00f6ver eller inte \u00e4r det oftast s\u00e4krare att l\u00e5ta cookies vara aktiverade ifall det interagerar med n\u00e5gon av funktionerna du anv\u00e4nder p\u00e5 v\u00e5r webbplats.<\/p>\n\n\n\n<p>Denna policy g\u00e4ller fr\u00e5n och med den 9 april 2025 klockan 10:35.<\/p>","protected":false},"excerpt":{"rendered":"<p>Your privacy is important to us. It is lihapk&#8217;s policy to respect your privacy regarding any information we may collect [&hellip;]<\/p>\n","protected":false},"author":1,"featured_media":0,"parent":0,"menu_order":0,"comment_status":"closed","ping_status":"closed","template":"","meta":{"site-sidebar-layout":"default","site-content-layout":"","ast-site-content-layout":"","site-content-style":"default","site-sidebar-style":"default","ast-global-header-display":"","ast-banner-title-visibility":"","ast-main-header-display":"","ast-hfb-above-header-display":"","ast-hfb-below-header-display":"","ast-hfb-mobile-header-display":"","site-post-title":"","ast-breadcrumbs-content":"","ast-featured-img":"","footer-sml-layout":"","theme-transparent-header-meta":"","adv-header-id-meta":"","stick-header-meta":"","header-above-stick-meta":"","header-main-stick-meta":"","header-below-stick-meta":"","astra-migrate-meta-layouts":"default","ast-page-background-enabled":"default","ast-page-background-meta":{"desktop":{"background-color":"var(--ast-global-color-4)","background-image":"","background-repeat":"repeat","background-position":"center center","background-size":"auto","background-attachment":"scroll","background-type":"","background-media":"","overlay-type":"","overlay-color":"","overlay-opacity":"","overlay-gradient":""},"tablet":{"background-color":"","background-image":"","background-repeat":"repeat","background-position":"center center","background-size":"auto","background-attachment":"scroll","background-type":"","background-media":"","overlay-type":"","overlay-color":"","overlay-opacity":"","overlay-gradient":""},"mobile":{"background-color":"","background-image":"","background-repeat":"repeat","background-position":"center center","background-size":"auto","background-attachment":"scroll","background-type":"","background-media":"","overlay-type":"","overlay-color":"","overlay-opacity":"","overlay-gradient":""}},"ast-content-background-meta":{"desktop":{"background-color":"var(--ast-global-color-5)","background-image":"","background-repeat":"repeat","background-position":"center center","background-size":"auto","background-attachment":"scroll","background-type":"","background-media":"","overlay-type":"","overlay-color":"","overlay-opacity":"","overlay-gradient":""},"tablet":{"background-color":"var(--ast-global-color-5)","background-image":"","background-repeat":"repeat","background-position":"center center","background-size":"auto","background-attachment":"scroll","background-type":"","background-media":"","overlay-type":"","overlay-color":"","overlay-opacity":"","overlay-gradient":""},"mobile":{"background-color":"var(--ast-global-color-5)","background-image":"","background-repeat":"repeat","background-position":"center center","background-size":"auto","background-attachment":"scroll","background-type":"","background-media":"","overlay-type":"","overlay-color":"","overlay-opacity":"","overlay-gradient":""}},"footnotes":""},"class_list":["post-15","page","type-page","status-publish","hentry"],"_links":{"self":[{"href":"https:\/\/lihapk.com\/sv\/wp-json\/wp\/v2\/pages\/15","targetHints":{"allow":["GET"]}}],"collection":[{"href":"https:\/\/lihapk.com\/sv\/wp-json\/wp\/v2\/pages"}],"about":[{"href":"https:\/\/lihapk.com\/sv\/wp-json\/wp\/v2\/types\/page"}],"author":[{"embeddable":true,"href":"https:\/\/lihapk.com\/sv\/wp-json\/wp\/v2\/users\/1"}],"replies":[{"embeddable":true,"href":"https:\/\/lihapk.com\/sv\/wp-json\/wp\/v2\/comments?post=15"}],"version-history":[{"count":1,"href":"https:\/\/lihapk.com\/sv\/wp-json\/wp\/v2\/pages\/15\/revisions"}],"predecessor-version":[{"id":16,"href":"https:\/\/lihapk.com\/sv\/wp-json\/wp\/v2\/pages\/15\/revisions\/16"}],"wp:attachment":[{"href":"https:\/\/lihapk.com\/sv\/wp-json\/wp\/v2\/media?parent=15"}],"curies":[{"name":"wp","href":"https:\/\/api.w.org\/{rel}","templated":true}]}}