{"id":17,"date":"2025-04-09T10:37:14","date_gmt":"2025-04-09T10:37:14","guid":{"rendered":"https:\/\/lihapk.com\/?page_id=17"},"modified":"2025-04-09T10:37:16","modified_gmt":"2025-04-09T10:37:16","slug":"terms-of-service","status":"publish","type":"page","link":"https:\/\/lihapk.com\/sv\/terms-of-service\/","title":{"rendered":"Anv\u00e4ndarvillkor"},"content":{"rendered":"<h3 class=\"wp-block-heading\">1. Villkor<\/h3>\n\n\n\n<p>Genom att bes\u00f6ka webbplatsen p\u00e5 <a href=\"https:\/\/lihapk.com\/sv\/\">lihapk<\/a> Du godk\u00e4nner att vara bunden av dessa anv\u00e4ndarvillkor, alla till\u00e4mpliga lagar och f\u00f6rordningar, och samtycker till att du \u00e4r ansvarig f\u00f6r att f\u00f6lja alla till\u00e4mpliga lokala lagar. Om du inte godk\u00e4nner n\u00e5got av dessa villkor \u00e4r du f\u00f6rbjuden att anv\u00e4nda eller bes\u00f6ka denna webbplats. Materialet p\u00e5 denna webbplats \u00e4r skyddat av till\u00e4mplig upphovsr\u00e4tts- och varum\u00e4rkeslagstiftning.<\/p>\n\n\n\n<h3 class=\"wp-block-heading\">2. Anv\u00e4nd licens<\/h3>\n\n\n\n<ol class=\"wp-block-list\">\n<li>Tillst\u00e5nd beviljas att tillf\u00e4lligt ladda ner en kopia av materialet (information eller programvara) p\u00e5 lihapks webbplats f\u00f6r personlig, icke-kommersiell och tillf\u00e4llig visning. Detta \u00e4r ett beviljande av en licens, inte en \u00f6verf\u00f6ring av \u00e4gander\u00e4tt, och enligt denna licens f\u00e5r du inte:<\/li>\n\n\n\n<li>modifiera eller kopiera materialet;<\/li>\n\n\n\n<li>anv\u00e4nda materialet f\u00f6r kommersiella \u00e4ndam\u00e5l eller f\u00f6r offentlig visning (kommersiell eller icke-kommersiell);<\/li>\n\n\n\n<li>f\u00f6rs\u00f6ka dekompilera eller bak\u00e5tkompilera programvara som finns p\u00e5 lihapks webbplats;<\/li>\n\n\n\n<li>ta bort alla upphovsr\u00e4ttsliga eller andra \u00e4gander\u00e4ttsliga anteckningar fr\u00e5n materialet; eller<\/li>\n\n\n\n<li>\u00f6verf\u00f6ra materialet till en annan person eller &#039;spegla&#039; materialet p\u00e5 n\u00e5gon annan server.<\/li>\n\n\n\n<li>Denna licens upph\u00f6r automatiskt om du bryter mot n\u00e5gon av dessa begr\u00e4nsningar och kan s\u00e4gas upp av lihapk n\u00e4r som helst. N\u00e4r du avslutar din visning av detta material eller n\u00e4r denna licens upph\u00f6r m\u00e5ste du f\u00f6rst\u00f6ra allt nedladdat material i din besittning, oavsett om det \u00e4r i elektroniskt eller tryckt format.<\/li>\n<\/ol>\n\n\n\n<h3 class=\"wp-block-heading\">3. Friskrivningsklausul<\/h3>\n\n\n\n<ol class=\"wp-block-list\">\n<li>Materialet p\u00e5 lihapks webbplats tillhandah\u00e5lls i befintligt skick. lihapk l\u00e4mnar inga garantier, vare sig uttryckliga eller underf\u00f6rst\u00e5dda, och fr\u00e5ns\u00e4ger sig h\u00e4rmed alla andra garantier, inklusive, utan begr\u00e4nsning, underf\u00f6rst\u00e5dda garantier eller villkor f\u00f6r s\u00e4ljbarhet, l\u00e4mplighet f\u00f6r ett visst \u00e4ndam\u00e5l eller icke-intr\u00e5ng i immateriella r\u00e4ttigheter eller andra intr\u00e5ng i r\u00e4ttigheter.<\/li>\n\n\n\n<li>Vidare garanterar eller g\u00f6r lihapk inga utf\u00e4stelser ang\u00e5ende riktigheten, sannolika resultat eller tillf\u00f6rlitligheten i anv\u00e4ndningen av materialet p\u00e5 sin webbplats eller p\u00e5 annat s\u00e4tt relaterat till s\u00e5dant material eller p\u00e5 n\u00e5gra webbplatser l\u00e4nkade till denna webbplats.<\/li>\n<\/ol>\n\n\n\n<h3 class=\"wp-block-heading\">4. Begr\u00e4nsningar<\/h3>\n\n\n\n<p>Under inga omst\u00e4ndigheter ska lihapk eller dess leverant\u00f6rer vara ansvariga f\u00f6r n\u00e5gra skador (inklusive, utan begr\u00e4nsning, skador f\u00f6r f\u00f6rlust av data eller vinst, eller p\u00e5 grund av avbrott i verksamheten) som uppst\u00e5r p\u00e5 grund av anv\u00e4ndning eller of\u00f6rm\u00e5ga att anv\u00e4nda materialet p\u00e5 lihapks webbplats, \u00e4ven om lihapk eller en auktoriserad representant f\u00f6r lihapk har underr\u00e4ttats muntligt eller skriftligen om m\u00f6jligheten till s\u00e5dan skada. Eftersom vissa jurisdiktioner inte till\u00e5ter begr\u00e4nsningar av underf\u00f6rst\u00e5dda garantier eller begr\u00e4nsningar av ansvar f\u00f6r f\u00f6ljdskador eller of\u00f6rutsedda skador, kanske dessa begr\u00e4nsningar inte g\u00e4ller dig.<\/p>\n\n\n\n<h3 class=\"wp-block-heading\">5. Materialens noggrannhet<\/h3>\n\n\n\n<p>Materialet som visas p\u00e5 lihapks webbplats kan inneh\u00e5lla tekniska, typografiska eller fotografiska fel. lihapk garanterar inte att n\u00e5got av materialet p\u00e5 webbplatsen \u00e4r korrekt, fullst\u00e4ndigt eller aktuellt. lihapk kan n\u00e4r som helst utan f\u00f6reg\u00e5ende meddelande g\u00f6ra \u00e4ndringar i materialet p\u00e5 webbplatsen. lihapk \u00e5tar sig dock inte att uppdatera materialet.<\/p>\n\n\n\n<h3 class=\"wp-block-heading\">6. L\u00e4nkar<\/h3>\n\n\n\n<p>lihapk har inte granskat alla webbplatser som l\u00e4nkas till sin webbplats och ansvarar inte f\u00f6r inneh\u00e5llet p\u00e5 s\u00e5dana l\u00e4nkade webbplatser. Inkluderingen av en l\u00e4nk inneb\u00e4r inte att lihapk st\u00f6der webbplatsen. Anv\u00e4ndning av s\u00e5dana l\u00e4nkade webbplatser sker p\u00e5 anv\u00e4ndarens egen risk.<\/p>\n\n\n\n<h3 class=\"wp-block-heading\">7. Modifieringar<\/h3>\n\n\n\n<p>lihapk kan n\u00e4r som helst revidera dessa anv\u00e4ndarvillkor f\u00f6r sin webbplats utan f\u00f6reg\u00e5ende meddelande. Genom att anv\u00e4nda denna webbplats godk\u00e4nner du att vara bunden av den d\u00e5 g\u00e4llande versionen av dessa anv\u00e4ndarvillkor.<\/p>\n\n\n\n<h3 class=\"wp-block-heading\">8. Till\u00e4mplig lag<\/h3>\n\n\n\n<p>Dessa villkor regleras av och tolkas i enlighet med lagarna i Lihapk och du underkastar dig o\u00e5terkalleligen domstolarnas exklusiva jurisdiktion i den staten eller p\u00e5 den platsen.<\/p>","protected":false},"excerpt":{"rendered":"<p>1. Terms By accessing the website at lihapk you are agreeing to be bound by these terms of service, all [&hellip;]<\/p>\n","protected":false},"author":1,"featured_media":0,"parent":0,"menu_order":0,"comment_status":"closed","ping_status":"closed","template":"","meta":{"site-sidebar-layout":"default","site-content-layout":"","ast-site-content-layout":"","site-content-style":"default","site-sidebar-style":"default","ast-global-header-display":"","ast-banner-title-visibility":"","ast-main-header-display":"","ast-hfb-above-header-display":"","ast-hfb-below-header-display":"","ast-hfb-mobile-header-display":"","site-post-title":"","ast-breadcrumbs-content":"","ast-featured-img":"","footer-sml-layout":"","theme-transparent-header-meta":"","adv-header-id-meta":"","stick-header-meta":"","header-above-stick-meta":"","header-main-stick-meta":"","header-below-stick-meta":"","astra-migrate-meta-layouts":"default","ast-page-background-enabled":"default","ast-page-background-meta":{"desktop":{"background-color":"var(--ast-global-color-4)","background-image":"","background-repeat":"repeat","background-position":"center center","background-size":"auto","background-attachment":"scroll","background-type":"","background-media":"","overlay-type":"","overlay-color":"","overlay-opacity":"","overlay-gradient":""},"tablet":{"background-color":"","background-image":"","background-repeat":"repeat","background-position":"center center","background-size":"auto","background-attachment":"scroll","background-type":"","background-media":"","overlay-type":"","overlay-color":"","overlay-opacity":"","overlay-gradient":""},"mobile":{"background-color":"","background-image":"","background-repeat":"repeat","background-position":"center center","background-size":"auto","background-attachment":"scroll","background-type":"","background-media":"","overlay-type":"","overlay-color":"","overlay-opacity":"","overlay-gradient":""}},"ast-content-background-meta":{"desktop":{"background-color":"var(--ast-global-color-5)","background-image":"","background-repeat":"repeat","background-position":"center center","background-size":"auto","background-attachment":"scroll","background-type":"","background-media":"","overlay-type":"","overlay-color":"","overlay-opacity":"","overlay-gradient":""},"tablet":{"background-color":"var(--ast-global-color-5)","background-image":"","background-repeat":"repeat","background-position":"center center","background-size":"auto","background-attachment":"scroll","background-type":"","background-media":"","overlay-type":"","overlay-color":"","overlay-opacity":"","overlay-gradient":""},"mobile":{"background-color":"var(--ast-global-color-5)","background-image":"","background-repeat":"repeat","background-position":"center center","background-size":"auto","background-attachment":"scroll","background-type":"","background-media":"","overlay-type":"","overlay-color":"","overlay-opacity":"","overlay-gradient":""}},"footnotes":""},"class_list":["post-17","page","type-page","status-publish","hentry"],"_links":{"self":[{"href":"https:\/\/lihapk.com\/sv\/wp-json\/wp\/v2\/pages\/17","targetHints":{"allow":["GET"]}}],"collection":[{"href":"https:\/\/lihapk.com\/sv\/wp-json\/wp\/v2\/pages"}],"about":[{"href":"https:\/\/lihapk.com\/sv\/wp-json\/wp\/v2\/types\/page"}],"author":[{"embeddable":true,"href":"https:\/\/lihapk.com\/sv\/wp-json\/wp\/v2\/users\/1"}],"replies":[{"embeddable":true,"href":"https:\/\/lihapk.com\/sv\/wp-json\/wp\/v2\/comments?post=17"}],"version-history":[{"count":1,"href":"https:\/\/lihapk.com\/sv\/wp-json\/wp\/v2\/pages\/17\/revisions"}],"predecessor-version":[{"id":18,"href":"https:\/\/lihapk.com\/sv\/wp-json\/wp\/v2\/pages\/17\/revisions\/18"}],"wp:attachment":[{"href":"https:\/\/lihapk.com\/sv\/wp-json\/wp\/v2\/media?parent=17"}],"curies":[{"name":"wp","href":"https:\/\/api.w.org\/{rel}","templated":true}]}}