{"id":81,"date":"2025-05-26T10:01:23","date_gmt":"2025-05-26T10:01:23","guid":{"rendered":"https:\/\/lihapk.com\/?page_id=81"},"modified":"2025-05-26T10:01:25","modified_gmt":"2025-05-26T10:01:25","slug":"about-us","status":"publish","type":"page","link":"https:\/\/lihapk.com\/sv\/about-us\/","title":{"rendered":"Om oss"},"content":{"rendered":"<p>V\u00e4lkommen till <strong>Lihapk.com<\/strong> \u2014 din destination f\u00f6r utvalt inneh\u00e5ll, trendiga ber\u00e4ttelser och engagerande insikter fr\u00e5n hela v\u00e4rlden.<\/p>\n\n\n\n<p>P\u00e5 <strong>Lihapk<\/strong>, vi specialiserar oss p\u00e5 att leverera snabba, relevanta och engagerande inneh\u00e5llsupplevelser inom en m\u00e4ngd olika kategorier, inklusive livsstil, underh\u00e5llning, h\u00e4lsa, teknik med mera. V\u00e5rt m\u00e5l \u00e4r att f\u00f6renkla hur m\u00e4nniskor f\u00e5r tillg\u00e5ng till anv\u00e4ndbar information online samtidigt som vi skapar en s\u00f6ml\u00f6s anv\u00e4ndarupplevelse optimerad f\u00f6r alla enheter.<\/p>\n\n\n\n<p>Vi samarbetar med ett n\u00e4tverk av premiummediepartners och annonsplattformar f\u00f6r att s\u00e4kerst\u00e4lla att v\u00e5ra anv\u00e4ndare f\u00e5r tillg\u00e5ng till h\u00f6gkvalitativa artiklar som st\u00f6ds av icke-p\u00e5tr\u00e4ngande, relevant reklam. Genom att utnyttja data, teknik och publikinsikter utvecklas v\u00e5r plattform st\u00e4ndigt f\u00f6r att ge r\u00e4tt inneh\u00e5ll till r\u00e4tt personer vid r\u00e4tt tidpunkt.<\/p>\n\n\n\n<h3 class=\"wp-block-heading\">Vad g\u00f6r oss annorlunda?<\/h3>\n\n\n\n<ul class=\"wp-block-list\">\n<li>\ud83e\udde0 <strong>Smart inneh\u00e5llsstrategi<\/strong>Vi v\u00e4ljer artiklar baserat p\u00e5 datatrender och anv\u00e4ndarengagemang, inte slumpm\u00e4ssiga gissningar.<\/li>\n\n\n\n<li>\u26a1 <strong>Snabbladdande sidor<\/strong>Optimerad f\u00f6r hastighet f\u00f6r att minska avvisningsfrekvensen och f\u00f6rb\u00e4ttra anv\u00e4ndarupplevelsen.<\/li>\n\n\n\n<li>\ud83c\udfaf <strong>Relevant int\u00e4ktsgenerering<\/strong>Vi arbetar med f\u00f6rstklassiga annonsplattformar f\u00f6r att s\u00e4kerst\u00e4lla att int\u00e4ktsgenerering av inneh\u00e5ll respekterar anv\u00e4ndarnas f\u00f6rtroende och l\u00e4sbarhet.<\/li>\n<\/ul>\n\n\n\n<p>Oavsett om du hamnade h\u00e4r fr\u00e5n ett inl\u00e4gg p\u00e5 sociala medier, ett nyhetsfl\u00f6de eller en av v\u00e5ra partnersajter \u2013 vi \u00e4r glada att du \u00e4r h\u00e4r.<\/p>\n\n\n\n<p>Tack f\u00f6r bes\u00f6ket <strong>Lihapk.com<\/strong>.<\/p>\n\n\n\n<blockquote class=\"wp-block-quote is-layout-flow wp-block-quote-is-layout-flow\">\n<p>Vill du komma i kontakt? Bes\u00f6k v\u00e5r <a>Kontaktsida<\/a> eller kontakta oss via e-post p\u00e5: <strong><a>contact@lihapk.com<\/a><\/strong><\/p>\n<\/blockquote>","protected":false},"excerpt":{"rendered":"<p>Welcome to Lihapk.com \u2014 your go-to destination for curated content, trending stories, and high-engagement insights from around the world. At [&hellip;]<\/p>\n","protected":false},"author":1,"featured_media":0,"parent":0,"menu_order":0,"comment_status":"closed","ping_status":"closed","template":"","meta":{"site-sidebar-layout":"default","site-content-layout":"","ast-site-content-layout":"","site-content-style":"default","site-sidebar-style":"default","ast-global-header-display":"","ast-banner-title-visibility":"","ast-main-header-display":"","ast-hfb-above-header-display":"","ast-hfb-below-header-display":"","ast-hfb-mobile-header-display":"","site-post-title":"","ast-breadcrumbs-content":"","ast-featured-img":"","footer-sml-layout":"","theme-transparent-header-meta":"","adv-header-id-meta":"","stick-header-meta":"","header-above-stick-meta":"","header-main-stick-meta":"","header-below-stick-meta":"","astra-migrate-meta-layouts":"default","ast-page-background-enabled":"default","ast-page-background-meta":{"desktop":{"background-color":"var(--ast-global-color-4)","background-image":"","background-repeat":"repeat","background-position":"center center","background-size":"auto","background-attachment":"scroll","background-type":"","background-media":"","overlay-type":"","overlay-color":"","overlay-opacity":"","overlay-gradient":""},"tablet":{"background-color":"","background-image":"","background-repeat":"repeat","background-position":"center center","background-size":"auto","background-attachment":"scroll","background-type":"","background-media":"","overlay-type":"","overlay-color":"","overlay-opacity":"","overlay-gradient":""},"mobile":{"background-color":"","background-image":"","background-repeat":"repeat","background-position":"center center","background-size":"auto","background-attachment":"scroll","background-type":"","background-media":"","overlay-type":"","overlay-color":"","overlay-opacity":"","overlay-gradient":""}},"ast-content-background-meta":{"desktop":{"background-color":"var(--ast-global-color-5)","background-image":"","background-repeat":"repeat","background-position":"center center","background-size":"auto","background-attachment":"scroll","background-type":"","background-media":"","overlay-type":"","overlay-color":"","overlay-opacity":"","overlay-gradient":""},"tablet":{"background-color":"var(--ast-global-color-5)","background-image":"","background-repeat":"repeat","background-position":"center center","background-size":"auto","background-attachment":"scroll","background-type":"","background-media":"","overlay-type":"","overlay-color":"","overlay-opacity":"","overlay-gradient":""},"mobile":{"background-color":"var(--ast-global-color-5)","background-image":"","background-repeat":"repeat","background-position":"center center","background-size":"auto","background-attachment":"scroll","background-type":"","background-media":"","overlay-type":"","overlay-color":"","overlay-opacity":"","overlay-gradient":""}},"footnotes":""},"class_list":["post-81","page","type-page","status-publish","hentry"],"_links":{"self":[{"href":"https:\/\/lihapk.com\/sv\/wp-json\/wp\/v2\/pages\/81","targetHints":{"allow":["GET"]}}],"collection":[{"href":"https:\/\/lihapk.com\/sv\/wp-json\/wp\/v2\/pages"}],"about":[{"href":"https:\/\/lihapk.com\/sv\/wp-json\/wp\/v2\/types\/page"}],"author":[{"embeddable":true,"href":"https:\/\/lihapk.com\/sv\/wp-json\/wp\/v2\/users\/1"}],"replies":[{"embeddable":true,"href":"https:\/\/lihapk.com\/sv\/wp-json\/wp\/v2\/comments?post=81"}],"version-history":[{"count":1,"href":"https:\/\/lihapk.com\/sv\/wp-json\/wp\/v2\/pages\/81\/revisions"}],"predecessor-version":[{"id":82,"href":"https:\/\/lihapk.com\/sv\/wp-json\/wp\/v2\/pages\/81\/revisions\/82"}],"wp:attachment":[{"href":"https:\/\/lihapk.com\/sv\/wp-json\/wp\/v2\/media?parent=81"}],"curies":[{"name":"wp","href":"https:\/\/api.w.org\/{rel}","templated":true}]}}