{"id":83,"date":"2025-05-26T10:04:05","date_gmt":"2025-05-26T10:04:05","guid":{"rendered":"https:\/\/lihapk.com\/?page_id=83"},"modified":"2025-05-26T10:04:07","modified_gmt":"2025-05-26T10:04:07","slug":"cookie-policy","status":"publish","type":"page","link":"https:\/\/lihapk.com\/sv\/cookie-policy\/","title":{"rendered":"Cookiepolicy"},"content":{"rendered":"<p>Denna cookiepolicy f\u00f6rklarar hur <strong>Lihapk.com<\/strong> (&#8220;<strong>vi<\/strong>&#8220;, &#8220;<strong>v\u00e5r<\/strong>&quot;, eller &quot;<strong>webbplatsen<\/strong>\u201d) anv\u00e4nder cookies och liknande sp\u00e5rningstekniker f\u00f6r att k\u00e4nna igen bes\u00f6kare, f\u00f6rst\u00e5 deras preferenser och f\u00f6rb\u00e4ttra webbupplevelsen p\u00e5 v\u00e5r plattform.<\/p>\n\n\n\n<p>Denna policy b\u00f6r l\u00e4sas tillsammans med v\u00e5r <a>Integritetspolicy<\/a>.<\/p>\n\n\n\n<hr class=\"wp-block-separator has-alpha-channel-opacity\"\/>\n\n\n\n<h3 class=\"wp-block-heading\"><strong>1. Vad \u00e4r cookies?<\/strong><\/h3>\n\n\n\n<p>Cookies \u00e4r sm\u00e5 textfiler som placeras p\u00e5 din enhet av webbplatser du bes\u00f6ker. De anv\u00e4nds ofta f\u00f6r att s\u00e4kerst\u00e4lla att webbplatser fungerar korrekt, f\u00f6rb\u00e4ttra effektiviteten, tillhandah\u00e5lla statistisk information till webbplats\u00e4gare och leverera personliga upplevelser, inklusive reklam.<\/p>\n\n\n\n<hr class=\"wp-block-separator has-alpha-channel-opacity\"\/>\n\n\n\n<h3 class=\"wp-block-heading\"><strong>2. Typer av cookies vi anv\u00e4nder<\/strong><\/h3>\n\n\n\n<p>Vi anv\u00e4nder f\u00f6ljande kategorier av cookies:<\/p>\n\n\n\n<h4 class=\"wp-block-heading\"><strong>2.1 Absolut n\u00f6dv\u00e4ndiga cookies<\/strong><\/h4>\n\n\n\n<p>Dessa cookies \u00e4r viktiga f\u00f6r att v\u00e5r webbplats ska fungera. De m\u00f6jligg\u00f6r grundl\u00e4ggande funktioner som sidnavigering, sessionshantering och s\u00e4kerhetsfunktioner.<\/p>\n\n\n\n<h4 class=\"wp-block-heading\"><strong>2.2 Prestanda- och analyscookies<\/strong><\/h4>\n\n\n\n<p>Dessa cookies l\u00e5ter oss samla in anonymiserad data om hur bes\u00f6kare interagerar med v\u00e5r webbplats. Vi anv\u00e4nder tj\u00e4nster som <strong>Google Analytics<\/strong> f\u00f6r att \u00f6vervaka trafikk\u00e4llor, avvisningsfrekvenser, tid p\u00e5 sidan och enhetstyper.<\/p>\n\n\n\n<h4 class=\"wp-block-heading\"><strong>2.3 Funktionella cookies<\/strong><\/h4>\n\n\n\n<p>Dessa cookies m\u00f6jligg\u00f6r f\u00f6rb\u00e4ttrad funktionalitet och anpassning, till exempel att komma ih\u00e5g anv\u00e4ndarinst\u00e4llningar eller tidigare bes\u00f6kta sidor.<\/p>\n\n\n\n<h4 class=\"wp-block-heading\"><strong>2.4 Annonserings- och m\u00e5lgruppscookies<\/strong><\/h4>\n\n\n\n<p>Vi samarbetar med tredjepartsannonseringsplattformar, som till exempel <strong>Google Ad Manager<\/strong>, <strong>AdSense<\/strong>och <strong>programmatiska utbyten<\/strong>, som kan st\u00e4lla in cookies f\u00f6r att leverera skr\u00e4ddarsydda annonser, begr\u00e4nsa repetitiva annonser och m\u00e4ta kampanjers effektivitet.<\/p>\n\n\n\n<p>Dessa cookies kan sp\u00e5ra ditt surfbeteende p\u00e5 olika webbplatser.<\/p>\n\n\n\n<hr class=\"wp-block-separator has-alpha-channel-opacity\"\/>\n\n\n\n<h3 class=\"wp-block-heading\"><strong>3. Tredjepartscookies<\/strong><\/h3>\n\n\n\n<p>Tredjepartscookies kan komma att placeras av dom\u00e4ner som inte drivs av oss. Dessa inkluderar:<\/p>\n\n\n\n<ul class=\"wp-block-list\">\n<li><strong>Google (DoubleClick\/AdSense\/GA4)<\/strong><\/li>\n\n\n\n<li><strong>JoinAds eller anslutna SSP:er\/DSP:er<\/strong><\/li>\n\n\n\n<li><strong>Analysplattformar och verktyg f\u00f6r samtyckeshantering<\/strong><\/li>\n<\/ul>\n\n\n\n<p>Varje tredje part ansvarar f\u00f6r sina egna cookierutiner, vilka regleras av deras respektive integritetspolicyer.<\/p>\n\n\n\n<hr class=\"wp-block-separator has-alpha-channel-opacity\"\/>\n\n\n\n<h3 class=\"wp-block-heading\"><strong>4. R\u00e4ttslig grund f\u00f6r behandling (GDPR-efterlevnad)<\/strong><\/h3>\n\n\n\n<p>Enligt den allm\u00e4nna dataskyddsf\u00f6rordningen (GDPR) behandlar vi endast icke-n\u00f6dv\u00e4ndiga cookies efter att ha inh\u00e4mtat ditt uttryckliga samtycke via en <strong>cookiebanner eller plattform f\u00f6r samtyckeshantering (CMP)<\/strong>.<\/p>\n\n\n\n<p>F\u00f6r anv\u00e4ndare i EU\/EES:<\/p>\n\n\n\n<ul class=\"wp-block-list\">\n<li>N\u00f6dv\u00e4ndiga cookies \u00e4r inst\u00e4llda som standard.<\/li>\n\n\n\n<li>Icke-n\u00f6dv\u00e4ndiga cookies (annonsering, analys) aktiveras endast efter att samtycke har l\u00e4mnats.<\/li>\n<\/ul>\n\n\n\n<hr class=\"wp-block-separator has-alpha-channel-opacity\"\/>\n\n\n\n<h3 class=\"wp-block-heading\"><strong>5. Hantera dina cookieinst\u00e4llningar<\/strong><\/h3>\n\n\n\n<p>Du kan kontrollera och hantera cookies p\u00e5 flera s\u00e4tt:<\/p>\n\n\n\n<ul class=\"wp-block-list\">\n<li><strong>Webbl\u00e4sarinst\u00e4llningar<\/strong>De flesta webbl\u00e4sare l\u00e5ter dig blockera eller ta bort cookies via inst\u00e4llningar.<\/li>\n\n\n\n<li><strong>Verktyg f\u00f6r att v\u00e4lja bort<\/strong>:\n<ul class=\"wp-block-list\">\n<li><a class=\"\" href=\"https:\/\/adssettings.google.com\">Google Ads-inst\u00e4llningar<\/a><\/li>\n\n\n\n<li><a>N\u00e4tverksreklaminitiativet (NAI)<\/a><\/li>\n\n\n\n<li><a>DinaAnnonsval<\/a><\/li>\n<\/ul>\n<\/li>\n<\/ul>\n\n\n\n<p>Observera att inaktivering av cookies kan f\u00f6rs\u00e4mra webbplatsens funktionalitet.<\/p>\n\n\n\n<hr class=\"wp-block-separator has-alpha-channel-opacity\"\/>\n\n\n\n<h3 class=\"wp-block-heading\"><strong>6. Inv\u00e5nare i Kalifornien (CCPA-meddelande)<\/strong><\/h3>\n\n\n\n<p>Om du \u00e4r bosatt i Kalifornien har du r\u00e4tt att v\u00e4lja bort f\u00f6rs\u00e4ljning av dina personuppgifter, inklusive cookies som anv\u00e4nds f\u00f6r riktad annonsering. Du kan ut\u00f6va denna r\u00e4tt genom att klicka p\u00e5 l\u00e4nken \u201dS\u00e4lj inte mina personuppgifter\u201d som finns i sidfoten p\u00e5 v\u00e5r webbplats eller genom att kontakta oss direkt.<\/p>\n\n\n\n<hr class=\"wp-block-separator has-alpha-channel-opacity\"\/>\n\n\n\n<h3 class=\"wp-block-heading\"><strong>7. Uppdateringar av denna cookiepolicy<\/strong><\/h3>\n\n\n\n<p>Vi kan komma att uppdatera denna cookiepolicy d\u00e5 och d\u00e5 f\u00f6r att \u00e5terspegla \u00e4ndringar i lag, teknik eller v\u00e5ra rutiner. Alla uppdateringar kommer att publiceras p\u00e5 denna sida med ett reviderat &quot;Senast uppdaterad&quot;-datum.<\/p>\n\n\n\n<hr class=\"wp-block-separator has-alpha-channel-opacity\"\/>\n\n\n\n<h3 class=\"wp-block-heading\"><strong>8. Kontaktinformation<\/strong><\/h3>\n\n\n\n<p>F\u00f6r eventuella fr\u00e5gor g\u00e4llande denna cookiepolicy eller v\u00e5ra databehandlingsrutiner, v\u00e4nligen kontakta oss:<\/p>\n\n\n\n<p>\ud83d\udce7 <strong>E-post<\/strong>: <a>contact@lihapk.com<\/a><br>\ud83c\udf10 <strong>Webbplats<\/strong>: <a class=\"\" href=\"https:\/\/lihapk.com\/sv\/\">https:\/\/lihapk.com<\/a><\/p>","protected":false},"excerpt":{"rendered":"<p>This Cookie Policy explains how Lihapk.com (&#8220;we&#8220;, &#8220;our&#8220;, or &#8220;the Website&#8220;) uses cookies and similar tracking technologies to recognize visitors, [&hellip;]<\/p>\n","protected":false},"author":1,"featured_media":0,"parent":0,"menu_order":0,"comment_status":"closed","ping_status":"closed","template":"","meta":{"site-sidebar-layout":"default","site-content-layout":"","ast-site-content-layout":"","site-content-style":"default","site-sidebar-style":"default","ast-global-header-display":"","ast-banner-title-visibility":"","ast-main-header-display":"","ast-hfb-above-header-display":"","ast-hfb-below-header-display":"","ast-hfb-mobile-header-display":"","site-post-title":"","ast-breadcrumbs-content":"","ast-featured-img":"","footer-sml-layout":"","theme-transparent-header-meta":"","adv-header-id-meta":"","stick-header-meta":"","header-above-stick-meta":"","header-main-stick-meta":"","header-below-stick-meta":"","astra-migrate-meta-layouts":"default","ast-page-background-enabled":"default","ast-page-background-meta":{"desktop":{"background-color":"var(--ast-global-color-4)","background-image":"","background-repeat":"repeat","background-position":"center center","background-size":"auto","background-attachment":"scroll","background-type":"","background-media":"","overlay-type":"","overlay-color":"","overlay-opacity":"","overlay-gradient":""},"tablet":{"background-color":"","background-image":"","background-repeat":"repeat","background-position":"center center","background-size":"auto","background-attachment":"scroll","background-type":"","background-media":"","overlay-type":"","overlay-color":"","overlay-opacity":"","overlay-gradient":""},"mobile":{"background-color":"","background-image":"","background-repeat":"repeat","background-position":"center center","background-size":"auto","background-attachment":"scroll","background-type":"","background-media":"","overlay-type":"","overlay-color":"","overlay-opacity":"","overlay-gradient":""}},"ast-content-background-meta":{"desktop":{"background-color":"var(--ast-global-color-5)","background-image":"","background-repeat":"repeat","background-position":"center center","background-size":"auto","background-attachment":"scroll","background-type":"","background-media":"","overlay-type":"","overlay-color":"","overlay-opacity":"","overlay-gradient":""},"tablet":{"background-color":"var(--ast-global-color-5)","background-image":"","background-repeat":"repeat","background-position":"center center","background-size":"auto","background-attachment":"scroll","background-type":"","background-media":"","overlay-type":"","overlay-color":"","overlay-opacity":"","overlay-gradient":""},"mobile":{"background-color":"var(--ast-global-color-5)","background-image":"","background-repeat":"repeat","background-position":"center center","background-size":"auto","background-attachment":"scroll","background-type":"","background-media":"","overlay-type":"","overlay-color":"","overlay-opacity":"","overlay-gradient":""}},"footnotes":""},"class_list":["post-83","page","type-page","status-publish","hentry"],"_links":{"self":[{"href":"https:\/\/lihapk.com\/sv\/wp-json\/wp\/v2\/pages\/83","targetHints":{"allow":["GET"]}}],"collection":[{"href":"https:\/\/lihapk.com\/sv\/wp-json\/wp\/v2\/pages"}],"about":[{"href":"https:\/\/lihapk.com\/sv\/wp-json\/wp\/v2\/types\/page"}],"author":[{"embeddable":true,"href":"https:\/\/lihapk.com\/sv\/wp-json\/wp\/v2\/users\/1"}],"replies":[{"embeddable":true,"href":"https:\/\/lihapk.com\/sv\/wp-json\/wp\/v2\/comments?post=83"}],"version-history":[{"count":1,"href":"https:\/\/lihapk.com\/sv\/wp-json\/wp\/v2\/pages\/83\/revisions"}],"predecessor-version":[{"id":84,"href":"https:\/\/lihapk.com\/sv\/wp-json\/wp\/v2\/pages\/83\/revisions\/84"}],"wp:attachment":[{"href":"https:\/\/lihapk.com\/sv\/wp-json\/wp\/v2\/media?parent=83"}],"curies":[{"name":"wp","href":"https:\/\/api.w.org\/{rel}","templated":true}]}}